{"id":993,"date":"2024-09-27T12:38:57","date_gmt":"2024-09-27T10:38:57","guid":{"rendered":"https:\/\/ebabeauty-marbella.es\/radiofrecuencia-facial\/"},"modified":"2025-11-25T16:05:56","modified_gmt":"2025-11-25T15:05:56","slug":"facial-radiofrequency","status":"publish","type":"page","link":"https:\/\/ebabeauty-marbella.es\/en\/facial-radiofrequency\/","title":{"rendered":"Facial Radiofrequency"},"content":{"rendered":"\t\t<div data-elementor-type=\"wp-page\" data-elementor-id=\"993\" class=\"elementor elementor-993 elementor-692\" data-elementor-post-type=\"page\">\n\t\t\t\t<div class=\"elementor-element elementor-element-546f7237 e-flex e-con-boxed e-con e-parent\" data-id=\"546f7237\" data-element_type=\"container\" data-e-type=\"container\" data-settings=\"{&quot;background_background&quot;:&quot;classic&quot;}\">\n\t\t\t\t\t<div class=\"e-con-inner\">\n\t\t<div class=\"elementor-element elementor-element-34c34aad e-con-full e-flex e-con e-child\" data-id=\"34c34aad\" data-element_type=\"container\" data-e-type=\"container\">\n\t\t\t\t<div class=\"elementor-element elementor-element-6d1dd152 elementor-widget elementor-widget-heading\" data-id=\"6d1dd152\" data-element_type=\"widget\" data-e-type=\"widget\" data-widget_type=\"heading.default\">\n\t\t\t\t<div class=\"elementor-widget-container\">\n\t\t\t\t\t<h1 class=\"elementor-heading-title elementor-size-default\">Facial Radiofrequency Treatment, Puerto Ban\u00fas, Marbella\n<\/h1>\t\t\t\t<\/div>\n\t\t\t\t<\/div>\n\t\t\t\t<\/div>\n\t\t\t\t\t<\/div>\n\t\t\t\t<\/div>\n\t\t<div class=\"elementor-element elementor-element-1d40338e e-flex e-con-boxed e-con e-parent\" data-id=\"1d40338e\" data-element_type=\"container\" data-e-type=\"container\" data-settings=\"{&quot;background_background&quot;:&quot;classic&quot;}\">\n\t\t\t\t\t<div class=\"e-con-inner\">\n\t\t<div class=\"elementor-element elementor-element-2db627c3 e-con-full e-flex e-con e-child\" data-id=\"2db627c3\" data-element_type=\"container\" data-e-type=\"container\">\n\t\t\t\t<div class=\"elementor-element elementor-element-76035d53 elementor-widget elementor-widget-image\" data-id=\"76035d53\" data-element_type=\"widget\" data-e-type=\"widget\" data-widget_type=\"image.default\">\n\t\t\t\t<div class=\"elementor-widget-container\">\n\t\t\t\t\t\t\t\t\t\t\t\t\t\t\t<img fetchpriority=\"high\" decoding=\"async\" width=\"1024\" height=\"683\" src=\"https:\/\/ebabeauty-marbella.es\/wp-content\/uploads\/2025\/11\/IMG_0620-1024x683.jpeg\" class=\"attachment-large size-large wp-image-3538\" alt=\"\" srcset=\"https:\/\/ebabeauty-marbella.es\/wp-content\/uploads\/2025\/11\/IMG_0620-1024x683.jpeg 1024w, https:\/\/ebabeauty-marbella.es\/wp-content\/uploads\/2025\/11\/IMG_0620-300x200.jpeg 300w, https:\/\/ebabeauty-marbella.es\/wp-content\/uploads\/2025\/11\/IMG_0620-768x512.jpeg 768w, https:\/\/ebabeauty-marbella.es\/wp-content\/uploads\/2025\/11\/IMG_0620-1536x1024.jpeg 1536w, https:\/\/ebabeauty-marbella.es\/wp-content\/uploads\/2025\/11\/IMG_0620-2048x1365.jpeg 2048w\" sizes=\"(max-width: 1024px) 100vw, 1024px\" \/>\t\t\t\t\t\t\t\t\t\t\t\t\t\t\t<\/div>\n\t\t\t\t<\/div>\n\t\t\t\t<\/div>\n\t\t<div class=\"elementor-element elementor-element-19a959a5 e-con-full e-flex e-con e-child\" data-id=\"19a959a5\" data-element_type=\"container\" data-e-type=\"container\">\n\t\t\t\t<div class=\"elementor-element elementor-element-64c29fff elementor-headline--style-highlight elementor-widget elementor-widget-animated-headline\" data-id=\"64c29fff\" data-element_type=\"widget\" data-e-type=\"widget\" data-settings=\"{&quot;highlighted_text&quot;:&quot;30\\u201340 mins. per area&quot;,&quot;headline_style&quot;:&quot;highlight&quot;,&quot;marker&quot;:&quot;circle&quot;,&quot;loop&quot;:&quot;yes&quot;,&quot;highlight_animation_duration&quot;:1200,&quot;highlight_iteration_delay&quot;:8000}\" data-widget_type=\"animated-headline.default\">\n\t\t\t\t<div class=\"elementor-widget-container\">\n\t\t\t\t\t\t\t<p class=\"elementor-headline\">\n\t\t\t\t\t<span class=\"elementor-headline-plain-text elementor-headline-text-wrapper\">Duration<\/span>\n\t\t\t\t<span class=\"elementor-headline-dynamic-wrapper elementor-headline-text-wrapper\">\n\t\t\t\t\t<span class=\"elementor-headline-dynamic-text elementor-headline-text-active\">30\u201340 mins. per area<\/span>\n\t\t\t\t<\/span>\n\t\t\t\t<\/p>\n\t\t\t\t\t\t<\/div>\n\t\t\t\t<\/div>\n\t\t\t\t<div class=\"elementor-element elementor-element-16b3c470 elementor-widget elementor-widget-heading\" data-id=\"16b3c470\" data-element_type=\"widget\" data-e-type=\"widget\" data-widget_type=\"heading.default\">\n\t\t\t\t<div class=\"elementor-widget-container\">\n\t\t\t\t\t<h2 class=\"elementor-heading-title elementor-size-default\">What is Facial Radiofrequency Treatment?<\/h2>\t\t\t\t<\/div>\n\t\t\t\t<\/div>\n\t\t\t\t<div class=\"elementor-element elementor-element-30a9a4a4 elementor-widget elementor-widget-text-editor\" data-id=\"30a9a4a4\" data-element_type=\"widget\" data-e-type=\"widget\" data-widget_type=\"text-editor.default\">\n\t\t\t\t<div class=\"elementor-widget-container\">\n\t\t\t\t\t\t\t\t\t<p><strong>Radiofrequency<\/strong>\u00a0uses radio waves that penetrate the subcutaneous tissue, reaching the deep dermis and extending to the hypodermis, where the fat cells are located.<\/p><p>The radio waves generate extremely high temperatures, up to 65 degrees Celsius, targeting the fat cells, specifically those that have increased in volume. This process melts the fat cells, reducing them to the same size as the normal cells. As a result, it leads to tissue smoothing, the elimination of the \u201corange peel\u201d appearance, and a reduction in circumference.<\/p><p>The treatment also stimulates the creation of a new endogenous collagen network, resulting in the formation of new fibers. On the face, this effect restores volume and helps reduce the appearance of wrinkles.<\/p><p><strong>Radiofrequency treatment<\/strong>\u00a0provides immediate results, visible from the very first session! It is a revolutionary treatment that is painless and comfortable, with no required recovery period!<\/p><p>It is a powerful anti-cellulite treatment that reshapes the body and restores the skin\u2019s appearance!<\/p>\t\t\t\t\t\t\t\t<\/div>\n\t\t\t\t<\/div>\n\t\t\t\t<div class=\"elementor-element elementor-element-6b5de67 elementor-widget elementor-widget-heading\" data-id=\"6b5de67\" data-element_type=\"widget\" data-e-type=\"widget\" data-widget_type=\"heading.default\">\n\t\t\t\t<div class=\"elementor-widget-container\">\n\t\t\t\t\t<h2 class=\"elementor-heading-title elementor-size-default\">Benefits<\/h2>\t\t\t\t<\/div>\n\t\t\t\t<\/div>\n\t\t\t\t<div class=\"elementor-element elementor-element-74ce1806 elementor-widget elementor-widget-text-editor\" data-id=\"74ce1806\" data-element_type=\"widget\" data-e-type=\"widget\" data-widget_type=\"text-editor.default\">\n\t\t\t\t<div class=\"elementor-widget-container\">\n\t\t\t\t\t\t\t\t\t<ul><li><span style=\"font-size: 12pt;\">Facial weight loss<\/span><\/li><li><span style=\"font-size: 12pt;\">Facial lifting<\/span><\/li><li><span style=\"font-size: 12pt;\">Eliminate double chin<\/span><\/li><li><span style=\"font-size: 12pt;\">Volumetry at face level<\/span><\/li><li><span style=\"font-size: 12pt;\">Wrinkle removal<\/span><\/li><\/ul>\t\t\t\t\t\t\t\t<\/div>\n\t\t\t\t<\/div>\n\t\t\t\t<\/div>\n\t\t\t\t\t<\/div>\n\t\t\t\t<\/div>\n\t\t<div class=\"elementor-element elementor-element-4037b802 e-flex e-con-boxed e-con e-parent\" data-id=\"4037b802\" data-element_type=\"container\" data-e-type=\"container\" data-settings=\"{&quot;background_background&quot;:&quot;classic&quot;}\">\n\t\t\t\t\t<div class=\"e-con-inner\">\n\t\t<div class=\"elementor-element elementor-element-497b56b3 e-con-full e-flex e-con e-child\" data-id=\"497b56b3\" data-element_type=\"container\" data-e-type=\"container\" data-settings=\"{&quot;background_background&quot;:&quot;classic&quot;}\">\n\t\t\t\t<div class=\"elementor-element elementor-element-99bc436 elementor-widget elementor-widget-heading\" data-id=\"99bc436\" data-element_type=\"widget\" data-e-type=\"widget\" data-widget_type=\"heading.default\">\n\t\t\t\t<div class=\"elementor-widget-container\">\n\t\t\t\t\t<h1 class=\"elementor-heading-title elementor-size-default\">NUESTROS PRECIOS<\/h1>\t\t\t\t<\/div>\n\t\t\t\t<\/div>\n\t\t\t\t<div class=\"elementor-element elementor-element-af33b9a elementor-widget-tablet__width-inherit elementor-widget-mobile__width-inherit elementor-widget elementor-widget-text-editor\" data-id=\"af33b9a\" data-element_type=\"widget\" data-e-type=\"widget\" data-widget_type=\"text-editor.default\">\n\t\t\t\t<div class=\"elementor-widget-container\">\n\t\t\t\t\t\t\t\t\t<p>Consulta aqu\u00ed todos nuestros tratamientos faciales y corporales, con descripciones completas en espa\u00f1ol.<\/p>\t\t\t\t\t\t\t\t<\/div>\n\t\t\t\t<\/div>\n\t\t\t\t<div class=\"elementor-element elementor-element-51ac7fdf elementor-widget elementor-widget-eael-creative-button\" data-id=\"51ac7fdf\" data-element_type=\"widget\" data-e-type=\"widget\" data-widget_type=\"eael-creative-button.default\">\n\t\t\t\t<div class=\"elementor-widget-container\">\n\t\t\t\t\t        <div class=\"eael-creative-button-wrapper\">\n\n            <a class=\"eael-creative-button eael-creative-button--default eael-cb-icon-position-\" href=\"https:\/\/drive.google.com\/file\/d\/1qvdYEg1_oRidfXoLaoZMZqZ8m32pdfkw\/view\" data-text=\"Go!\">\n            \t    \n                <div class=\"creative-button-inner\">\n\n                    \n                    <span class=\"cretive-button-text\">CONOCE NUESTROS PRECIOS<\/span>\n\n                                    <\/div>\n\t                        <\/a>\n        <\/div>\n        \t\t\t\t<\/div>\n\t\t\t\t<\/div>\n\t\t\t\t<\/div>\n\t\t<div class=\"elementor-element elementor-element-44b4e22f e-con-full e-flex e-con e-child\" data-id=\"44b4e22f\" data-element_type=\"container\" data-e-type=\"container\" data-settings=\"{&quot;background_background&quot;:&quot;classic&quot;}\">\n\t\t\t\t<div class=\"elementor-element elementor-element-4d529f24 elementor-widget elementor-widget-heading\" data-id=\"4d529f24\" data-element_type=\"widget\" data-e-type=\"widget\" data-widget_type=\"heading.default\">\n\t\t\t\t<div class=\"elementor-widget-container\">\n\t\t\t\t\t<h1 class=\"elementor-heading-title elementor-size-default\">OUR PRICES<\/h1>\t\t\t\t<\/div>\n\t\t\t\t<\/div>\n\t\t\t\t<div class=\"elementor-element elementor-element-472affa4 elementor-widget-tablet__width-inherit elementor-widget-mobile__width-inherit elementor-widget elementor-widget-text-editor\" data-id=\"472affa4\" data-element_type=\"widget\" data-e-type=\"widget\" data-widget_type=\"text-editor.default\">\n\t\t\t\t<div class=\"elementor-widget-container\">\n\t\t\t\t\t\t\t\t\t<p>View all our facial and body treatments with full descriptions in English.<\/p>\t\t\t\t\t\t\t\t<\/div>\n\t\t\t\t<\/div>\n\t\t\t\t<div class=\"elementor-element elementor-element-208fe37c elementor-widget elementor-widget-eael-creative-button\" data-id=\"208fe37c\" data-element_type=\"widget\" data-e-type=\"widget\" data-widget_type=\"eael-creative-button.default\">\n\t\t\t\t<div class=\"elementor-widget-container\">\n\t\t\t\t\t        <div class=\"eael-creative-button-wrapper\">\n\n            <a class=\"eael-creative-button eael-creative-button--default eael-cb-icon-position-\" href=\"https:\/\/drive.google.com\/file\/d\/1Ez8UV6GwjIoLLSsFpS1G-8OagfSUippi\/view?usp=sharing\" data-text=\"Go!\">\n            \t    \n                <div class=\"creative-button-inner\">\n\n                    \n                    <span class=\"cretive-button-text\">CHECK OUT OUR PRICES<\/span>\n\n                                    <\/div>\n\t                        <\/a>\n        <\/div>\n        \t\t\t\t<\/div>\n\t\t\t\t<\/div>\n\t\t\t\t<\/div>\n\t\t\t\t\t<\/div>\n\t\t\t\t<\/div>\n\t\t\t\t<\/div>\n\t\t","protected":false},"excerpt":{"rendered":"<p>Facial Radiofrequency Treatment, Puerto Ban\u00fas, Marbella Duration 30\u201340 mins. per area What is Facial Radiofrequency Treatment? Radiofrequency\u00a0uses radio waves that [&hellip;]<\/p>\n","protected":false},"author":3,"featured_media":0,"parent":0,"menu_order":0,"comment_status":"closed","ping_status":"closed","template":"","meta":{"site-sidebar-layout":"default","site-content-layout":"","ast-site-content-layout":"default","site-content-style":"default","site-sidebar-style":"default","ast-global-header-display":"","ast-banner-title-visibility":"","ast-main-header-display":"","ast-hfb-above-header-display":"","ast-hfb-below-header-display":"","ast-hfb-mobile-header-display":"","site-post-title":"disabled","ast-breadcrumbs-content":"","ast-featured-img":"","footer-sml-layout":"","ast-disable-related-posts":"","theme-transparent-header-meta":"","adv-header-id-meta":"","stick-header-meta":"","header-above-stick-meta":"","header-main-stick-meta":"","header-below-stick-meta":"","astra-migrate-meta-layouts":"default","ast-page-background-enabled":"default","ast-page-background-meta":{"desktop":{"background-color":"var(--ast-global-color-5)","background-image":"","background-repeat":"repeat","background-position":"center center","background-size":"auto","background-attachment":"scroll","background-type":"","background-media":"","overlay-type":"","overlay-color":"","overlay-opacity":"","overlay-gradient":""},"tablet":{"background-color":"","background-image":"","background-repeat":"repeat","background-position":"center center","background-size":"auto","background-attachment":"scroll","background-type":"","background-media":"","overlay-type":"","overlay-color":"","overlay-opacity":"","overlay-gradient":""},"mobile":{"background-color":"","background-image":"","background-repeat":"repeat","background-position":"center center","background-size":"auto","background-attachment":"scroll","background-type":"","background-media":"","overlay-type":"","overlay-color":"","overlay-opacity":"","overlay-gradient":""}},"ast-content-background-meta":{"desktop":{"background-color":"var(--ast-global-color-4)","background-image":"","background-repeat":"repeat","background-position":"center center","background-size":"auto","background-attachment":"scroll","background-type":"","background-media":"","overlay-type":"","overlay-color":"","overlay-opacity":"","overlay-gradient":""},"tablet":{"background-color":"var(--ast-global-color-4)","background-image":"","background-repeat":"repeat","background-position":"center center","background-size":"auto","background-attachment":"scroll","background-type":"","background-media":"","overlay-type":"","overlay-color":"","overlay-opacity":"","overlay-gradient":""},"mobile":{"background-color":"var(--ast-global-color-4)","background-image":"","background-repeat":"repeat","background-position":"center center","background-size":"auto","background-attachment":"scroll","background-type":"","background-media":"","overlay-type":"","overlay-color":"","overlay-opacity":"","overlay-gradient":""}},"_joinchat":[],"footnotes":""},"class_list":["post-993","page","type-page","status-publish","hentry"],"yoast_head":"<!-- This site is optimized with the Yoast SEO plugin v27.4 - https:\/\/yoast.com\/product\/yoast-seo-wordpress\/ -->\n<title>Facial Radiofrequency in Puerto Ban\u00fas, Marbella | Eba Beauty<\/title>\n<meta name=\"description\" content=\"Facial radiofrequency provides immediate results, visible from the very first session. A revolutionary treatment, without pain or discomfort!\" \/>\n<meta name=\"robots\" content=\"index, follow, max-snippet:-1, max-image-preview:large, max-video-preview:-1\" \/>\n<link rel=\"canonical\" href=\"https:\/\/ebabeauty-marbella.es\/radiofrecuencia-facial-puerto-banus\/\" \/>\n<meta property=\"og:locale\" content=\"en_US\" \/>\n<meta property=\"og:type\" content=\"article\" \/>\n<meta property=\"og:title\" content=\"Facial Radiofrequency in Puerto Ban\u00fas, Marbella | Eba Beauty\" \/>\n<meta property=\"og:description\" content=\"Facial radiofrequency provides immediate results, visible from the very first session. A revolutionary treatment, without pain or discomfort!\" \/>\n<meta property=\"og:url\" content=\"https:\/\/ebabeauty-marbella.es\/radiofrecuencia-facial-puerto-banus\/\" \/>\n<meta property=\"og:site_name\" content=\"Centro de Est\u00e9tica Eba Beauty\" \/>\n<meta property=\"article:publisher\" content=\"https:\/\/www.facebook.com\/ebabeauty.marbella\" \/>\n<meta property=\"article:modified_time\" content=\"2025-11-25T15:05:56+00:00\" \/>\n<meta property=\"og:image\" content=\"https:\/\/ebabeauty-marbella.es\/wp-content\/uploads\/2025\/11\/IMG_0620-scaled.jpeg\" \/>\n\t<meta property=\"og:image:width\" content=\"2560\" \/>\n\t<meta property=\"og:image:height\" content=\"1707\" \/>\n\t<meta property=\"og:image:type\" content=\"image\/jpeg\" \/>\n<meta name=\"twitter:card\" content=\"summary_large_image\" \/>\n<meta name=\"twitter:label1\" content=\"Est. reading time\" \/>\n\t<meta name=\"twitter:data1\" content=\"2 minutes\" \/>\n<script type=\"application\/ld+json\" class=\"yoast-schema-graph\">{\"@context\":\"https:\\\/\\\/schema.org\",\"@graph\":[{\"@type\":\"WebPage\",\"@id\":\"https:\\\/\\\/ebabeauty-marbella.es\\\/radiofrecuencia-facial-puerto-banus\\\/\",\"url\":\"https:\\\/\\\/ebabeauty-marbella.es\\\/radiofrecuencia-facial-puerto-banus\\\/\",\"name\":\"Facial Radiofrequency in Puerto Ban\u00fas, Marbella | Eba Beauty\",\"isPartOf\":{\"@id\":\"https:\\\/\\\/ebabeauty-marbella.es\\\/#website\"},\"primaryImageOfPage\":{\"@id\":\"https:\\\/\\\/ebabeauty-marbella.es\\\/radiofrecuencia-facial-puerto-banus\\\/#primaryimage\"},\"image\":{\"@id\":\"https:\\\/\\\/ebabeauty-marbella.es\\\/radiofrecuencia-facial-puerto-banus\\\/#primaryimage\"},\"thumbnailUrl\":\"https:\\\/\\\/ebabeauty-marbella.es\\\/wp-content\\\/uploads\\\/2025\\\/11\\\/IMG_0620-1024x683.jpeg\",\"datePublished\":\"2024-09-27T10:38:57+00:00\",\"dateModified\":\"2025-11-25T15:05:56+00:00\",\"description\":\"Facial radiofrequency provides immediate results, visible from the very first session. A revolutionary treatment, without pain or discomfort!\",\"breadcrumb\":{\"@id\":\"https:\\\/\\\/ebabeauty-marbella.es\\\/radiofrecuencia-facial-puerto-banus\\\/#breadcrumb\"},\"inLanguage\":\"en-US\",\"potentialAction\":[{\"@type\":\"ReadAction\",\"target\":[\"https:\\\/\\\/ebabeauty-marbella.es\\\/radiofrecuencia-facial-puerto-banus\\\/\"]}]},{\"@type\":\"ImageObject\",\"inLanguage\":\"en-US\",\"@id\":\"https:\\\/\\\/ebabeauty-marbella.es\\\/radiofrecuencia-facial-puerto-banus\\\/#primaryimage\",\"url\":\"https:\\\/\\\/ebabeauty-marbella.es\\\/wp-content\\\/uploads\\\/2025\\\/11\\\/IMG_0620-1024x683.jpeg\",\"contentUrl\":\"https:\\\/\\\/ebabeauty-marbella.es\\\/wp-content\\\/uploads\\\/2025\\\/11\\\/IMG_0620-1024x683.jpeg\"},{\"@type\":\"BreadcrumbList\",\"@id\":\"https:\\\/\\\/ebabeauty-marbella.es\\\/radiofrecuencia-facial-puerto-banus\\\/#breadcrumb\",\"itemListElement\":[{\"@type\":\"ListItem\",\"position\":1,\"name\":\"Portada\",\"item\":\"https:\\\/\\\/ebabeauty-marbella.es\\\/\"},{\"@type\":\"ListItem\",\"position\":2,\"name\":\"Facial Radiofrequency\"}]},{\"@type\":\"WebSite\",\"@id\":\"https:\\\/\\\/ebabeauty-marbella.es\\\/#website\",\"url\":\"https:\\\/\\\/ebabeauty-marbella.es\\\/\",\"name\":\"Centro de Est\u00e9tica Eba Beauty en Puerto Ban\u00fas\",\"description\":\"Centro de Est\u00e9tica en Puerto Ban\u00fas, Marbella\",\"publisher\":{\"@id\":\"https:\\\/\\\/ebabeauty-marbella.es\\\/#\\\/schema\\\/person\\\/785ea009c95ea9dd674d2352df8cde55\"},\"alternateName\":\"Centro de Est\u00e9tica EBA BEAUTY de Elena Badini\",\"potentialAction\":[{\"@type\":\"SearchAction\",\"target\":{\"@type\":\"EntryPoint\",\"urlTemplate\":\"https:\\\/\\\/ebabeauty-marbella.es\\\/?s={search_term_string}\"},\"query-input\":{\"@type\":\"PropertyValueSpecification\",\"valueRequired\":true,\"valueName\":\"search_term_string\"}}],\"inLanguage\":\"en-US\"},{\"@type\":[\"Person\",\"Organization\"],\"@id\":\"https:\\\/\\\/ebabeauty-marbella.es\\\/#\\\/schema\\\/person\\\/785ea009c95ea9dd674d2352df8cde55\",\"name\":\"Elena Badini\",\"image\":{\"@type\":\"ImageObject\",\"inLanguage\":\"en-US\",\"@id\":\"https:\\\/\\\/ebabeauty-marbella.es\\\/wp-content\\\/uploads\\\/2024\\\/06\\\/logo-ebabeauty.webp\",\"url\":\"https:\\\/\\\/ebabeauty-marbella.es\\\/wp-content\\\/uploads\\\/2024\\\/06\\\/logo-ebabeauty.webp\",\"contentUrl\":\"https:\\\/\\\/ebabeauty-marbella.es\\\/wp-content\\\/uploads\\\/2024\\\/06\\\/logo-ebabeauty.webp\",\"width\":600,\"height\":329,\"caption\":\"Elena Badini\"},\"logo\":{\"@id\":\"https:\\\/\\\/ebabeauty-marbella.es\\\/wp-content\\\/uploads\\\/2024\\\/06\\\/logo-ebabeauty.webp\"},\"sameAs\":[\"https:\\\/\\\/pruebas2.mironeros.es\",\"https:\\\/\\\/www.facebook.com\\\/ebabeauty.marbella\",\"https:\\\/\\\/www.instagram.com\\\/eba_beauty_marbella\\\/\"]}]}<\/script>\n<!-- \/ Yoast SEO plugin. -->","yoast_head_json":{"title":"Facial Radiofrequency in Puerto Ban\u00fas, Marbella | Eba Beauty","description":"Facial radiofrequency provides immediate results, visible from the very first session. A revolutionary treatment, without pain or discomfort!","robots":{"index":"index","follow":"follow","max-snippet":"max-snippet:-1","max-image-preview":"max-image-preview:large","max-video-preview":"max-video-preview:-1"},"canonical":"https:\/\/ebabeauty-marbella.es\/radiofrecuencia-facial-puerto-banus\/","og_locale":"en_US","og_type":"article","og_title":"Facial Radiofrequency in Puerto Ban\u00fas, Marbella | Eba Beauty","og_description":"Facial radiofrequency provides immediate results, visible from the very first session. A revolutionary treatment, without pain or discomfort!","og_url":"https:\/\/ebabeauty-marbella.es\/radiofrecuencia-facial-puerto-banus\/","og_site_name":"Centro de Est\u00e9tica Eba Beauty","article_publisher":"https:\/\/www.facebook.com\/ebabeauty.marbella","article_modified_time":"2025-11-25T15:05:56+00:00","og_image":[{"width":2560,"height":1707,"url":"https:\/\/ebabeauty-marbella.es\/wp-content\/uploads\/2025\/11\/IMG_0620-scaled.jpeg","type":"image\/jpeg"}],"twitter_card":"summary_large_image","twitter_misc":{"Est. reading time":"2 minutes"},"schema":{"@context":"https:\/\/schema.org","@graph":[{"@type":"WebPage","@id":"https:\/\/ebabeauty-marbella.es\/radiofrecuencia-facial-puerto-banus\/","url":"https:\/\/ebabeauty-marbella.es\/radiofrecuencia-facial-puerto-banus\/","name":"Facial Radiofrequency in Puerto Ban\u00fas, Marbella | Eba Beauty","isPartOf":{"@id":"https:\/\/ebabeauty-marbella.es\/#website"},"primaryImageOfPage":{"@id":"https:\/\/ebabeauty-marbella.es\/radiofrecuencia-facial-puerto-banus\/#primaryimage"},"image":{"@id":"https:\/\/ebabeauty-marbella.es\/radiofrecuencia-facial-puerto-banus\/#primaryimage"},"thumbnailUrl":"https:\/\/ebabeauty-marbella.es\/wp-content\/uploads\/2025\/11\/IMG_0620-1024x683.jpeg","datePublished":"2024-09-27T10:38:57+00:00","dateModified":"2025-11-25T15:05:56+00:00","description":"Facial radiofrequency provides immediate results, visible from the very first session. A revolutionary treatment, without pain or discomfort!","breadcrumb":{"@id":"https:\/\/ebabeauty-marbella.es\/radiofrecuencia-facial-puerto-banus\/#breadcrumb"},"inLanguage":"en-US","potentialAction":[{"@type":"ReadAction","target":["https:\/\/ebabeauty-marbella.es\/radiofrecuencia-facial-puerto-banus\/"]}]},{"@type":"ImageObject","inLanguage":"en-US","@id":"https:\/\/ebabeauty-marbella.es\/radiofrecuencia-facial-puerto-banus\/#primaryimage","url":"https:\/\/ebabeauty-marbella.es\/wp-content\/uploads\/2025\/11\/IMG_0620-1024x683.jpeg","contentUrl":"https:\/\/ebabeauty-marbella.es\/wp-content\/uploads\/2025\/11\/IMG_0620-1024x683.jpeg"},{"@type":"BreadcrumbList","@id":"https:\/\/ebabeauty-marbella.es\/radiofrecuencia-facial-puerto-banus\/#breadcrumb","itemListElement":[{"@type":"ListItem","position":1,"name":"Portada","item":"https:\/\/ebabeauty-marbella.es\/"},{"@type":"ListItem","position":2,"name":"Facial Radiofrequency"}]},{"@type":"WebSite","@id":"https:\/\/ebabeauty-marbella.es\/#website","url":"https:\/\/ebabeauty-marbella.es\/","name":"Centro de Est\u00e9tica Eba Beauty en Puerto Ban\u00fas","description":"Centro de Est\u00e9tica en Puerto Ban\u00fas, Marbella","publisher":{"@id":"https:\/\/ebabeauty-marbella.es\/#\/schema\/person\/785ea009c95ea9dd674d2352df8cde55"},"alternateName":"Centro de Est\u00e9tica EBA BEAUTY de Elena Badini","potentialAction":[{"@type":"SearchAction","target":{"@type":"EntryPoint","urlTemplate":"https:\/\/ebabeauty-marbella.es\/?s={search_term_string}"},"query-input":{"@type":"PropertyValueSpecification","valueRequired":true,"valueName":"search_term_string"}}],"inLanguage":"en-US"},{"@type":["Person","Organization"],"@id":"https:\/\/ebabeauty-marbella.es\/#\/schema\/person\/785ea009c95ea9dd674d2352df8cde55","name":"Elena Badini","image":{"@type":"ImageObject","inLanguage":"en-US","@id":"https:\/\/ebabeauty-marbella.es\/wp-content\/uploads\/2024\/06\/logo-ebabeauty.webp","url":"https:\/\/ebabeauty-marbella.es\/wp-content\/uploads\/2024\/06\/logo-ebabeauty.webp","contentUrl":"https:\/\/ebabeauty-marbella.es\/wp-content\/uploads\/2024\/06\/logo-ebabeauty.webp","width":600,"height":329,"caption":"Elena Badini"},"logo":{"@id":"https:\/\/ebabeauty-marbella.es\/wp-content\/uploads\/2024\/06\/logo-ebabeauty.webp"},"sameAs":["https:\/\/pruebas2.mironeros.es","https:\/\/www.facebook.com\/ebabeauty.marbella","https:\/\/www.instagram.com\/eba_beauty_marbella\/"]}]}},"_links":{"self":[{"href":"https:\/\/ebabeauty-marbella.es\/en\/wp-json\/wp\/v2\/pages\/993","targetHints":{"allow":["GET"]}}],"collection":[{"href":"https:\/\/ebabeauty-marbella.es\/en\/wp-json\/wp\/v2\/pages"}],"about":[{"href":"https:\/\/ebabeauty-marbella.es\/en\/wp-json\/wp\/v2\/types\/page"}],"author":[{"embeddable":true,"href":"https:\/\/ebabeauty-marbella.es\/en\/wp-json\/wp\/v2\/users\/3"}],"replies":[{"embeddable":true,"href":"https:\/\/ebabeauty-marbella.es\/en\/wp-json\/wp\/v2\/comments?post=993"}],"version-history":[{"count":11,"href":"https:\/\/ebabeauty-marbella.es\/en\/wp-json\/wp\/v2\/pages\/993\/revisions"}],"predecessor-version":[{"id":4139,"href":"https:\/\/ebabeauty-marbella.es\/en\/wp-json\/wp\/v2\/pages\/993\/revisions\/4139"}],"wp:attachment":[{"href":"https:\/\/ebabeauty-marbella.es\/en\/wp-json\/wp\/v2\/media?parent=993"}],"curies":[{"name":"wp","href":"https:\/\/api.w.org\/{rel}","templated":true}]}}