{"id":546,"date":"2024-06-17T05:43:39","date_gmt":"2024-06-17T03:43:39","guid":{"rendered":"https:\/\/ebabeauty-marbella.es\/quote\/"},"modified":"2024-06-25T10:56:37","modified_gmt":"2024-06-25T10:56:37","slug":"appointment","status":"publish","type":"page","link":"https:\/\/ebabeauty-marbella.es\/en\/appointment\/","title":{"rendered":"Appointment"},"content":{"rendered":"<p>[tdc_zone type=&#8221;tdc_content&#8221;][vc_row full_width=&#8221;stretch_row_1400 td-stretch-content&#8221;][vc_column][tdb_breadcrumbs tdicon=&#8221;td-icon-right&#8221; show_home=&#8221;yes&#8221; tdc_css=&#8221;eyJhbGwiOnsibWFyZ2luLXRvcCI6IjMwIiwiZGlzcGxheSI6IiJ9fQ==&#8221; f_text_font_family=&#8221;394&#8243;][\/vc_column][\/vc_row][vc_row full_width=&#8221;stretch_row_1400 td-stretch-content&#8221;][vc_column][tdm_block_column_title_simplified title_text=&#8221;TUFLRSUyMEFOJTIwQVBQT0lOVE1FTlQ=&#8221; title_tag=&#8221;h1&#8243; title_size=&#8221;tdm-title-md&#8221; tds_title_simplified_1-f_title_font_family=&#8221;394&#8243; tdc_css=&#8221;eyJhbGwiOnsibWFyZ2luLWJvdHRvbSI6IjUwIiwiZGlzcGxheSI6IiJ9fQ==&#8221;][vc_column_text title_tag=&#8221;div&#8221; tdc_css=&#8221;eyJhbGwiOnsibWFyZ2luLWJvdHRvbSI6IjUwIiwiZGlzcGxheSI6IiJ9fQ==&#8221;]<\/p>\n<p>[bookly-form]<\/p>\n<p>[\/vc_column_text][\/vc_column][\/vc_row][vc_row full_width=&#8221;stretch_row_content td-stretch-content&#8221; tdc_css=&#8221;eyJhbGwiOnsiZGlzcGxheSI6IiJ9fQ==&#8221;][vc_column tdc_css=&#8221;eyJhbGwiOnsiZGlzcGxheSI6IiJ9fQ==&#8221;][tdm_block_column_title title_tag=&#8221;h2&#8243; title_size=&#8221;tdm-title-md&#8221; tds_title=&#8221;tds_title3&#8243; content_align_horizontal=&#8221;content-horiz-center&#8221; title_text=&#8221;V2h5JTIwY2hvb3NlJTIwdXMlM0Y=&#8221; tds_title2-line_height=&#8221;1&#8243; tds_title2-line_alignment=&#8221;0&#8243; tds_title2-line_width=&#8221;150&#8243; tds_title2-title_color=&#8221;#444444&#8243; tds_title2-hover_title_color=&#8221;#444444&#8243; tdc_css=&#8221;eyJhbGwiOnsibWFyZ2luLXRvcCI6IjQwIiwibWFyZ2luLWJvdHRvbSI6IjQwIiwid2lkdGgiOiI2ODAiLCJkaXNwbGF5IjoiYmxvY2sifSwibGFuZHNjYXBlIjp7ImRpc3BsYXkiOiJibG9jayJ9LCJsYW5kc2NhcGVfbWF4X3dpZHRoIjoxMTQwLCJsYW5kc2NhcGVfbWluX3dpZHRoIjoxMDE5LCJwaG9uZSI6eyJtYXJnaW4tYm90dG9tIjoiNDAiLCJ3aWR0aCI6ImF1dG8iLCJkaXNwbGF5IjoiIn0sInBob25lX21heF93aWR0aCI6NzY3LCJwb3J0cmFpdCI6eyJtYXJnaW4tYm90dG9tIjoiNDAiLCJ3aWR0aCI6IjUwMCIsImRpc3BsYXkiOiJibG9jayJ9LCJwb3J0cmFpdF9tYXhfd2lkdGgiOjEwMTgsInBvcnRyYWl0X21pbl93aWR0aCI6NzY4fQ==&#8221; tds_title3-line_height=&#8221;0&#8243; tds_title3-subtitle_text=&#8221;We offer professional services in a relaxing, intimate and comfortable environment. The salon is equipped with the necessary equipment to enjoy the most innovative beauty treatments. &#8221; tds_title3-line_width=&#8221;0&#8243; tds_title3-line_space=&#8221;20&#8243; tds_title3-subtitle_space=&#8221;0&#8243; tds_title3-subtitle_color=&#8221;#aaaaaa&#8221; tds_title3-f_title_font_family=&#8221;394&#8243; tds_title3-f_subtitle_font_family=&#8221;394&#8243;][vc_separator el_width=&#8221;10&#8243; color=&#8221;#ea967c&#8221; tdc_css=&#8221;eyJhbGwiOnsibWFyZ2luLWJvdHRvbSI6IjEwIiwiZGlzcGxheSI6IiJ9LCJwb3J0cmFpdCI6eyJtYXJnaW4tYm90dG9tIjoiMzAiLCJkaXNwbGF5IjoiIn0sInBvcnRyYWl0X21heF93aWR0aCI6MTAxOCwicG9ydHJhaXRfbWluX3dpZHRoIjo3NjgsImxhbmRzY2FwZSI6eyJtYXJnaW4tYm90dG9tIjoiNDAiLCJkaXNwbGF5IjoiIn0sImxhbmRzY2FwZV9tYXhfd2lkdGgiOjExNDAsImxhbmRzY2FwZV9taW5fd2lkdGgiOjEwMTksInBob25lIjp7Im1hcmdpbi1ib3R0b20iOiI1MCIsImRpc3BsYXkiOiIifSwicGhvbmVfbWF4X3dpZHRoIjo3Njd9&#8243;][\/vc_column][\/vc_row][vc_row full_width=&#8221;stretch_row_1400 td-stretch-content&#8221;][vc_column width=&#8221;1\/4&#8243;][tdm_block_icon_box tdicon_id=&#8221;tdc-font-tdmp tdc-font-tdmp-massage&#8221; icon_padding=&#8221;1.4&#8243; title_tag=&#8221;h3&#8243; title_size=&#8221;tdm-title-xsm&#8221; button_size=&#8221;tdm-btn-md&#8221; tds_button=&#8221;&#8221; content_align_horizontal=&#8221;content-horiz-center&#8221; tds_icon_box1-title_top_space=&#8221;10&#8243; tds_icon_box1-description_bottom_space=&#8221;0&#8243; tds_icon_box1-icon_box_description_color=&#8221;#aaaaaa&#8221; tds_title1-title_color=&#8221;#444444&#8243; title_text=&#8221;UHJvZmVzc2lvbmFsaXNt&#8221; tdc_css=&#8221;eyJhbGwiOnsicGFkZGluZy1yaWdodCI6IjMwIiwicGFkZGluZy1sZWZ0IjoiMzAiLCJib3JkZXItY29sb3IiOiIjZjJmMmYyIiwiZGlzcGxheSI6ImlubGluZS1ibG9jayJ9LCJsYW5kc2NhcGUiOnsicGFkZGluZy1yaWdodCI6IjIwIiwicGFkZGluZy1sZWZ0IjoiMjAiLCJ3aWR0aCI6IjIwJSIsImRpc3BsYXkiOiJpbmxpbmUtYmxvY2sifSwibGFuZHNjYXBlX21heF93aWR0aCI6MTE0MCwibGFuZHNjYXBlX21pbl93aWR0aCI6MTAxOSwicG9ydHJhaXQiOnsicGFkZGluZy1yaWdodCI6IjEwIiwicGFkZGluZy1sZWZ0IjoiMTAiLCJ3aWR0aCI6IjIwJSIsImRpc3BsYXkiOiJpbmxpbmUtYmxvY2sifSwicG9ydHJhaXRfbWF4X3dpZHRoIjoxMDE4LCJwb3J0cmFpdF9taW5fd2lkdGgiOjc2OCwicGhvbmUiOnsid2lkdGgiOiJhdXRvIiwiZGlzcGxheSI6IiJ9LCJwaG9uZV9tYXhfd2lkdGgiOjc2N30=&#8221; tds_icon1-border_size=&#8221;1&#8243; tds_icon1-border_radius=&#8221;50&#8243; tds_icon1-hover_border_radius=&#8221;50&#8243; tds_icon1-color=&#8221;#ea967c&#8221; tds_icon1-border_color=&#8221;#ea967c&#8221; tds_icon1-hover_border_color=&#8221;#ea967c&#8221; tds_icon1-hover_shadow_size=&#8221;10&#8243; tds_icon1-hover_shadow_offset_vertical=&#8221;3&#8243; tds_icon1-hover_shadow_color=&#8221;rgba(0,0,0,0.1)&#8221; description=&#8221;V2UlMjBwYXklMjBzcGVjaWFsJTIwYXR0ZW50aW9uJTIwdG8lMjB5b3VyJTIwd2lzaGVzJTIwYW5kJTIwcHJvdmlkZSUyMHlvdSUyMHdpdGglMjBvdXIlMjBhZHZpY2UlMjBhbmQlMjBleHBlcmllbmNlJTIwZm9yJTIwYW4lMjBleGNlcHRpb25hbCUyMHJlc3VsdC4lMjA=&#8221; tds_icon_box1-f_descr_font_family=&#8221;394&#8243; tds_title1-f_title_font_family=&#8221;394&#8243;][\/vc_column][vc_column width=&#8221;1\/4&#8243;][tdm_block_icon_box tdicon_id=&#8221;tdc-font-tdmp tdc-font-tdmp-creams&#8221; icon_padding=&#8221;1.4&#8243; title_text=&#8221;RmVhdHVyZWQlMjBQcm9kdWN0cw==&#8221; title_tag=&#8221;h3&#8243; title_size=&#8221;tdm-title-xsm&#8221; description=&#8221;VGhlJTIwcHJvZHVjdHMlMjB1c2VkJTIwYnklMjBvdXIlMjBwcm9mZXNzaW9uYWwlMjBhbmQlMjBpbnRlcm5hdGlvbmFsbHklMjByZWNvZ25pemVkJTIwZG9tcy4=&#8221; button_size=&#8221;tdm-btn-md&#8221; button_tdicon=&#8221;tdc-font-fa tdc-font-fa-long-arrow-right&#8221; tds_button=&#8221;&#8221; content_align_horizontal=&#8221;content-horiz-center&#8221; tds_icon_box1-title_top_space=&#8221;10&#8243; tds_icon_box1-description_bottom_space=&#8221;0&#8243; tds_icon_box1-icon_box_description_color=&#8221;#aaaaaa&#8221; tds_title1-title_color=&#8221;#444444&#8243; tdc_css=&#8221;eyJhbGwiOnsicGFkZGluZy1yaWdodCI6IjMwIiwicGFkZGluZy1sZWZ0IjoiMzAiLCJib3JkZXItY29sb3IiOiIjZjJmMmYyIiwiZGlzcGxheSI6ImlubGluZS1ibG9jayJ9LCJsYW5kc2NhcGUiOnsicGFkZGluZy1yaWdodCI6IjIwIiwicGFkZGluZy1sZWZ0IjoiMjAiLCJ3aWR0aCI6IjIwJSIsImRpc3BsYXkiOiJpbmxpbmUtYmxvY2sifSwibGFuZHNjYXBlX21heF93aWR0aCI6MTE0MCwibGFuZHNjYXBlX21pbl93aWR0aCI6MTAxOSwicG9ydHJhaXQiOnsicGFkZGluZy1yaWdodCI6IjEwIiwicGFkZGluZy1sZWZ0IjoiMTAiLCJ3aWR0aCI6IjIwJSIsImRpc3BsYXkiOiJpbmxpbmUtYmxvY2sifSwicG9ydHJhaXRfbWF4X3dpZHRoIjoxMDE4LCJwb3J0cmFpdF9taW5fd2lkdGgiOjc2OCwicGhvbmUiOnsid2lkdGgiOiJhdXRvIiwiZGlzcGxheSI6IiJ9LCJwaG9uZV9tYXhfd2lkdGgiOjc2N30=&#8221; tds_icon1-border_size=&#8221;1&#8243; tds_icon1-border_radius=&#8221;50&#8243; tds_icon1-hover_border_radius=&#8221;50&#8243; tds_icon1-color=&#8221;#ea967c&#8221; tds_icon1-hover_border_color=&#8221;#ea967c&#8221; tds_icon1-border_color=&#8221;#ea967c&#8221; tds_icon1-hover_shadow_size=&#8221;10&#8243; tds_icon1-hover_shadow_offset_vertical=&#8221;3&#8243; tds_icon1-hover_shadow_color=&#8221;rgba(0,0,0,0.1)&#8221; tds_title1-f_title_font_family=&#8221;394&#8243; tds_icon_box1-f_descr_font_family=&#8221;394&#8243;][\/vc_column][vc_column width=&#8221;1\/4&#8243;][tdm_block_icon_box tdicon_id=&#8221;tdc-font-tdmp tdc-font-tdmp-face-treatment&#8221; icon_padding=&#8221;1.4&#8243; title_text=&#8221;VmlzaWJsZSUyMGFuZCUyMGxvbmctbGFzdGluZyUyMHJlc3VsdHM=&#8221; title_tag=&#8221;h3&#8243; title_size=&#8221;tdm-title-xsm&#8221; description=&#8221;VGhhbmtzJTIwdG8lMjB0aGUlMjBwcm9mZXNzaW9uYWxpc20lMjBvZiUyMG91ciUyMHN0YWZmJTJDJTIweW91JTIwd2lsbCUyMGhhdmUlMjBxdWFsaXR5JTIwcmVzdWx0cyUyMGZvciUyMGElMjBsb25nJTIwcGVyaW9kJTIwb2YlMjB0aW1lLg==&#8221; button_size=&#8221;tdm-btn-md&#8221; button_tdicon=&#8221;tdc-font-fa tdc-font-fa-long-arrow-right&#8221; tds_button=&#8221;&#8221; content_align_horizontal=&#8221;content-horiz-center&#8221; tds_icon_box1-title_top_space=&#8221;10&#8243; tds_icon_box1-description_bottom_space=&#8221;0&#8243; tds_icon_box1-icon_box_description_color=&#8221;#aaaaaa&#8221; tds_title1-title_color=&#8221;#444444&#8243; tdc_css=&#8221;eyJhbGwiOnsicGFkZGluZy1yaWdodCI6IjMwIiwicGFkZGluZy1sZWZ0IjoiMzAiLCJib3JkZXItY29sb3IiOiIjZjJmMmYyIiwiZGlzcGxheSI6ImlubGluZS1ibG9jayJ9LCJsYW5kc2NhcGUiOnsicGFkZGluZy1yaWdodCI6IjIwIiwicGFkZGluZy1sZWZ0IjoiMjAiLCJ3aWR0aCI6IjIwJSIsImRpc3BsYXkiOiJpbmxpbmUtYmxvY2sifSwibGFuZHNjYXBlX21heF93aWR0aCI6MTE0MCwibGFuZHNjYXBlX21pbl93aWR0aCI6MTAxOSwicG9ydHJhaXQiOnsicGFkZGluZy1yaWdodCI6IjEwIiwicGFkZGluZy1sZWZ0IjoiMTAiLCJ3aWR0aCI6IjIwJSIsImRpc3BsYXkiOiJpbmxpbmUtYmxvY2sifSwicG9ydHJhaXRfbWF4X3dpZHRoIjoxMDE4LCJwb3J0cmFpdF9taW5fd2lkdGgiOjc2OCwicGhvbmUiOnsid2lkdGgiOiJhdXRvIiwiZGlzcGxheSI6IiJ9LCJwaG9uZV9tYXhfd2lkdGgiOjc2N30=&#8221; tds_icon1-border_radius=&#8221;50&#8243; tds_icon1-hover_border_radius=&#8221;50&#8243; tds_icon1-border_size=&#8221;1&#8243; tds_icon1-color=&#8221;#ea967c&#8221; tds_icon1-hover_border_color=&#8221;#ea967c&#8221; tds_icon1-border_color=&#8221;#ea967c&#8221; tds_icon1-hover_shadow_size=&#8221;10&#8243; tds_icon1-hover_shadow_offset_vertical=&#8221;3&#8243; tds_icon1-hover_shadow_color=&#8221;rgba(0,0,0,0.1)&#8221; tds_icon_box1-f_descr_font_family=&#8221;394&#8243; tds_title1-f_title_font_family=&#8221;394&#8243;][\/vc_column][vc_column width=&#8221;1\/4&#8243;][tdm_block_icon_box tdicon_id=&#8221;tdc-font-tdmp tdc-font-tdmp-weight-loss&#8221; icon_padding=&#8221;1.4&#8243; title_tag=&#8221;h3&#8243; title_size=&#8221;tdm-title-xsm&#8221; description=&#8221;WW91JTIwY2FuJTIwYmUlMjBzdXJlJTIwdGhhdCUyMHlvdSUyMHdpbGwlMjBiZSUyMHNhdGlzZmllZCUyMHdpdGglMjB0aGUlMjByZXN1bHRzJTIwb2YlMjB0aGUlMjBzZXJ2aWNlcyUyMG9mZmVyZWQu&#8221; button_size=&#8221;tdm-btn-md&#8221; button_tdicon=&#8221;tdc-font-fa tdc-font-fa-long-arrow-right&#8221; tds_button=&#8221;&#8221; content_align_horizontal=&#8221;content-horiz-center&#8221; tds_icon_box1-title_top_space=&#8221;10&#8243; tds_icon_box1-description_bottom_space=&#8221;0&#8243; tds_icon_box1-icon_box_description_color=&#8221;#aaaaaa&#8221; tds_title1-title_color=&#8221;#444444&#8243; tdc_css=&#8221;eyJhbGwiOnsicGFkZGluZy1yaWdodCI6IjMwIiwicGFkZGluZy1sZWZ0IjoiMzAiLCJib3JkZXItY29sb3IiOiIjZjJmMmYyIiwiZGlzcGxheSI6ImlubGluZS1ibG9jayJ9LCJsYW5kc2NhcGUiOnsicGFkZGluZy1yaWdodCI6IjIwIiwicGFkZGluZy1sZWZ0IjoiMjAiLCJ3aWR0aCI6IjIwJSIsImRpc3BsYXkiOiJpbmxpbmUtYmxvY2sifSwibGFuZHNjYXBlX21heF93aWR0aCI6MTE0MCwibGFuZHNjYXBlX21pbl93aWR0aCI6MTAxOSwicG9ydHJhaXQiOnsicGFkZGluZy1yaWdodCI6IjEwIiwicGFkZGluZy1sZWZ0IjoiMTAiLCJ3aWR0aCI6IjIwJSIsImRpc3BsYXkiOiJpbmxpbmUtYmxvY2sifSwicG9ydHJhaXRfbWF4X3dpZHRoIjoxMDE4LCJwb3J0cmFpdF9taW5fd2lkdGgiOjc2OCwicGhvbmUiOnsid2lkdGgiOiJhdXRvIiwiZGlzcGxheSI6IiJ9LCJwaG9uZV9tYXhfd2lkdGgiOjc2N30=&#8221; tds_icon1-border_size=&#8221;1&#8243; tds_icon1-border_radius=&#8221;50&#8243; tds_icon1-hover_border_radius=&#8221;50&#8243; tds_icon1-color=&#8221;#ea967c&#8221; tds_icon1-hover_border_color=&#8221;#ea967c&#8221; tds_icon1-border_color=&#8221;#ea967c&#8221; title_text=&#8221;VHJ1c3Q=&#8221; tds_icon1-hover_shadow_size=&#8221;10&#8243; tds_icon1-hover_shadow_offset_vertical=&#8221;3&#8243; tds_icon1-hover_shadow_color=&#8221;rgba(0,0,0,0.1)&#8221; tds_title1-f_title_font_family=&#8221;394&#8243; tds_icon_box1-f_descr_font_family=&#8221;394&#8243;][\/vc_column][\/vc_row][\/tdc_zone]<\/p>\n","protected":false},"excerpt":{"rendered":"<p>[tdc_zone type=&#8221;tdc_content&#8221;][vc_row full_width=&#8221;stretch_row_1400 td-stretch-content&#8221;][vc_column][tdb_breadcrumbs tdicon=&#8221;td-icon-right&#8221; show_home=&#8221;yes&#8221; tdc_css=&#8221;eyJhbGwiOnsibWFyZ2luLXRvcCI6IjMwIiwiZGlzcGxheSI6IiJ9fQ==&#8221; f_text_font_family=&#8221;394&#8243;][\/vc_column][\/vc_row][vc_row full_width=&#8221;stretch_row_1400 td-stretch-content&#8221;][vc_column][tdm_block_column_title_simplified title_text=&#8221;TUFLRSUyMEFOJTIwQVBQT0lOVE1FTlQ=&#8221; title_tag=&#8221;h1&#8243; title_size=&#8221;tdm-title-md&#8221; tds_title_simplified_1-f_title_font_family=&#8221;394&#8243; tdc_css=&#8221;eyJhbGwiOnsibWFyZ2luLWJvdHRvbSI6IjUwIiwiZGlzcGxheSI6IiJ9fQ==&#8221;][vc_column_text title_tag=&#8221;div&#8221; tdc_css=&#8221;eyJhbGwiOnsibWFyZ2luLWJvdHRvbSI6IjUwIiwiZGlzcGxheSI6IiJ9fQ==&#8221;] [bookly-form] [\/vc_column_text][\/vc_column][\/vc_row][vc_row full_width=&#8221;stretch_row_content [&hellip;]<\/p>\n","protected":false},"author":1,"featured_media":0,"parent":0,"menu_order":0,"comment_status":"closed","ping_status":"closed","template":"","meta":{"site-sidebar-layout":"default","site-content-layout":"","ast-site-content-layout":"default","site-content-style":"default","site-sidebar-style":"default","ast-global-header-display":"","ast-banner-title-visibility":"","ast-main-header-display":"","ast-hfb-above-header-display":"","ast-hfb-below-header-display":"","ast-hfb-mobile-header-display":"","site-post-title":"","ast-breadcrumbs-content":"","ast-featured-img":"","footer-sml-layout":"","ast-disable-related-posts":"","theme-transparent-header-meta":"","adv-header-id-meta":"","stick-header-meta":"","header-above-stick-meta":"","header-main-stick-meta":"","header-below-stick-meta":"","astra-migrate-meta-layouts":"default","ast-page-background-enabled":"default","ast-page-background-meta":{"desktop":{"background-color":"var(--ast-global-color-5)","background-image":"","background-repeat":"repeat","background-position":"center center","background-size":"auto","background-attachment":"scroll","background-type":"","background-media":"","overlay-type":"","overlay-color":"","overlay-opacity":"","overlay-gradient":""},"tablet":{"background-color":"","background-image":"","background-repeat":"repeat","background-position":"center center","background-size":"auto","background-attachment":"scroll","background-type":"","background-media":"","overlay-type":"","overlay-color":"","overlay-opacity":"","overlay-gradient":""},"mobile":{"background-color":"","background-image":"","background-repeat":"repeat","background-position":"center center","background-size":"auto","background-attachment":"scroll","background-type":"","background-media":"","overlay-type":"","overlay-color":"","overlay-opacity":"","overlay-gradient":""}},"ast-content-background-meta":{"desktop":{"background-color":"var(--ast-global-color-4)","background-image":"","background-repeat":"repeat","background-position":"center center","background-size":"auto","background-attachment":"scroll","background-type":"","background-media":"","overlay-type":"","overlay-color":"","overlay-opacity":"","overlay-gradient":""},"tablet":{"background-color":"var(--ast-global-color-4)","background-image":"","background-repeat":"repeat","background-position":"center center","background-size":"auto","background-attachment":"scroll","background-type":"","background-media":"","overlay-type":"","overlay-color":"","overlay-opacity":"","overlay-gradient":""},"mobile":{"background-color":"var(--ast-global-color-4)","background-image":"","background-repeat":"repeat","background-position":"center center","background-size":"auto","background-attachment":"scroll","background-type":"","background-media":"","overlay-type":"","overlay-color":"","overlay-opacity":"","overlay-gradient":""}},"_joinchat":[],"footnotes":""},"class_list":["post-546","page","type-page","status-publish","hentry"],"yoast_head":"<!-- This site is optimized with the Yoast SEO plugin v27.3 - https:\/\/yoast.com\/product\/yoast-seo-wordpress\/ -->\n<title>Appointment | Centro de Est\u00e9tica Eba Beauty<\/title>\n<meta name=\"robots\" content=\"index, follow, max-snippet:-1, max-image-preview:large, max-video-preview:-1\" \/>\n<link rel=\"canonical\" href=\"https:\/\/pruebas2.mironeros.es\/cita\/\" \/>\n<meta property=\"og:locale\" content=\"en_US\" \/>\n<meta property=\"og:type\" content=\"article\" \/>\n<meta property=\"og:title\" content=\"Appointment | Centro de Est\u00e9tica Eba Beauty\" \/>\n<meta property=\"og:description\" content=\"[tdc_zone type=&#8221;tdc_content&#8221;][vc_row full_width=&#8221;stretch_row_1400 td-stretch-content&#8221;][vc_column][tdb_breadcrumbs tdicon=&#8221;td-icon-right&#8221; show_home=&#8221;yes&#8221; tdc_css=&#8221;eyJhbGwiOnsibWFyZ2luLXRvcCI6IjMwIiwiZGlzcGxheSI6IiJ9fQ==&#8221; f_text_font_family=&#8221;394&#8243;][\/vc_column][\/vc_row][vc_row full_width=&#8221;stretch_row_1400 td-stretch-content&#8221;][vc_column][tdm_block_column_title_simplified title_text=&#8221;TUFLRSUyMEFOJTIwQVBQT0lOVE1FTlQ=&#8221; title_tag=&#8221;h1&#8243; title_size=&#8221;tdm-title-md&#8221; tds_title_simplified_1-f_title_font_family=&#8221;394&#8243; tdc_css=&#8221;eyJhbGwiOnsibWFyZ2luLWJvdHRvbSI6IjUwIiwiZGlzcGxheSI6IiJ9fQ==&#8221;][vc_column_text title_tag=&#8221;div&#8221; tdc_css=&#8221;eyJhbGwiOnsibWFyZ2luLWJvdHRvbSI6IjUwIiwiZGlzcGxheSI6IiJ9fQ==&#8221;] [bookly-form] [\/vc_column_text][\/vc_column][\/vc_row][vc_row full_width=&#8221;stretch_row_content [&hellip;]\" \/>\n<meta property=\"og:url\" content=\"https:\/\/pruebas2.mironeros.es\/cita\/\" \/>\n<meta property=\"og:site_name\" content=\"Centro de Est\u00e9tica Eba Beauty\" \/>\n<meta property=\"article:publisher\" content=\"https:\/\/www.facebook.com\/ebabeauty.marbella\" \/>\n<meta property=\"article:modified_time\" content=\"2024-06-25T10:56:37+00:00\" \/>\n<meta name=\"twitter:card\" content=\"summary_large_image\" \/>\n<meta name=\"twitter:label1\" content=\"Est. reading time\" \/>\n\t<meta name=\"twitter:data1\" content=\"6 minutes\" \/>\n<script type=\"application\/ld+json\" class=\"yoast-schema-graph\">{\"@context\":\"https:\\\/\\\/schema.org\",\"@graph\":[{\"@type\":\"WebPage\",\"@id\":\"https:\\\/\\\/pruebas2.mironeros.es\\\/cita\\\/\",\"url\":\"https:\\\/\\\/pruebas2.mironeros.es\\\/cita\\\/\",\"name\":\"Appointment | Centro de Est\u00e9tica Eba Beauty\",\"isPartOf\":{\"@id\":\"https:\\\/\\\/ebabeauty-marbella.es\\\/#website\"},\"datePublished\":\"2024-06-17T03:43:39+00:00\",\"dateModified\":\"2024-06-25T10:56:37+00:00\",\"breadcrumb\":{\"@id\":\"https:\\\/\\\/pruebas2.mironeros.es\\\/cita\\\/#breadcrumb\"},\"inLanguage\":\"en-US\",\"potentialAction\":[{\"@type\":\"ReadAction\",\"target\":[\"https:\\\/\\\/pruebas2.mironeros.es\\\/cita\\\/\"]}]},{\"@type\":\"BreadcrumbList\",\"@id\":\"https:\\\/\\\/pruebas2.mironeros.es\\\/cita\\\/#breadcrumb\",\"itemListElement\":[{\"@type\":\"ListItem\",\"position\":1,\"name\":\"Portada\",\"item\":\"https:\\\/\\\/ebabeauty-marbella.es\\\/\"},{\"@type\":\"ListItem\",\"position\":2,\"name\":\"Appointment\"}]},{\"@type\":\"WebSite\",\"@id\":\"https:\\\/\\\/ebabeauty-marbella.es\\\/#website\",\"url\":\"https:\\\/\\\/ebabeauty-marbella.es\\\/\",\"name\":\"Centro de Est\u00e9tica Eba Beauty en Puerto Ban\u00fas\",\"description\":\"Centro de Est\u00e9tica en Puerto Ban\u00fas, Marbella\",\"publisher\":{\"@id\":\"https:\\\/\\\/ebabeauty-marbella.es\\\/#\\\/schema\\\/person\\\/785ea009c95ea9dd674d2352df8cde55\"},\"alternateName\":\"Centro de Est\u00e9tica EBA BEAUTY de Elena Badini\",\"potentialAction\":[{\"@type\":\"SearchAction\",\"target\":{\"@type\":\"EntryPoint\",\"urlTemplate\":\"https:\\\/\\\/ebabeauty-marbella.es\\\/?s={search_term_string}\"},\"query-input\":{\"@type\":\"PropertyValueSpecification\",\"valueRequired\":true,\"valueName\":\"search_term_string\"}}],\"inLanguage\":\"en-US\"},{\"@type\":[\"Person\",\"Organization\"],\"@id\":\"https:\\\/\\\/ebabeauty-marbella.es\\\/#\\\/schema\\\/person\\\/785ea009c95ea9dd674d2352df8cde55\",\"name\":\"Elena Badini\",\"image\":{\"@type\":\"ImageObject\",\"inLanguage\":\"en-US\",\"@id\":\"https:\\\/\\\/ebabeauty-marbella.es\\\/wp-content\\\/uploads\\\/2024\\\/06\\\/logo-ebabeauty.webp\",\"url\":\"https:\\\/\\\/ebabeauty-marbella.es\\\/wp-content\\\/uploads\\\/2024\\\/06\\\/logo-ebabeauty.webp\",\"contentUrl\":\"https:\\\/\\\/ebabeauty-marbella.es\\\/wp-content\\\/uploads\\\/2024\\\/06\\\/logo-ebabeauty.webp\",\"width\":600,\"height\":329,\"caption\":\"Elena Badini\"},\"logo\":{\"@id\":\"https:\\\/\\\/ebabeauty-marbella.es\\\/wp-content\\\/uploads\\\/2024\\\/06\\\/logo-ebabeauty.webp\"},\"sameAs\":[\"https:\\\/\\\/pruebas2.mironeros.es\",\"https:\\\/\\\/www.facebook.com\\\/ebabeauty.marbella\",\"https:\\\/\\\/www.instagram.com\\\/eba_beauty_marbella\\\/\"]}]}<\/script>\n<!-- \/ Yoast SEO plugin. -->","yoast_head_json":{"title":"Appointment | Centro de Est\u00e9tica Eba Beauty","robots":{"index":"index","follow":"follow","max-snippet":"max-snippet:-1","max-image-preview":"max-image-preview:large","max-video-preview":"max-video-preview:-1"},"canonical":"https:\/\/pruebas2.mironeros.es\/cita\/","og_locale":"en_US","og_type":"article","og_title":"Appointment | Centro de Est\u00e9tica Eba Beauty","og_description":"[tdc_zone type=&#8221;tdc_content&#8221;][vc_row full_width=&#8221;stretch_row_1400 td-stretch-content&#8221;][vc_column][tdb_breadcrumbs tdicon=&#8221;td-icon-right&#8221; show_home=&#8221;yes&#8221; tdc_css=&#8221;eyJhbGwiOnsibWFyZ2luLXRvcCI6IjMwIiwiZGlzcGxheSI6IiJ9fQ==&#8221; f_text_font_family=&#8221;394&#8243;][\/vc_column][\/vc_row][vc_row full_width=&#8221;stretch_row_1400 td-stretch-content&#8221;][vc_column][tdm_block_column_title_simplified title_text=&#8221;TUFLRSUyMEFOJTIwQVBQT0lOVE1FTlQ=&#8221; title_tag=&#8221;h1&#8243; title_size=&#8221;tdm-title-md&#8221; tds_title_simplified_1-f_title_font_family=&#8221;394&#8243; tdc_css=&#8221;eyJhbGwiOnsibWFyZ2luLWJvdHRvbSI6IjUwIiwiZGlzcGxheSI6IiJ9fQ==&#8221;][vc_column_text title_tag=&#8221;div&#8221; tdc_css=&#8221;eyJhbGwiOnsibWFyZ2luLWJvdHRvbSI6IjUwIiwiZGlzcGxheSI6IiJ9fQ==&#8221;] [bookly-form] [\/vc_column_text][\/vc_column][\/vc_row][vc_row full_width=&#8221;stretch_row_content [&hellip;]","og_url":"https:\/\/pruebas2.mironeros.es\/cita\/","og_site_name":"Centro de Est\u00e9tica Eba Beauty","article_publisher":"https:\/\/www.facebook.com\/ebabeauty.marbella","article_modified_time":"2024-06-25T10:56:37+00:00","twitter_card":"summary_large_image","twitter_misc":{"Est. reading time":"6 minutes"},"schema":{"@context":"https:\/\/schema.org","@graph":[{"@type":"WebPage","@id":"https:\/\/pruebas2.mironeros.es\/cita\/","url":"https:\/\/pruebas2.mironeros.es\/cita\/","name":"Appointment | Centro de Est\u00e9tica Eba Beauty","isPartOf":{"@id":"https:\/\/ebabeauty-marbella.es\/#website"},"datePublished":"2024-06-17T03:43:39+00:00","dateModified":"2024-06-25T10:56:37+00:00","breadcrumb":{"@id":"https:\/\/pruebas2.mironeros.es\/cita\/#breadcrumb"},"inLanguage":"en-US","potentialAction":[{"@type":"ReadAction","target":["https:\/\/pruebas2.mironeros.es\/cita\/"]}]},{"@type":"BreadcrumbList","@id":"https:\/\/pruebas2.mironeros.es\/cita\/#breadcrumb","itemListElement":[{"@type":"ListItem","position":1,"name":"Portada","item":"https:\/\/ebabeauty-marbella.es\/"},{"@type":"ListItem","position":2,"name":"Appointment"}]},{"@type":"WebSite","@id":"https:\/\/ebabeauty-marbella.es\/#website","url":"https:\/\/ebabeauty-marbella.es\/","name":"Centro de Est\u00e9tica Eba Beauty en Puerto Ban\u00fas","description":"Centro de Est\u00e9tica en Puerto Ban\u00fas, Marbella","publisher":{"@id":"https:\/\/ebabeauty-marbella.es\/#\/schema\/person\/785ea009c95ea9dd674d2352df8cde55"},"alternateName":"Centro de Est\u00e9tica EBA BEAUTY de Elena Badini","potentialAction":[{"@type":"SearchAction","target":{"@type":"EntryPoint","urlTemplate":"https:\/\/ebabeauty-marbella.es\/?s={search_term_string}"},"query-input":{"@type":"PropertyValueSpecification","valueRequired":true,"valueName":"search_term_string"}}],"inLanguage":"en-US"},{"@type":["Person","Organization"],"@id":"https:\/\/ebabeauty-marbella.es\/#\/schema\/person\/785ea009c95ea9dd674d2352df8cde55","name":"Elena Badini","image":{"@type":"ImageObject","inLanguage":"en-US","@id":"https:\/\/ebabeauty-marbella.es\/wp-content\/uploads\/2024\/06\/logo-ebabeauty.webp","url":"https:\/\/ebabeauty-marbella.es\/wp-content\/uploads\/2024\/06\/logo-ebabeauty.webp","contentUrl":"https:\/\/ebabeauty-marbella.es\/wp-content\/uploads\/2024\/06\/logo-ebabeauty.webp","width":600,"height":329,"caption":"Elena Badini"},"logo":{"@id":"https:\/\/ebabeauty-marbella.es\/wp-content\/uploads\/2024\/06\/logo-ebabeauty.webp"},"sameAs":["https:\/\/pruebas2.mironeros.es","https:\/\/www.facebook.com\/ebabeauty.marbella","https:\/\/www.instagram.com\/eba_beauty_marbella\/"]}]}},"_links":{"self":[{"href":"https:\/\/ebabeauty-marbella.es\/en\/wp-json\/wp\/v2\/pages\/546","targetHints":{"allow":["GET"]}}],"collection":[{"href":"https:\/\/ebabeauty-marbella.es\/en\/wp-json\/wp\/v2\/pages"}],"about":[{"href":"https:\/\/ebabeauty-marbella.es\/en\/wp-json\/wp\/v2\/types\/page"}],"author":[{"embeddable":true,"href":"https:\/\/ebabeauty-marbella.es\/en\/wp-json\/wp\/v2\/users\/1"}],"replies":[{"embeddable":true,"href":"https:\/\/ebabeauty-marbella.es\/en\/wp-json\/wp\/v2\/comments?post=546"}],"version-history":[{"count":2,"href":"https:\/\/ebabeauty-marbella.es\/en\/wp-json\/wp\/v2\/pages\/546\/revisions"}],"predecessor-version":[{"id":548,"href":"https:\/\/ebabeauty-marbella.es\/en\/wp-json\/wp\/v2\/pages\/546\/revisions\/548"}],"wp:attachment":[{"href":"https:\/\/ebabeauty-marbella.es\/en\/wp-json\/wp\/v2\/media?parent=546"}],"curies":[{"name":"wp","href":"https:\/\/api.w.org\/{rel}","templated":true}]}}