{"id":2158,"date":"2025-03-15T09:14:30","date_gmt":"2025-03-15T08:14:30","guid":{"rendered":"https:\/\/ebabeauty-marbella.es\/tratamientos-depilacion-puerto-banus\/"},"modified":"2025-11-16T19:22:13","modified_gmt":"2025-11-16T18:22:13","slug":"puerto-banus-hair-removal-treatments","status":"publish","type":"page","link":"https:\/\/ebabeauty-marbella.es\/en\/puerto-banus-hair-removal-treatments\/","title":{"rendered":"Puerto Ban\u00fas Hair Removal Treatments"},"content":{"rendered":"\t\t<div data-elementor-type=\"wp-page\" data-elementor-id=\"2158\" class=\"elementor elementor-2158 elementor-2045\" data-elementor-post-type=\"page\">\n\t\t\t\t<div class=\"elementor-element elementor-element-68fdafb8 e-flex e-con-boxed e-con e-parent\" data-id=\"68fdafb8\" data-element_type=\"container\" data-e-type=\"container\" data-settings=\"{&quot;background_background&quot;:&quot;classic&quot;}\">\n\t\t\t\t\t<div class=\"e-con-inner\">\n\t\t<div class=\"elementor-element elementor-element-64994269 e-con-full e-flex e-con e-child\" data-id=\"64994269\" data-element_type=\"container\" data-e-type=\"container\" data-settings=\"{&quot;background_background&quot;:&quot;classic&quot;}\">\n\t\t\t\t<div class=\"elementor-element elementor-element-75f971d0 animated-slow elementor-invisible elementor-widget elementor-widget-heading\" data-id=\"75f971d0\" data-element_type=\"widget\" data-e-type=\"widget\" data-settings=\"{&quot;_animation&quot;:&quot;slideInUp&quot;}\" data-widget_type=\"heading.default\">\n\t\t\t\t<div class=\"elementor-widget-container\">\n\t\t\t\t\t<h1 class=\"elementor-heading-title elementor-size-default\">HAIR REMOVAL TREATMENTS IN PUERTO BAN\u00daS<\/h1>\t\t\t\t<\/div>\n\t\t\t\t<\/div>\n\t\t\t\t<\/div>\n\t\t\t\t<div class=\"elementor-element elementor-element-530fafe6 elementor-widget elementor-widget-image\" data-id=\"530fafe6\" data-element_type=\"widget\" data-e-type=\"widget\" data-widget_type=\"image.default\">\n\t\t\t\t<div class=\"elementor-widget-container\">\n\t\t\t\t\t\t\t\t\t\t\t\t\t\t\t<img fetchpriority=\"high\" decoding=\"async\" width=\"1024\" height=\"745\" src=\"https:\/\/ebabeauty-marbella.es\/wp-content\/uploads\/2024\/12\/Depilacion-laser-dioada-1-1024x745.jpg\" class=\"attachment-large size-large wp-image-1455\" alt=\"Depilacio\u0301n la\u0301ser dioada\" srcset=\"https:\/\/ebabeauty-marbella.es\/wp-content\/uploads\/2024\/12\/Depilacion-laser-dioada-1-1024x745.jpg 1024w, https:\/\/ebabeauty-marbella.es\/wp-content\/uploads\/2024\/12\/Depilacion-laser-dioada-1-300x218.jpg 300w, https:\/\/ebabeauty-marbella.es\/wp-content\/uploads\/2024\/12\/Depilacion-laser-dioada-1-768x559.jpg 768w, https:\/\/ebabeauty-marbella.es\/wp-content\/uploads\/2024\/12\/Depilacion-laser-dioada-1-578x420.jpg 578w, https:\/\/ebabeauty-marbella.es\/wp-content\/uploads\/2024\/12\/Depilacion-laser-dioada-1-696x506.jpg 696w, https:\/\/ebabeauty-marbella.es\/wp-content\/uploads\/2024\/12\/Depilacion-laser-dioada-1-1068x777.jpg 1068w, https:\/\/ebabeauty-marbella.es\/wp-content\/uploads\/2024\/12\/Depilacion-laser-dioada-1-324x235.jpg 324w, https:\/\/ebabeauty-marbella.es\/wp-content\/uploads\/2024\/12\/Depilacion-laser-dioada-1.jpg 1100w\" sizes=\"(max-width: 1024px) 100vw, 1024px\" \/>\t\t\t\t\t\t\t\t\t\t\t\t\t\t\t<\/div>\n\t\t\t\t<\/div>\n\t\t\t\t\t<\/div>\n\t\t\t\t<\/div>\n\t\t<div class=\"elementor-element elementor-element-1ced1e68 e-flex e-con-boxed e-con e-parent\" data-id=\"1ced1e68\" data-element_type=\"container\" data-e-type=\"container\" data-settings=\"{&quot;background_background&quot;:&quot;classic&quot;}\">\n\t\t\t\t\t<div class=\"e-con-inner\">\n\t\t<div class=\"elementor-element elementor-element-4f210599 e-con-full e-flex e-con e-child\" data-id=\"4f210599\" data-element_type=\"container\" data-e-type=\"container\">\n\t\t\t\t<div class=\"elementor-element elementor-element-1a823cc1 animated-slow elementor-invisible elementor-widget elementor-widget-heading\" data-id=\"1a823cc1\" data-element_type=\"widget\" data-e-type=\"widget\" data-settings=\"{&quot;_animation&quot;:&quot;slideInUp&quot;}\" data-widget_type=\"heading.default\">\n\t\t\t\t<div class=\"elementor-widget-container\">\n\t\t\t\t\t<h2 class=\"elementor-heading-title elementor-size-default\">DIODE LASER HAIR REMOVAL<\/h2>\t\t\t\t<\/div>\n\t\t\t\t<\/div>\n\t\t\t\t<div class=\"elementor-element elementor-element-1df06bd3 elementor-widget elementor-widget-text-editor\" data-id=\"1df06bd3\" data-element_type=\"widget\" data-e-type=\"widget\" data-widget_type=\"text-editor.default\">\n\t\t\t\t<div class=\"elementor-widget-container\">\n\t\t\t\t\t\t\t\t\t<p><strong>Diode Laser Hair Removal: Say Goodbye to Unwanted Hair<\/strong><\/p><p>Diode Laser Hair Removal is the most powerful permanent hair removal method, eliminating hair so you can forget about shaving, irritation, or folliculitis.<\/p><p>It is a powerful and permanent method for hair removal, suitable for all skin types and any time of the year.<\/p><p><strong>Main Benefits: <\/strong>Eliminates folliculitis and ingrown hair. Leaves the skin smooth and irritation-free. Treats any area of the body or face. Long-lasting results from the first session. Quick and comfortable procedure. FDA-approved technology.<\/p><p><strong>Important Considerations: <\/strong>Skin preparation before the session. Necessary sun protection. Number of sessions varies depending on the area and hair type. Maintenance sessions are recommended. Important contraindications (pregnancy, certain medications, etc.).<\/p><p><span style=\"font-size: 14pt;\"><strong>Session Duration: 30 minutes to 2 hours, depending on the treated area.<\/strong><\/span><\/p>\t\t\t\t\t\t\t\t<\/div>\n\t\t\t\t<\/div>\n\t\t\t\t<div class=\"elementor-element elementor-element-7b199e7f elementor-align-left elementor-widget elementor-widget-button\" data-id=\"7b199e7f\" data-element_type=\"widget\" data-e-type=\"widget\" data-widget_type=\"button.default\">\n\t\t\t\t<div class=\"elementor-widget-container\">\n\t\t\t\t\t\t\t\t\t<div class=\"elementor-button-wrapper\">\n\t\t\t\t\t<a class=\"elementor-button elementor-button-link elementor-size-lg elementor-animation-grow\" href=\"https:\/\/ebabeauty-marbella.es\/en\/laser-hair-removal\/\">\n\t\t\t\t\t\t<span class=\"elementor-button-content-wrapper\">\n\t\t\t\t\t\t<span class=\"elementor-button-icon\">\n\t\t\t\t<svg aria-hidden=\"true\" class=\"e-font-icon-svg e-fas-angle-right\" viewBox=\"0 0 256 512\" xmlns=\"http:\/\/www.w3.org\/2000\/svg\"><path d=\"M224.3 273l-136 136c-9.4 9.4-24.6 9.4-33.9 0l-22.6-22.6c-9.4-9.4-9.4-24.6 0-33.9l96.4-96.4-96.4-96.4c-9.4-9.4-9.4-24.6 0-33.9L54.3 103c9.4-9.4 24.6-9.4 33.9 0l136 136c9.5 9.4 9.5 24.6.1 34z\"><\/path><\/svg>\t\t\t<\/span>\n\t\t\t\t\t\t\t\t\t<span class=\"elementor-button-text\">M\u00e1s Informaci\u00f3n<\/span>\n\t\t\t\t\t<\/span>\n\t\t\t\t\t<\/a>\n\t\t\t\t<\/div>\n\t\t\t\t\t\t\t\t<\/div>\n\t\t\t\t<\/div>\n\t\t\t\t<\/div>\n\t\t\t\t<div class=\"elementor-element elementor-element-18404233 elementor-widget elementor-widget-image\" data-id=\"18404233\" data-element_type=\"widget\" data-e-type=\"widget\" data-widget_type=\"image.default\">\n\t\t\t\t<div class=\"elementor-widget-container\">\n\t\t\t\t\t\t\t\t\t\t\t\t\t\t\t<img decoding=\"async\" width=\"1024\" height=\"745\" src=\"https:\/\/ebabeauty-marbella.es\/wp-content\/uploads\/2024\/12\/Radiofrecuenciamesoterapia-virtual.-4-1024x745.jpg\" class=\"attachment-large size-large wp-image-1396\" alt=\"\" srcset=\"https:\/\/ebabeauty-marbella.es\/wp-content\/uploads\/2024\/12\/Radiofrecuenciamesoterapia-virtual.-4-1024x745.jpg 1024w, https:\/\/ebabeauty-marbella.es\/wp-content\/uploads\/2024\/12\/Radiofrecuenciamesoterapia-virtual.-4-300x218.jpg 300w, https:\/\/ebabeauty-marbella.es\/wp-content\/uploads\/2024\/12\/Radiofrecuenciamesoterapia-virtual.-4-768x559.jpg 768w, https:\/\/ebabeauty-marbella.es\/wp-content\/uploads\/2024\/12\/Radiofrecuenciamesoterapia-virtual.-4-578x420.jpg 578w, https:\/\/ebabeauty-marbella.es\/wp-content\/uploads\/2024\/12\/Radiofrecuenciamesoterapia-virtual.-4-696x506.jpg 696w, https:\/\/ebabeauty-marbella.es\/wp-content\/uploads\/2024\/12\/Radiofrecuenciamesoterapia-virtual.-4-1068x777.jpg 1068w, https:\/\/ebabeauty-marbella.es\/wp-content\/uploads\/2024\/12\/Radiofrecuenciamesoterapia-virtual.-4-324x235.jpg 324w, https:\/\/ebabeauty-marbella.es\/wp-content\/uploads\/2024\/12\/Radiofrecuenciamesoterapia-virtual.-4.jpg 1100w\" sizes=\"(max-width: 1024px) 100vw, 1024px\" \/>\t\t\t\t\t\t\t\t\t\t\t\t\t\t\t<\/div>\n\t\t\t\t<\/div>\n\t\t\t\t\t<\/div>\n\t\t\t\t<\/div>\n\t\t\t\t<\/div>\n\t\t","protected":false},"excerpt":{"rendered":"<p>HAIR REMOVAL TREATMENTS IN PUERTO BAN\u00daS DIODE LASER HAIR REMOVAL Diode Laser Hair Removal: Say Goodbye to Unwanted Hair Diode [&hellip;]<\/p>\n","protected":false},"author":3,"featured_media":0,"parent":0,"menu_order":0,"comment_status":"closed","ping_status":"closed","template":"elementor_header_footer","meta":{"site-sidebar-layout":"default","site-content-layout":"","ast-site-content-layout":"default","site-content-style":"default","site-sidebar-style":"default","ast-global-header-display":"","ast-banner-title-visibility":"","ast-main-header-display":"","ast-hfb-above-header-display":"","ast-hfb-below-header-display":"","ast-hfb-mobile-header-display":"","site-post-title":"","ast-breadcrumbs-content":"","ast-featured-img":"","footer-sml-layout":"","ast-disable-related-posts":"","theme-transparent-header-meta":"","adv-header-id-meta":"","stick-header-meta":"","header-above-stick-meta":"","header-main-stick-meta":"","header-below-stick-meta":"","astra-migrate-meta-layouts":"default","ast-page-background-enabled":"default","ast-page-background-meta":{"desktop":{"background-color":"var(--ast-global-color-5)","background-image":"","background-repeat":"repeat","background-position":"center center","background-size":"auto","background-attachment":"scroll","background-type":"","background-media":"","overlay-type":"","overlay-color":"","overlay-opacity":"","overlay-gradient":""},"tablet":{"background-color":"","background-image":"","background-repeat":"repeat","background-position":"center center","background-size":"auto","background-attachment":"scroll","background-type":"","background-media":"","overlay-type":"","overlay-color":"","overlay-opacity":"","overlay-gradient":""},"mobile":{"background-color":"","background-image":"","background-repeat":"repeat","background-position":"center center","background-size":"auto","background-attachment":"scroll","background-type":"","background-media":"","overlay-type":"","overlay-color":"","overlay-opacity":"","overlay-gradient":""}},"ast-content-background-meta":{"desktop":{"background-color":"var(--ast-global-color-4)","background-image":"","background-repeat":"repeat","background-position":"center center","background-size":"auto","background-attachment":"scroll","background-type":"","background-media":"","overlay-type":"","overlay-color":"","overlay-opacity":"","overlay-gradient":""},"tablet":{"background-color":"var(--ast-global-color-4)","background-image":"","background-repeat":"repeat","background-position":"center center","background-size":"auto","background-attachment":"scroll","background-type":"","background-media":"","overlay-type":"","overlay-color":"","overlay-opacity":"","overlay-gradient":""},"mobile":{"background-color":"var(--ast-global-color-4)","background-image":"","background-repeat":"repeat","background-position":"center center","background-size":"auto","background-attachment":"scroll","background-type":"","background-media":"","overlay-type":"","overlay-color":"","overlay-opacity":"","overlay-gradient":""}},"_joinchat":[],"footnotes":""},"class_list":["post-2158","page","type-page","status-publish","hentry"],"yoast_head":"<!-- This site is optimized with the Yoast SEO plugin v27.3 - https:\/\/yoast.com\/product\/yoast-seo-wordpress\/ -->\n<title>Hair Removal Treatments Puerto Ban\u00fas | EBA BEAUTY<\/title>\n<meta name=\"description\" content=\"Hair Removal Treatments in Puerto Ban\u00fas. Diode Laser Hair Removal and Lyncon Waxing by EBA BEAUTY Marbella by Elena Badini.\" \/>\n<meta name=\"robots\" content=\"index, follow, max-snippet:-1, max-image-preview:large, max-video-preview:-1\" \/>\n<link rel=\"canonical\" href=\"https:\/\/ebabeauty-marbella.es\/tratamientos-depilacion-puerto-banus\/\" \/>\n<meta property=\"og:locale\" content=\"en_US\" \/>\n<meta property=\"og:type\" content=\"article\" \/>\n<meta property=\"og:title\" content=\"Hair Removal Treatments Puerto Ban\u00fas | EBA BEAUTY\" \/>\n<meta property=\"og:description\" content=\"Hair Removal Treatments in Puerto Ban\u00fas. Diode Laser Hair Removal and Lyncon Waxing by EBA BEAUTY Marbella by Elena Badini.\" \/>\n<meta property=\"og:url\" content=\"https:\/\/ebabeauty-marbella.es\/tratamientos-depilacion-puerto-banus\/\" \/>\n<meta property=\"og:site_name\" content=\"Centro de Est\u00e9tica Eba Beauty\" \/>\n<meta property=\"article:publisher\" content=\"https:\/\/www.facebook.com\/ebabeauty.marbella\" \/>\n<meta property=\"article:modified_time\" content=\"2025-11-16T18:22:13+00:00\" \/>\n<meta property=\"og:image\" content=\"https:\/\/ebabeauty-marbella.es\/wp-content\/uploads\/2024\/12\/Depilacion-laser-dioada-1.jpg\" \/>\n\t<meta property=\"og:image:width\" content=\"1100\" \/>\n\t<meta property=\"og:image:height\" content=\"800\" \/>\n\t<meta property=\"og:image:type\" content=\"image\/jpeg\" \/>\n<meta name=\"twitter:card\" content=\"summary_large_image\" \/>\n<meta name=\"twitter:label1\" content=\"Est. reading time\" \/>\n\t<meta name=\"twitter:data1\" content=\"2 minutes\" \/>\n<script type=\"application\/ld+json\" class=\"yoast-schema-graph\">{\"@context\":\"https:\\\/\\\/schema.org\",\"@graph\":[{\"@type\":\"WebPage\",\"@id\":\"https:\\\/\\\/ebabeauty-marbella.es\\\/tratamientos-depilacion-puerto-banus\\\/\",\"url\":\"https:\\\/\\\/ebabeauty-marbella.es\\\/tratamientos-depilacion-puerto-banus\\\/\",\"name\":\"Hair Removal Treatments Puerto Ban\u00fas | EBA BEAUTY\",\"isPartOf\":{\"@id\":\"https:\\\/\\\/ebabeauty-marbella.es\\\/#website\"},\"primaryImageOfPage\":{\"@id\":\"https:\\\/\\\/ebabeauty-marbella.es\\\/tratamientos-depilacion-puerto-banus\\\/#primaryimage\"},\"image\":{\"@id\":\"https:\\\/\\\/ebabeauty-marbella.es\\\/tratamientos-depilacion-puerto-banus\\\/#primaryimage\"},\"thumbnailUrl\":\"https:\\\/\\\/ebabeauty-marbella.es\\\/wp-content\\\/uploads\\\/2024\\\/12\\\/Depilacion-laser-dioada-1-1024x745.jpg\",\"datePublished\":\"2025-03-15T08:14:30+00:00\",\"dateModified\":\"2025-11-16T18:22:13+00:00\",\"description\":\"Hair Removal Treatments in Puerto Ban\u00fas. Diode Laser Hair Removal and Lyncon Waxing by EBA BEAUTY Marbella by Elena Badini.\",\"breadcrumb\":{\"@id\":\"https:\\\/\\\/ebabeauty-marbella.es\\\/tratamientos-depilacion-puerto-banus\\\/#breadcrumb\"},\"inLanguage\":\"en-US\",\"potentialAction\":[{\"@type\":\"ReadAction\",\"target\":[\"https:\\\/\\\/ebabeauty-marbella.es\\\/tratamientos-depilacion-puerto-banus\\\/\"]}]},{\"@type\":\"ImageObject\",\"inLanguage\":\"en-US\",\"@id\":\"https:\\\/\\\/ebabeauty-marbella.es\\\/tratamientos-depilacion-puerto-banus\\\/#primaryimage\",\"url\":\"https:\\\/\\\/ebabeauty-marbella.es\\\/wp-content\\\/uploads\\\/2024\\\/12\\\/Depilacion-laser-dioada-1-1024x745.jpg\",\"contentUrl\":\"https:\\\/\\\/ebabeauty-marbella.es\\\/wp-content\\\/uploads\\\/2024\\\/12\\\/Depilacion-laser-dioada-1-1024x745.jpg\"},{\"@type\":\"BreadcrumbList\",\"@id\":\"https:\\\/\\\/ebabeauty-marbella.es\\\/tratamientos-depilacion-puerto-banus\\\/#breadcrumb\",\"itemListElement\":[{\"@type\":\"ListItem\",\"position\":1,\"name\":\"Portada\",\"item\":\"https:\\\/\\\/ebabeauty-marbella.es\\\/\"},{\"@type\":\"ListItem\",\"position\":2,\"name\":\"Puerto Ban\u00fas Hair Removal Treatments\"}]},{\"@type\":\"WebSite\",\"@id\":\"https:\\\/\\\/ebabeauty-marbella.es\\\/#website\",\"url\":\"https:\\\/\\\/ebabeauty-marbella.es\\\/\",\"name\":\"Centro de Est\u00e9tica Eba Beauty en Puerto Ban\u00fas\",\"description\":\"Centro de Est\u00e9tica en Puerto Ban\u00fas, Marbella\",\"publisher\":{\"@id\":\"https:\\\/\\\/ebabeauty-marbella.es\\\/#\\\/schema\\\/person\\\/785ea009c95ea9dd674d2352df8cde55\"},\"alternateName\":\"Centro de Est\u00e9tica EBA BEAUTY de Elena Badini\",\"potentialAction\":[{\"@type\":\"SearchAction\",\"target\":{\"@type\":\"EntryPoint\",\"urlTemplate\":\"https:\\\/\\\/ebabeauty-marbella.es\\\/?s={search_term_string}\"},\"query-input\":{\"@type\":\"PropertyValueSpecification\",\"valueRequired\":true,\"valueName\":\"search_term_string\"}}],\"inLanguage\":\"en-US\"},{\"@type\":[\"Person\",\"Organization\"],\"@id\":\"https:\\\/\\\/ebabeauty-marbella.es\\\/#\\\/schema\\\/person\\\/785ea009c95ea9dd674d2352df8cde55\",\"name\":\"Elena Badini\",\"image\":{\"@type\":\"ImageObject\",\"inLanguage\":\"en-US\",\"@id\":\"https:\\\/\\\/ebabeauty-marbella.es\\\/wp-content\\\/uploads\\\/2024\\\/06\\\/logo-ebabeauty.webp\",\"url\":\"https:\\\/\\\/ebabeauty-marbella.es\\\/wp-content\\\/uploads\\\/2024\\\/06\\\/logo-ebabeauty.webp\",\"contentUrl\":\"https:\\\/\\\/ebabeauty-marbella.es\\\/wp-content\\\/uploads\\\/2024\\\/06\\\/logo-ebabeauty.webp\",\"width\":600,\"height\":329,\"caption\":\"Elena Badini\"},\"logo\":{\"@id\":\"https:\\\/\\\/ebabeauty-marbella.es\\\/wp-content\\\/uploads\\\/2024\\\/06\\\/logo-ebabeauty.webp\"},\"sameAs\":[\"https:\\\/\\\/pruebas2.mironeros.es\",\"https:\\\/\\\/www.facebook.com\\\/ebabeauty.marbella\",\"https:\\\/\\\/www.instagram.com\\\/eba_beauty_marbella\\\/\"]}]}<\/script>\n<!-- \/ Yoast SEO plugin. -->","yoast_head_json":{"title":"Hair Removal Treatments Puerto Ban\u00fas | EBA BEAUTY","description":"Hair Removal Treatments in Puerto Ban\u00fas. Diode Laser Hair Removal and Lyncon Waxing by EBA BEAUTY Marbella by Elena Badini.","robots":{"index":"index","follow":"follow","max-snippet":"max-snippet:-1","max-image-preview":"max-image-preview:large","max-video-preview":"max-video-preview:-1"},"canonical":"https:\/\/ebabeauty-marbella.es\/tratamientos-depilacion-puerto-banus\/","og_locale":"en_US","og_type":"article","og_title":"Hair Removal Treatments Puerto Ban\u00fas | EBA BEAUTY","og_description":"Hair Removal Treatments in Puerto Ban\u00fas. Diode Laser Hair Removal and Lyncon Waxing by EBA BEAUTY Marbella by Elena Badini.","og_url":"https:\/\/ebabeauty-marbella.es\/tratamientos-depilacion-puerto-banus\/","og_site_name":"Centro de Est\u00e9tica Eba Beauty","article_publisher":"https:\/\/www.facebook.com\/ebabeauty.marbella","article_modified_time":"2025-11-16T18:22:13+00:00","og_image":[{"width":1100,"height":800,"url":"https:\/\/ebabeauty-marbella.es\/wp-content\/uploads\/2024\/12\/Depilacion-laser-dioada-1.jpg","type":"image\/jpeg"}],"twitter_card":"summary_large_image","twitter_misc":{"Est. reading time":"2 minutes"},"schema":{"@context":"https:\/\/schema.org","@graph":[{"@type":"WebPage","@id":"https:\/\/ebabeauty-marbella.es\/tratamientos-depilacion-puerto-banus\/","url":"https:\/\/ebabeauty-marbella.es\/tratamientos-depilacion-puerto-banus\/","name":"Hair Removal Treatments Puerto Ban\u00fas | EBA BEAUTY","isPartOf":{"@id":"https:\/\/ebabeauty-marbella.es\/#website"},"primaryImageOfPage":{"@id":"https:\/\/ebabeauty-marbella.es\/tratamientos-depilacion-puerto-banus\/#primaryimage"},"image":{"@id":"https:\/\/ebabeauty-marbella.es\/tratamientos-depilacion-puerto-banus\/#primaryimage"},"thumbnailUrl":"https:\/\/ebabeauty-marbella.es\/wp-content\/uploads\/2024\/12\/Depilacion-laser-dioada-1-1024x745.jpg","datePublished":"2025-03-15T08:14:30+00:00","dateModified":"2025-11-16T18:22:13+00:00","description":"Hair Removal Treatments in Puerto Ban\u00fas. Diode Laser Hair Removal and Lyncon Waxing by EBA BEAUTY Marbella by Elena Badini.","breadcrumb":{"@id":"https:\/\/ebabeauty-marbella.es\/tratamientos-depilacion-puerto-banus\/#breadcrumb"},"inLanguage":"en-US","potentialAction":[{"@type":"ReadAction","target":["https:\/\/ebabeauty-marbella.es\/tratamientos-depilacion-puerto-banus\/"]}]},{"@type":"ImageObject","inLanguage":"en-US","@id":"https:\/\/ebabeauty-marbella.es\/tratamientos-depilacion-puerto-banus\/#primaryimage","url":"https:\/\/ebabeauty-marbella.es\/wp-content\/uploads\/2024\/12\/Depilacion-laser-dioada-1-1024x745.jpg","contentUrl":"https:\/\/ebabeauty-marbella.es\/wp-content\/uploads\/2024\/12\/Depilacion-laser-dioada-1-1024x745.jpg"},{"@type":"BreadcrumbList","@id":"https:\/\/ebabeauty-marbella.es\/tratamientos-depilacion-puerto-banus\/#breadcrumb","itemListElement":[{"@type":"ListItem","position":1,"name":"Portada","item":"https:\/\/ebabeauty-marbella.es\/"},{"@type":"ListItem","position":2,"name":"Puerto Ban\u00fas Hair Removal Treatments"}]},{"@type":"WebSite","@id":"https:\/\/ebabeauty-marbella.es\/#website","url":"https:\/\/ebabeauty-marbella.es\/","name":"Centro de Est\u00e9tica Eba Beauty en Puerto Ban\u00fas","description":"Centro de Est\u00e9tica en Puerto Ban\u00fas, Marbella","publisher":{"@id":"https:\/\/ebabeauty-marbella.es\/#\/schema\/person\/785ea009c95ea9dd674d2352df8cde55"},"alternateName":"Centro de Est\u00e9tica EBA BEAUTY de Elena Badini","potentialAction":[{"@type":"SearchAction","target":{"@type":"EntryPoint","urlTemplate":"https:\/\/ebabeauty-marbella.es\/?s={search_term_string}"},"query-input":{"@type":"PropertyValueSpecification","valueRequired":true,"valueName":"search_term_string"}}],"inLanguage":"en-US"},{"@type":["Person","Organization"],"@id":"https:\/\/ebabeauty-marbella.es\/#\/schema\/person\/785ea009c95ea9dd674d2352df8cde55","name":"Elena Badini","image":{"@type":"ImageObject","inLanguage":"en-US","@id":"https:\/\/ebabeauty-marbella.es\/wp-content\/uploads\/2024\/06\/logo-ebabeauty.webp","url":"https:\/\/ebabeauty-marbella.es\/wp-content\/uploads\/2024\/06\/logo-ebabeauty.webp","contentUrl":"https:\/\/ebabeauty-marbella.es\/wp-content\/uploads\/2024\/06\/logo-ebabeauty.webp","width":600,"height":329,"caption":"Elena Badini"},"logo":{"@id":"https:\/\/ebabeauty-marbella.es\/wp-content\/uploads\/2024\/06\/logo-ebabeauty.webp"},"sameAs":["https:\/\/pruebas2.mironeros.es","https:\/\/www.facebook.com\/ebabeauty.marbella","https:\/\/www.instagram.com\/eba_beauty_marbella\/"]}]}},"_links":{"self":[{"href":"https:\/\/ebabeauty-marbella.es\/en\/wp-json\/wp\/v2\/pages\/2158","targetHints":{"allow":["GET"]}}],"collection":[{"href":"https:\/\/ebabeauty-marbella.es\/en\/wp-json\/wp\/v2\/pages"}],"about":[{"href":"https:\/\/ebabeauty-marbella.es\/en\/wp-json\/wp\/v2\/types\/page"}],"author":[{"embeddable":true,"href":"https:\/\/ebabeauty-marbella.es\/en\/wp-json\/wp\/v2\/users\/3"}],"replies":[{"embeddable":true,"href":"https:\/\/ebabeauty-marbella.es\/en\/wp-json\/wp\/v2\/comments?post=2158"}],"version-history":[{"count":18,"href":"https:\/\/ebabeauty-marbella.es\/en\/wp-json\/wp\/v2\/pages\/2158\/revisions"}],"predecessor-version":[{"id":3805,"href":"https:\/\/ebabeauty-marbella.es\/en\/wp-json\/wp\/v2\/pages\/2158\/revisions\/3805"}],"wp:attachment":[{"href":"https:\/\/ebabeauty-marbella.es\/en\/wp-json\/wp\/v2\/media?parent=2158"}],"curies":[{"name":"wp","href":"https:\/\/api.w.org\/{rel}","templated":true}]}}