{"id":1155,"date":"2024-10-20T23:48:59","date_gmt":"2024-10-20T21:48:59","guid":{"rendered":"https:\/\/ebabeauty-marbella.es\/laminado-de-pestanas\/"},"modified":"2025-12-06T11:29:46","modified_gmt":"2025-12-06T10:29:46","slug":"eyelash-lamination","status":"publish","type":"page","link":"https:\/\/ebabeauty-marbella.es\/en\/eyelash-lamination\/","title":{"rendered":"Eyelash Lamination"},"content":{"rendered":"\t\t<div data-elementor-type=\"wp-page\" data-elementor-id=\"1155\" class=\"elementor elementor-1155 elementor-943\" data-elementor-post-type=\"page\">\n\t\t\t\t<div class=\"elementor-element elementor-element-5480529f e-flex e-con-boxed e-con e-parent\" data-id=\"5480529f\" data-element_type=\"container\" data-e-type=\"container\" data-settings=\"{&quot;background_background&quot;:&quot;classic&quot;}\">\n\t\t\t\t\t<div class=\"e-con-inner\">\n\t\t<div class=\"elementor-element elementor-element-4b6d2323 e-con-full e-flex e-con e-child\" data-id=\"4b6d2323\" data-element_type=\"container\" data-e-type=\"container\">\n\t\t\t\t<div class=\"elementor-element elementor-element-43febc18 elementor-widget elementor-widget-heading\" data-id=\"43febc18\" data-element_type=\"widget\" data-e-type=\"widget\" data-widget_type=\"heading.default\">\n\t\t\t\t<div class=\"elementor-widget-container\">\n\t\t\t\t\t<h1 class=\"elementor-heading-title elementor-size-default\">Eyelash Lamination in Puerto Ban\u00fas, Marbella \u00b7 Eba Beauty<\/h1>\t\t\t\t<\/div>\n\t\t\t\t<\/div>\n\t\t\t\t<\/div>\n\t\t\t\t\t<\/div>\n\t\t\t\t<\/div>\n\t\t<div class=\"elementor-element elementor-element-ac13185 e-flex e-con-boxed e-con e-parent\" data-id=\"ac13185\" data-element_type=\"container\" data-e-type=\"container\" data-settings=\"{&quot;background_background&quot;:&quot;classic&quot;}\">\n\t\t\t\t\t<div class=\"e-con-inner\">\n\t\t<div class=\"elementor-element elementor-element-483a585c e-con-full e-flex e-con e-child\" data-id=\"483a585c\" data-element_type=\"container\" data-e-type=\"container\">\n\t\t\t\t<div class=\"elementor-element elementor-element-41297689 elementor-widget elementor-widget-image\" data-id=\"41297689\" data-element_type=\"widget\" data-e-type=\"widget\" data-widget_type=\"image.default\">\n\t\t\t\t<div class=\"elementor-widget-container\">\n\t\t\t\t\t\t\t\t\t\t\t\t\t\t\t<img decoding=\"async\" src=\"https:\/\/ebabeauty-marbella.es\/wp-content\/uploads\/2025\/03\/Laminado_pestanas_Puerto_Banus-copy.jpg\" title=\"\" alt=\"\" loading=\"lazy\" \/>\t\t\t\t\t\t\t\t\t\t\t\t\t\t\t<\/div>\n\t\t\t\t<\/div>\n\t\t\t\t<\/div>\n\t\t<div class=\"elementor-element elementor-element-7a8d4f4 e-con-full e-flex e-con e-child\" data-id=\"7a8d4f4\" data-element_type=\"container\" data-e-type=\"container\">\n\t\t\t\t<div class=\"elementor-element elementor-element-710b402b elementor-headline--style-highlight elementor-widget elementor-widget-animated-headline\" data-id=\"710b402b\" data-element_type=\"widget\" data-e-type=\"widget\" data-settings=\"{&quot;highlighted_text&quot;:&quot;4 &amp; 8 weeks&quot;,&quot;headline_style&quot;:&quot;highlight&quot;,&quot;marker&quot;:&quot;circle&quot;,&quot;loop&quot;:&quot;yes&quot;,&quot;highlight_animation_duration&quot;:1200,&quot;highlight_iteration_delay&quot;:8000}\" data-widget_type=\"animated-headline.default\">\n\t\t\t\t<div class=\"elementor-widget-container\">\n\t\t\t\t\t\t\t<p class=\"elementor-headline\">\n\t\t\t\t\t<span class=\"elementor-headline-plain-text elementor-headline-text-wrapper\">Duration between<\/span>\n\t\t\t\t<span class=\"elementor-headline-dynamic-wrapper elementor-headline-text-wrapper\">\n\t\t\t\t\t<span class=\"elementor-headline-dynamic-text elementor-headline-text-active\">4 &amp; 8 weeks<\/span>\n\t\t\t\t<\/span>\n\t\t\t\t<\/p>\n\t\t\t\t\t\t<\/div>\n\t\t\t\t<\/div>\n\t\t\t\t<div class=\"elementor-element elementor-element-48f923b0 elementor-widget elementor-widget-heading\" data-id=\"48f923b0\" data-element_type=\"widget\" data-e-type=\"widget\" data-widget_type=\"heading.default\">\n\t\t\t\t<div class=\"elementor-widget-container\">\n\t\t\t\t\t<h2 class=\"elementor-heading-title elementor-size-default\">Natural Lift and Curl for an Elegant, Expressive Look<\/h2>\t\t\t\t<\/div>\n\t\t\t\t<\/div>\n\t\t\t\t<div class=\"elementor-element elementor-element-14b38da elementor-widget elementor-widget-text-editor\" data-id=\"14b38da\" data-element_type=\"widget\" data-e-type=\"widget\" data-widget_type=\"text-editor.default\">\n\t\t\t\t<div class=\"elementor-widget-container\">\n\t\t\t\t\t\t\t\t\t<p data-start=\"889\" data-end=\"1111\">Eyelash lamination is a gentle, non-invasive procedure that restructures your natural lashes to create a long-lasting lifting effect.<br data-start=\"1022\" data-end=\"1025\" \/>Using specialized solutions, we lift, set, and nourish the lashes to make them appear:<\/p><ul data-start=\"1113\" data-end=\"1177\"><li data-start=\"1113\" data-end=\"1123\"><p data-start=\"1115\" data-end=\"1123\">Longer<\/p><\/li><li data-start=\"1124\" data-end=\"1134\"><p data-start=\"1126\" data-end=\"1134\">Fuller<\/p><\/li><li data-start=\"1135\" data-end=\"1155\"><p data-start=\"1137\" data-end=\"1155\">Perfectly curled<\/p><\/li><li data-start=\"1156\" data-end=\"1177\"><p data-start=\"1158\" data-end=\"1177\">Naturally defined<\/p><\/li><\/ul>\t\t\t\t\t\t\t\t<\/div>\n\t\t\t\t<\/div>\n\t\t\t\t<div class=\"elementor-element elementor-element-469284e elementor-widget elementor-widget-heading\" data-id=\"469284e\" data-element_type=\"widget\" data-e-type=\"widget\" data-widget_type=\"heading.default\">\n\t\t\t\t<div class=\"elementor-widget-container\">\n\t\t\t\t\t<h2 class=\"elementor-heading-title elementor-size-default\">Benefits of Eyelash Lamination<\/h2>\t\t\t\t<\/div>\n\t\t\t\t<\/div>\n\t\t\t\t<div class=\"elementor-element elementor-element-5fd1035f elementor-widget elementor-widget-text-editor\" data-id=\"5fd1035f\" data-element_type=\"widget\" data-e-type=\"widget\" data-widget_type=\"text-editor.default\">\n\t\t\t\t<div class=\"elementor-widget-container\">\n\t\t\t\t\t\t\t\t\t<ul data-start=\"1327\" data-end=\"1754\"><li data-start=\"1327\" data-end=\"1438\"><p data-start=\"1329\" data-end=\"1438\"><strong data-start=\"1329\" data-end=\"1371\">Long-Lasting Natural Curl (6\u20138 Weeks):<\/strong> Enjoy beautifully lifted lashes without mascara or lash curlers.<\/p><\/li><li data-start=\"1439\" data-end=\"1555\"><p data-start=\"1441\" data-end=\"1555\"><strong data-start=\"1441\" data-end=\"1473\">More Open &amp; Expressive Eyes:<\/strong> The lifting effect visually enlarges the eyes and enhances your natural beauty.<\/p><\/li><li data-start=\"1556\" data-end=\"1664\"><p data-start=\"1558\" data-end=\"1664\"><strong data-start=\"1558\" data-end=\"1594\">Strengthens &amp; Conditions Lashes:<\/strong> Our nourishing formulas improve lash health, shine, and resilience.<\/p><\/li><li data-start=\"1665\" data-end=\"1754\"><p data-start=\"1667\" data-end=\"1754\"><strong data-start=\"1667\" data-end=\"1700\">100% Non-Invasive &amp; Painless:<\/strong> A comfortable, relaxing treatment with no downtime.<\/p><\/li><\/ul><hr data-start=\"1756\" data-end=\"1759\" \/><h3 data-start=\"1761\" data-end=\"1805\">\u00a0<\/h3>\t\t\t\t\t\t\t\t<\/div>\n\t\t\t\t<\/div>\n\t\t\t\t<div class=\"elementor-element elementor-element-6f81488c elementor-widget elementor-widget-heading\" data-id=\"6f81488c\" data-element_type=\"widget\" data-e-type=\"widget\" data-widget_type=\"heading.default\">\n\t\t\t\t<div class=\"elementor-widget-container\">\n\t\t\t\t\t<h2 class=\"elementor-heading-title elementor-size-default\">The Eyelash Lamination Procedure at Eba Beauty Marbella<\/h2>\t\t\t\t<\/div>\n\t\t\t\t<\/div>\n\t\t\t\t<div class=\"elementor-element elementor-element-ba0500e elementor-widget elementor-widget-text-editor\" data-id=\"ba0500e\" data-element_type=\"widget\" data-e-type=\"widget\" data-widget_type=\"text-editor.default\">\n\t\t\t\t<div class=\"elementor-widget-container\">\n\t\t\t\t\t\t\t\t\t<p data-start=\"2213\" data-end=\"2333\">At <strong data-start=\"2216\" data-end=\"2239\">Eba Beauty Marbella<\/strong>, we follow a precise, professional protocol to ensure flawless results. Our process includes:<\/p><ol data-start=\"2335\" data-end=\"2570\"><li data-start=\"2335\" data-end=\"2386\"><p data-start=\"2338\" data-end=\"2386\">Gentle preparation and cleansing of the lashes<\/p><\/li><li data-start=\"2387\" data-end=\"2459\"><p data-start=\"2390\" data-end=\"2459\">Application of a lifting solution to shape the lashes from the root<\/p><\/li><li data-start=\"2460\" data-end=\"2508\"><p data-start=\"2463\" data-end=\"2508\">Setting the new curl with a fixing solution<\/p><\/li><li data-start=\"2509\" data-end=\"2570\"><p data-start=\"2512\" data-end=\"2570\">A nourishing treatment to protect and hydrate the lashes<\/p><\/li><\/ol><p data-start=\"2572\" data-end=\"2660\">The result is a soft, lifted, and ultra-feminine curl that enhances your look instantly.<\/p>\t\t\t\t\t\t\t\t<\/div>\n\t\t\t\t<\/div>\n\t\t\t\t<\/div>\n\t\t\t\t\t<\/div>\n\t\t\t\t<\/div>\n\t\t<div class=\"elementor-element elementor-element-3c578bc9 e-flex e-con-boxed e-con e-parent\" data-id=\"3c578bc9\" data-element_type=\"container\" data-e-type=\"container\" data-settings=\"{&quot;background_background&quot;:&quot;classic&quot;}\">\n\t\t\t\t\t<div class=\"e-con-inner\">\n\t\t<div class=\"elementor-element elementor-element-d2124d e-con-full e-flex e-con e-child\" data-id=\"d2124d\" data-element_type=\"container\" data-e-type=\"container\" data-settings=\"{&quot;background_background&quot;:&quot;classic&quot;}\">\n\t\t\t\t<div class=\"elementor-element elementor-element-9571cc3 elementor-widget elementor-widget-heading\" data-id=\"9571cc3\" data-element_type=\"widget\" data-e-type=\"widget\" data-widget_type=\"heading.default\">\n\t\t\t\t<div class=\"elementor-widget-container\">\n\t\t\t\t\t<h1 class=\"elementor-heading-title elementor-size-default\">NUESTROS PRECIOS<\/h1>\t\t\t\t<\/div>\n\t\t\t\t<\/div>\n\t\t\t\t<div class=\"elementor-element elementor-element-4168a038 elementor-widget-tablet__width-inherit elementor-widget-mobile__width-inherit elementor-widget elementor-widget-text-editor\" data-id=\"4168a038\" data-element_type=\"widget\" data-e-type=\"widget\" data-widget_type=\"text-editor.default\">\n\t\t\t\t<div class=\"elementor-widget-container\">\n\t\t\t\t\t\t\t\t\t<p>Consulta aqu\u00ed todos nuestros tratamientos faciales y corporales, con descripciones completas en espa\u00f1ol.<\/p>\t\t\t\t\t\t\t\t<\/div>\n\t\t\t\t<\/div>\n\t\t\t\t<div class=\"elementor-element elementor-element-2743c186 elementor-widget elementor-widget-eael-creative-button\" data-id=\"2743c186\" data-element_type=\"widget\" data-e-type=\"widget\" data-widget_type=\"eael-creative-button.default\">\n\t\t\t\t<div class=\"elementor-widget-container\">\n\t\t\t\t\t        <div class=\"eael-creative-button-wrapper\">\n\n            <a class=\"eael-creative-button eael-creative-button--default\" href=\"https:\/\/drive.google.com\/file\/d\/1qvdYEg1_oRidfXoLaoZMZqZ8m32pdfkw\/view\" data-text=\"Go!\">\n            \t    \n                <div class=\"creative-button-inner\">\n\n                    \n                    <span class=\"cretive-button-text\">CONOCE NUESTROS PRECIOS<\/span>\n\n                                    <\/div>\n\t                        <\/a>\n        <\/div>\n        \t\t\t\t<\/div>\n\t\t\t\t<\/div>\n\t\t\t\t<\/div>\n\t\t<div class=\"elementor-element elementor-element-1b034999 e-con-full e-flex e-con e-child\" data-id=\"1b034999\" data-element_type=\"container\" data-e-type=\"container\" data-settings=\"{&quot;background_background&quot;:&quot;classic&quot;}\">\n\t\t\t\t<div class=\"elementor-element elementor-element-d08cad3 elementor-widget elementor-widget-heading\" data-id=\"d08cad3\" data-element_type=\"widget\" data-e-type=\"widget\" data-widget_type=\"heading.default\">\n\t\t\t\t<div class=\"elementor-widget-container\">\n\t\t\t\t\t<h1 class=\"elementor-heading-title elementor-size-default\">OUR PRICES<\/h1>\t\t\t\t<\/div>\n\t\t\t\t<\/div>\n\t\t\t\t<div class=\"elementor-element elementor-element-3e576ba9 elementor-widget-tablet__width-inherit elementor-widget-mobile__width-inherit elementor-widget elementor-widget-text-editor\" data-id=\"3e576ba9\" data-element_type=\"widget\" data-e-type=\"widget\" data-widget_type=\"text-editor.default\">\n\t\t\t\t<div class=\"elementor-widget-container\">\n\t\t\t\t\t\t\t\t\t<p>View all our facial and body treatments with full descriptions in English.<\/p>\t\t\t\t\t\t\t\t<\/div>\n\t\t\t\t<\/div>\n\t\t\t\t<div class=\"elementor-element elementor-element-12c44fc9 elementor-widget elementor-widget-eael-creative-button\" data-id=\"12c44fc9\" data-element_type=\"widget\" data-e-type=\"widget\" data-widget_type=\"eael-creative-button.default\">\n\t\t\t\t<div class=\"elementor-widget-container\">\n\t\t\t\t\t        <div class=\"eael-creative-button-wrapper\">\n\n            <a class=\"eael-creative-button eael-creative-button--default\" href=\"https:\/\/drive.google.com\/file\/d\/1Ez8UV6GwjIoLLSsFpS1G-8OagfSUippi\/view?usp=sharing\" data-text=\"Go!\">\n            \t    \n                <div class=\"creative-button-inner\">\n\n                    \n                    <span class=\"cretive-button-text\">CHECK OUT OUR PRICES<\/span>\n\n                                    <\/div>\n\t                        <\/a>\n        <\/div>\n        \t\t\t\t<\/div>\n\t\t\t\t<\/div>\n\t\t\t\t<\/div>\n\t\t\t\t\t<\/div>\n\t\t\t\t<\/div>\n\t\t\t\t<\/div>\n\t\t","protected":false},"excerpt":{"rendered":"<p>Eyelash Lamination in Puerto Ban\u00fas, Marbella \u00b7 Eba Beauty Duration between 4 &amp; 8 weeks Natural Lift and Curl for [&hellip;]<\/p>\n","protected":false},"author":3,"featured_media":0,"parent":0,"menu_order":0,"comment_status":"closed","ping_status":"closed","template":"","meta":{"site-sidebar-layout":"default","site-content-layout":"","ast-site-content-layout":"default","site-content-style":"default","site-sidebar-style":"default","ast-global-header-display":"","ast-banner-title-visibility":"","ast-main-header-display":"","ast-hfb-above-header-display":"","ast-hfb-below-header-display":"","ast-hfb-mobile-header-display":"","site-post-title":"disabled","ast-breadcrumbs-content":"","ast-featured-img":"","footer-sml-layout":"","ast-disable-related-posts":"","theme-transparent-header-meta":"","adv-header-id-meta":"","stick-header-meta":"","header-above-stick-meta":"","header-main-stick-meta":"","header-below-stick-meta":"","astra-migrate-meta-layouts":"default","ast-page-background-enabled":"default","ast-page-background-meta":{"desktop":{"background-color":"var(--ast-global-color-5)","background-image":"","background-repeat":"repeat","background-position":"center center","background-size":"auto","background-attachment":"scroll","background-type":"","background-media":"","overlay-type":"","overlay-color":"","overlay-opacity":"","overlay-gradient":""},"tablet":{"background-color":"","background-image":"","background-repeat":"repeat","background-position":"center center","background-size":"auto","background-attachment":"scroll","background-type":"","background-media":"","overlay-type":"","overlay-color":"","overlay-opacity":"","overlay-gradient":""},"mobile":{"background-color":"","background-image":"","background-repeat":"repeat","background-position":"center center","background-size":"auto","background-attachment":"scroll","background-type":"","background-media":"","overlay-type":"","overlay-color":"","overlay-opacity":"","overlay-gradient":""}},"ast-content-background-meta":{"desktop":{"background-color":"var(--ast-global-color-4)","background-image":"","background-repeat":"repeat","background-position":"center center","background-size":"auto","background-attachment":"scroll","background-type":"","background-media":"","overlay-type":"","overlay-color":"","overlay-opacity":"","overlay-gradient":""},"tablet":{"background-color":"var(--ast-global-color-4)","background-image":"","background-repeat":"repeat","background-position":"center center","background-size":"auto","background-attachment":"scroll","background-type":"","background-media":"","overlay-type":"","overlay-color":"","overlay-opacity":"","overlay-gradient":""},"mobile":{"background-color":"var(--ast-global-color-4)","background-image":"","background-repeat":"repeat","background-position":"center center","background-size":"auto","background-attachment":"scroll","background-type":"","background-media":"","overlay-type":"","overlay-color":"","overlay-opacity":"","overlay-gradient":""}},"_joinchat":[],"footnotes":""},"class_list":["post-1155","page","type-page","status-publish","hentry"],"yoast_head":"<!-- This site is optimized with the Yoast SEO plugin v27.3 - https:\/\/yoast.com\/product\/yoast-seo-wordpress\/ -->\n<title>Eyelash Lamination in Puerto Ban\u00fas, Marbella | Eba-Beauty<\/title>\n<meta name=\"description\" content=\"Eyelash lamination at Eba Beauty Marbella by Elena Badini is the perfect solution to enhance your look in a natural and long-lasting way.\" \/>\n<meta name=\"robots\" content=\"index, follow, max-snippet:-1, max-image-preview:large, max-video-preview:-1\" \/>\n<link rel=\"canonical\" href=\"https:\/\/ebabeauty-marbella.es\/laminado-de-pestanas\/\" \/>\n<meta property=\"og:locale\" content=\"en_US\" \/>\n<meta property=\"og:type\" content=\"article\" \/>\n<meta property=\"og:title\" content=\"Eyelash Lamination in Puerto Ban\u00fas, Marbella | Eba-Beauty\" \/>\n<meta property=\"og:description\" content=\"Eyelash lamination at Eba Beauty Marbella by Elena Badini is the perfect solution to enhance your look in a natural and long-lasting way.\" \/>\n<meta property=\"og:url\" content=\"https:\/\/ebabeauty-marbella.es\/laminado-de-pestanas\/\" \/>\n<meta property=\"og:site_name\" content=\"Centro de Est\u00e9tica Eba Beauty\" \/>\n<meta property=\"article:publisher\" content=\"https:\/\/www.facebook.com\/ebabeauty.marbella\" \/>\n<meta property=\"article:modified_time\" content=\"2025-12-06T10:29:46+00:00\" \/>\n<meta property=\"og:image\" content=\"https:\/\/ebabeauty-marbella.es\/wp-content\/uploads\/2025\/03\/Laminado_pestanas_Puerto_Banus-copy.jpg\" \/>\n<meta name=\"twitter:card\" content=\"summary_large_image\" \/>\n<meta name=\"twitter:label1\" content=\"Est. reading time\" \/>\n\t<meta name=\"twitter:data1\" content=\"2 minutes\" \/>\n<script type=\"application\/ld+json\" class=\"yoast-schema-graph\">{\"@context\":\"https:\\\/\\\/schema.org\",\"@graph\":[{\"@type\":\"WebPage\",\"@id\":\"https:\\\/\\\/ebabeauty-marbella.es\\\/laminado-de-pestanas\\\/\",\"url\":\"https:\\\/\\\/ebabeauty-marbella.es\\\/laminado-de-pestanas\\\/\",\"name\":\"Eyelash Lamination in Puerto Ban\u00fas, Marbella | Eba-Beauty\",\"isPartOf\":{\"@id\":\"https:\\\/\\\/ebabeauty-marbella.es\\\/#website\"},\"primaryImageOfPage\":{\"@id\":\"https:\\\/\\\/ebabeauty-marbella.es\\\/laminado-de-pestanas\\\/#primaryimage\"},\"image\":{\"@id\":\"https:\\\/\\\/ebabeauty-marbella.es\\\/laminado-de-pestanas\\\/#primaryimage\"},\"thumbnailUrl\":\"https:\\\/\\\/ebabeauty-marbella.es\\\/wp-content\\\/uploads\\\/2025\\\/03\\\/Laminado_pestanas_Puerto_Banus-copy.jpg\",\"datePublished\":\"2024-10-20T21:48:59+00:00\",\"dateModified\":\"2025-12-06T10:29:46+00:00\",\"description\":\"Eyelash lamination at Eba Beauty Marbella by Elena Badini is the perfect solution to enhance your look in a natural and long-lasting way.\",\"breadcrumb\":{\"@id\":\"https:\\\/\\\/ebabeauty-marbella.es\\\/laminado-de-pestanas\\\/#breadcrumb\"},\"inLanguage\":\"en-US\",\"potentialAction\":[{\"@type\":\"ReadAction\",\"target\":[\"https:\\\/\\\/ebabeauty-marbella.es\\\/laminado-de-pestanas\\\/\"]}]},{\"@type\":\"ImageObject\",\"inLanguage\":\"en-US\",\"@id\":\"https:\\\/\\\/ebabeauty-marbella.es\\\/laminado-de-pestanas\\\/#primaryimage\",\"url\":\"https:\\\/\\\/ebabeauty-marbella.es\\\/wp-content\\\/uploads\\\/2025\\\/03\\\/Laminado_pestanas_Puerto_Banus-copy.jpg\",\"contentUrl\":\"https:\\\/\\\/ebabeauty-marbella.es\\\/wp-content\\\/uploads\\\/2025\\\/03\\\/Laminado_pestanas_Puerto_Banus-copy.jpg\"},{\"@type\":\"BreadcrumbList\",\"@id\":\"https:\\\/\\\/ebabeauty-marbella.es\\\/laminado-de-pestanas\\\/#breadcrumb\",\"itemListElement\":[{\"@type\":\"ListItem\",\"position\":1,\"name\":\"Portada\",\"item\":\"https:\\\/\\\/ebabeauty-marbella.es\\\/\"},{\"@type\":\"ListItem\",\"position\":2,\"name\":\"Eyelash Lamination\"}]},{\"@type\":\"WebSite\",\"@id\":\"https:\\\/\\\/ebabeauty-marbella.es\\\/#website\",\"url\":\"https:\\\/\\\/ebabeauty-marbella.es\\\/\",\"name\":\"Centro de Est\u00e9tica Eba Beauty en Puerto Ban\u00fas\",\"description\":\"Centro de Est\u00e9tica en Puerto Ban\u00fas, Marbella\",\"publisher\":{\"@id\":\"https:\\\/\\\/ebabeauty-marbella.es\\\/#\\\/schema\\\/person\\\/785ea009c95ea9dd674d2352df8cde55\"},\"alternateName\":\"Centro de Est\u00e9tica EBA BEAUTY de Elena Badini\",\"potentialAction\":[{\"@type\":\"SearchAction\",\"target\":{\"@type\":\"EntryPoint\",\"urlTemplate\":\"https:\\\/\\\/ebabeauty-marbella.es\\\/?s={search_term_string}\"},\"query-input\":{\"@type\":\"PropertyValueSpecification\",\"valueRequired\":true,\"valueName\":\"search_term_string\"}}],\"inLanguage\":\"en-US\"},{\"@type\":[\"Person\",\"Organization\"],\"@id\":\"https:\\\/\\\/ebabeauty-marbella.es\\\/#\\\/schema\\\/person\\\/785ea009c95ea9dd674d2352df8cde55\",\"name\":\"Elena Badini\",\"image\":{\"@type\":\"ImageObject\",\"inLanguage\":\"en-US\",\"@id\":\"https:\\\/\\\/ebabeauty-marbella.es\\\/wp-content\\\/uploads\\\/2024\\\/06\\\/logo-ebabeauty.webp\",\"url\":\"https:\\\/\\\/ebabeauty-marbella.es\\\/wp-content\\\/uploads\\\/2024\\\/06\\\/logo-ebabeauty.webp\",\"contentUrl\":\"https:\\\/\\\/ebabeauty-marbella.es\\\/wp-content\\\/uploads\\\/2024\\\/06\\\/logo-ebabeauty.webp\",\"width\":600,\"height\":329,\"caption\":\"Elena Badini\"},\"logo\":{\"@id\":\"https:\\\/\\\/ebabeauty-marbella.es\\\/wp-content\\\/uploads\\\/2024\\\/06\\\/logo-ebabeauty.webp\"},\"sameAs\":[\"https:\\\/\\\/pruebas2.mironeros.es\",\"https:\\\/\\\/www.facebook.com\\\/ebabeauty.marbella\",\"https:\\\/\\\/www.instagram.com\\\/eba_beauty_marbella\\\/\"]}]}<\/script>\n<!-- \/ Yoast SEO plugin. -->","yoast_head_json":{"title":"Eyelash Lamination in Puerto Ban\u00fas, Marbella | Eba-Beauty","description":"Eyelash lamination at Eba Beauty Marbella by Elena Badini is the perfect solution to enhance your look in a natural and long-lasting way.","robots":{"index":"index","follow":"follow","max-snippet":"max-snippet:-1","max-image-preview":"max-image-preview:large","max-video-preview":"max-video-preview:-1"},"canonical":"https:\/\/ebabeauty-marbella.es\/laminado-de-pestanas\/","og_locale":"en_US","og_type":"article","og_title":"Eyelash Lamination in Puerto Ban\u00fas, Marbella | Eba-Beauty","og_description":"Eyelash lamination at Eba Beauty Marbella by Elena Badini is the perfect solution to enhance your look in a natural and long-lasting way.","og_url":"https:\/\/ebabeauty-marbella.es\/laminado-de-pestanas\/","og_site_name":"Centro de Est\u00e9tica Eba Beauty","article_publisher":"https:\/\/www.facebook.com\/ebabeauty.marbella","article_modified_time":"2025-12-06T10:29:46+00:00","og_image":[{"url":"https:\/\/ebabeauty-marbella.es\/wp-content\/uploads\/2025\/03\/Laminado_pestanas_Puerto_Banus-copy.jpg","type":"","width":"","height":""}],"twitter_card":"summary_large_image","twitter_misc":{"Est. reading time":"2 minutes"},"schema":{"@context":"https:\/\/schema.org","@graph":[{"@type":"WebPage","@id":"https:\/\/ebabeauty-marbella.es\/laminado-de-pestanas\/","url":"https:\/\/ebabeauty-marbella.es\/laminado-de-pestanas\/","name":"Eyelash Lamination in Puerto Ban\u00fas, Marbella | Eba-Beauty","isPartOf":{"@id":"https:\/\/ebabeauty-marbella.es\/#website"},"primaryImageOfPage":{"@id":"https:\/\/ebabeauty-marbella.es\/laminado-de-pestanas\/#primaryimage"},"image":{"@id":"https:\/\/ebabeauty-marbella.es\/laminado-de-pestanas\/#primaryimage"},"thumbnailUrl":"https:\/\/ebabeauty-marbella.es\/wp-content\/uploads\/2025\/03\/Laminado_pestanas_Puerto_Banus-copy.jpg","datePublished":"2024-10-20T21:48:59+00:00","dateModified":"2025-12-06T10:29:46+00:00","description":"Eyelash lamination at Eba Beauty Marbella by Elena Badini is the perfect solution to enhance your look in a natural and long-lasting way.","breadcrumb":{"@id":"https:\/\/ebabeauty-marbella.es\/laminado-de-pestanas\/#breadcrumb"},"inLanguage":"en-US","potentialAction":[{"@type":"ReadAction","target":["https:\/\/ebabeauty-marbella.es\/laminado-de-pestanas\/"]}]},{"@type":"ImageObject","inLanguage":"en-US","@id":"https:\/\/ebabeauty-marbella.es\/laminado-de-pestanas\/#primaryimage","url":"https:\/\/ebabeauty-marbella.es\/wp-content\/uploads\/2025\/03\/Laminado_pestanas_Puerto_Banus-copy.jpg","contentUrl":"https:\/\/ebabeauty-marbella.es\/wp-content\/uploads\/2025\/03\/Laminado_pestanas_Puerto_Banus-copy.jpg"},{"@type":"BreadcrumbList","@id":"https:\/\/ebabeauty-marbella.es\/laminado-de-pestanas\/#breadcrumb","itemListElement":[{"@type":"ListItem","position":1,"name":"Portada","item":"https:\/\/ebabeauty-marbella.es\/"},{"@type":"ListItem","position":2,"name":"Eyelash Lamination"}]},{"@type":"WebSite","@id":"https:\/\/ebabeauty-marbella.es\/#website","url":"https:\/\/ebabeauty-marbella.es\/","name":"Centro de Est\u00e9tica Eba Beauty en Puerto Ban\u00fas","description":"Centro de Est\u00e9tica en Puerto Ban\u00fas, Marbella","publisher":{"@id":"https:\/\/ebabeauty-marbella.es\/#\/schema\/person\/785ea009c95ea9dd674d2352df8cde55"},"alternateName":"Centro de Est\u00e9tica EBA BEAUTY de Elena Badini","potentialAction":[{"@type":"SearchAction","target":{"@type":"EntryPoint","urlTemplate":"https:\/\/ebabeauty-marbella.es\/?s={search_term_string}"},"query-input":{"@type":"PropertyValueSpecification","valueRequired":true,"valueName":"search_term_string"}}],"inLanguage":"en-US"},{"@type":["Person","Organization"],"@id":"https:\/\/ebabeauty-marbella.es\/#\/schema\/person\/785ea009c95ea9dd674d2352df8cde55","name":"Elena Badini","image":{"@type":"ImageObject","inLanguage":"en-US","@id":"https:\/\/ebabeauty-marbella.es\/wp-content\/uploads\/2024\/06\/logo-ebabeauty.webp","url":"https:\/\/ebabeauty-marbella.es\/wp-content\/uploads\/2024\/06\/logo-ebabeauty.webp","contentUrl":"https:\/\/ebabeauty-marbella.es\/wp-content\/uploads\/2024\/06\/logo-ebabeauty.webp","width":600,"height":329,"caption":"Elena Badini"},"logo":{"@id":"https:\/\/ebabeauty-marbella.es\/wp-content\/uploads\/2024\/06\/logo-ebabeauty.webp"},"sameAs":["https:\/\/pruebas2.mironeros.es","https:\/\/www.facebook.com\/ebabeauty.marbella","https:\/\/www.instagram.com\/eba_beauty_marbella\/"]}]}},"_links":{"self":[{"href":"https:\/\/ebabeauty-marbella.es\/en\/wp-json\/wp\/v2\/pages\/1155","targetHints":{"allow":["GET"]}}],"collection":[{"href":"https:\/\/ebabeauty-marbella.es\/en\/wp-json\/wp\/v2\/pages"}],"about":[{"href":"https:\/\/ebabeauty-marbella.es\/en\/wp-json\/wp\/v2\/types\/page"}],"author":[{"embeddable":true,"href":"https:\/\/ebabeauty-marbella.es\/en\/wp-json\/wp\/v2\/users\/3"}],"replies":[{"embeddable":true,"href":"https:\/\/ebabeauty-marbella.es\/en\/wp-json\/wp\/v2\/comments?post=1155"}],"version-history":[{"count":9,"href":"https:\/\/ebabeauty-marbella.es\/en\/wp-json\/wp\/v2\/pages\/1155\/revisions"}],"predecessor-version":[{"id":4182,"href":"https:\/\/ebabeauty-marbella.es\/en\/wp-json\/wp\/v2\/pages\/1155\/revisions\/4182"}],"wp:attachment":[{"href":"https:\/\/ebabeauty-marbella.es\/en\/wp-json\/wp\/v2\/media?parent=1155"}],"curies":[{"name":"wp","href":"https:\/\/api.w.org\/{rel}","templated":true}]}}