{"id":1151,"date":"2024-10-20T23:47:58","date_gmt":"2024-10-20T21:47:58","guid":{"rendered":"https:\/\/ebabeauty-marbella.es\/laminado-de-cejas\/"},"modified":"2025-12-06T11:29:28","modified_gmt":"2025-12-06T10:29:28","slug":"eyebrow-lamination","status":"publish","type":"page","link":"https:\/\/ebabeauty-marbella.es\/en\/eyebrow-lamination\/","title":{"rendered":"Eyebrow Lamination"},"content":{"rendered":"\t\t<div data-elementor-type=\"wp-page\" data-elementor-id=\"1151\" class=\"elementor elementor-1151 elementor-941\" data-elementor-post-type=\"page\">\n\t\t\t\t<div class=\"elementor-element elementor-element-44bb901 e-flex e-con-boxed e-con e-parent\" data-id=\"44bb901\" data-element_type=\"container\" data-e-type=\"container\" data-settings=\"{&quot;background_background&quot;:&quot;classic&quot;}\">\n\t\t\t\t\t<div class=\"e-con-inner\">\n\t\t<div class=\"elementor-element elementor-element-121aaf52 e-con-full e-flex e-con e-child\" data-id=\"121aaf52\" data-element_type=\"container\" data-e-type=\"container\">\n\t\t\t\t<div class=\"elementor-element elementor-element-2058bb2f elementor-widget elementor-widget-heading\" data-id=\"2058bb2f\" data-element_type=\"widget\" data-e-type=\"widget\" data-widget_type=\"heading.default\">\n\t\t\t\t<div class=\"elementor-widget-container\">\n\t\t\t\t\t<h1 class=\"elementor-heading-title elementor-size-default\">Eyebrow Lamination in Puerto Ban\u00fas, Marbella \u00b7 Eba Beauty<\/h1>\t\t\t\t<\/div>\n\t\t\t\t<\/div>\n\t\t\t\t<\/div>\n\t\t\t\t\t<\/div>\n\t\t\t\t<\/div>\n\t\t<div class=\"elementor-element elementor-element-448de359 e-flex e-con-boxed e-con e-parent\" data-id=\"448de359\" data-element_type=\"container\" data-e-type=\"container\" data-settings=\"{&quot;background_background&quot;:&quot;classic&quot;}\">\n\t\t\t\t\t<div class=\"e-con-inner\">\n\t\t<div class=\"elementor-element elementor-element-379f222f e-con-full e-flex e-con e-child\" data-id=\"379f222f\" data-element_type=\"container\" data-e-type=\"container\">\n\t\t\t\t<div class=\"elementor-element elementor-element-61339aef elementor-widget elementor-widget-image\" data-id=\"61339aef\" data-element_type=\"widget\" data-e-type=\"widget\" data-widget_type=\"image.default\">\n\t\t\t\t<div class=\"elementor-widget-container\">\n\t\t\t\t\t\t\t\t\t\t\t\t\t\t\t<img decoding=\"async\" src=\"https:\/\/ebabeauty-marbella.es\/wp-content\/uploads\/2025\/03\/laminado_de_cejas_Puerto_Banus.jpg\" title=\"\" alt=\"\" loading=\"lazy\" \/>\t\t\t\t\t\t\t\t\t\t\t\t\t\t\t<\/div>\n\t\t\t\t<\/div>\n\t\t\t\t<\/div>\n\t\t<div class=\"elementor-element elementor-element-141504b5 e-con-full e-flex e-con e-child\" data-id=\"141504b5\" data-element_type=\"container\" data-e-type=\"container\">\n\t\t\t\t<div class=\"elementor-element elementor-element-53f9f824 elementor-headline--style-highlight elementor-widget elementor-widget-animated-headline\" data-id=\"53f9f824\" data-element_type=\"widget\" data-e-type=\"widget\" data-settings=\"{&quot;highlighted_text&quot;:&quot;4 &amp; 8 weeks&quot;,&quot;headline_style&quot;:&quot;highlight&quot;,&quot;marker&quot;:&quot;circle&quot;,&quot;loop&quot;:&quot;yes&quot;,&quot;highlight_animation_duration&quot;:1200,&quot;highlight_iteration_delay&quot;:8000}\" data-widget_type=\"animated-headline.default\">\n\t\t\t\t<div class=\"elementor-widget-container\">\n\t\t\t\t\t\t\t<p class=\"elementor-headline\">\n\t\t\t\t\t<span class=\"elementor-headline-plain-text elementor-headline-text-wrapper\">duration between<\/span>\n\t\t\t\t<span class=\"elementor-headline-dynamic-wrapper elementor-headline-text-wrapper\">\n\t\t\t\t\t<span class=\"elementor-headline-dynamic-text elementor-headline-text-active\">4 &amp; 8 weeks<\/span>\n\t\t\t\t<\/span>\n\t\t\t\t<\/p>\n\t\t\t\t\t\t<\/div>\n\t\t\t\t<\/div>\n\t\t\t\t<div class=\"elementor-element elementor-element-3bf16542 elementor-widget elementor-widget-heading\" data-id=\"3bf16542\" data-element_type=\"widget\" data-e-type=\"widget\" data-widget_type=\"heading.default\">\n\t\t\t\t<div class=\"elementor-widget-container\">\n\t\t\t\t\t<h2 class=\"elementor-heading-title elementor-size-default\">Perfectly Shaped, Voluminous &amp; Long-Lasting Brows<\/h2>\t\t\t\t<\/div>\n\t\t\t\t<\/div>\n\t\t\t\t<div class=\"elementor-element elementor-element-5405907c elementor-widget elementor-widget-text-editor\" data-id=\"5405907c\" data-element_type=\"widget\" data-e-type=\"widget\" data-widget_type=\"text-editor.default\">\n\t\t\t\t<div class=\"elementor-widget-container\">\n\t\t\t\t\t\t\t\t\t<p data-start=\"867\" data-end=\"1074\">Eyebrow lamination is a gentle, non-invasive procedure that reshapes and sets the brows in a desired direction. Special lifting and fixing solutions soften the hair so it can be brushed and molded, creating:<\/p><ul data-start=\"1076\" data-end=\"1226\"><li data-start=\"1076\" data-end=\"1113\"><p data-start=\"1078\" data-end=\"1113\">A fuller, thicker brow appearance<\/p><\/li><li data-start=\"1114\" data-end=\"1144\"><p data-start=\"1116\" data-end=\"1144\">A neat, well-defined shape<\/p><\/li><li data-start=\"1145\" data-end=\"1177\"><p data-start=\"1147\" data-end=\"1177\">A natural \u201cbrow lift\u201d effect<\/p><\/li><li data-start=\"1178\" data-end=\"1226\"><p data-start=\"1180\" data-end=\"1226\">A sleek, groomed finish that lasts for weeks<\/p><\/li><\/ul>\t\t\t\t\t\t\t\t<\/div>\n\t\t\t\t<\/div>\n\t\t\t\t<div class=\"elementor-element elementor-element-77036740 elementor-widget elementor-widget-heading\" data-id=\"77036740\" data-element_type=\"widget\" data-e-type=\"widget\" data-widget_type=\"heading.default\">\n\t\t\t\t<div class=\"elementor-widget-container\">\n\t\t\t\t\t<h2 class=\"elementor-heading-title elementor-size-default\">Benefits of Eyebrow Lamination<\/h2>\t\t\t\t<\/div>\n\t\t\t\t<\/div>\n\t\t\t\t<div class=\"elementor-element elementor-element-4f2f55fc elementor-widget elementor-widget-text-editor\" data-id=\"4f2f55fc\" data-element_type=\"widget\" data-e-type=\"widget\" data-widget_type=\"text-editor.default\">\n\t\t\t\t<div class=\"elementor-widget-container\">\n\t\t\t\t\t\t\t\t\t<ul data-start=\"1389\" data-end=\"1705\"><li data-start=\"1389\" data-end=\"1451\"><p data-start=\"1391\" data-end=\"1451\"><strong data-start=\"1391\" data-end=\"1417\">Fuller, Thicker Brows:<\/strong> Enhances volume without makeup.<\/p><\/li><li data-start=\"1452\" data-end=\"1536\"><p data-start=\"1454\" data-end=\"1536\"><strong data-start=\"1454\" data-end=\"1482\">Perfectly Defined Shape:<\/strong> Controls unruly hairs for a clean, structured look.<\/p><\/li><li data-start=\"1537\" data-end=\"1616\"><p data-start=\"1539\" data-end=\"1616\"><strong data-start=\"1539\" data-end=\"1559\">Lasts 4\u20138 Weeks:<\/strong> Enjoy beautifully styled brows with zero daily effort.<\/p><\/li><li data-start=\"1617\" data-end=\"1705\"><p data-start=\"1619\" data-end=\"1705\"><strong data-start=\"1619\" data-end=\"1647\">Non-Invasive &amp; Painless:<\/strong> No needles, no downtime\u2014just naturally perfected brows.<\/p><\/li><\/ul>\t\t\t\t\t\t\t\t<\/div>\n\t\t\t\t<\/div>\n\t\t\t\t<div class=\"elementor-element elementor-element-2b5d8a75 elementor-widget elementor-widget-heading\" data-id=\"2b5d8a75\" data-element_type=\"widget\" data-e-type=\"widget\" data-widget_type=\"heading.default\">\n\t\t\t\t<div class=\"elementor-widget-container\">\n\t\t\t\t\t<h2 class=\"elementor-heading-title elementor-size-default\">The Eyebrow Lamination Procedure at Eba Beauty Marbella<\/h2>\t\t\t\t<\/div>\n\t\t\t\t<\/div>\n\t\t\t\t<div class=\"elementor-element elementor-element-9724c4b elementor-widget elementor-widget-text-editor\" data-id=\"9724c4b\" data-element_type=\"widget\" data-e-type=\"widget\" data-widget_type=\"text-editor.default\">\n\t\t\t\t<div class=\"elementor-widget-container\">\n\t\t\t\t\t\t\t\t\t<p data-start=\"2128\" data-end=\"2200\">At <strong data-start=\"2131\" data-end=\"2154\">Eba Beauty Marbella<\/strong>, we follow a meticulous, professional method:<\/p><ol data-start=\"2202\" data-end=\"2475\"><li data-start=\"2202\" data-end=\"2240\"><p data-start=\"2205\" data-end=\"2240\">We cleanse and prepare the brows.<\/p><\/li><li data-start=\"2241\" data-end=\"2289\"><p data-start=\"2244\" data-end=\"2289\">A gentle lifting solution softens the hair.<\/p><\/li><li data-start=\"2290\" data-end=\"2349\"><p data-start=\"2293\" data-end=\"2349\">Brows are structured and brushed into the ideal shape.<\/p><\/li><li data-start=\"2350\" data-end=\"2409\"><p data-start=\"2353\" data-end=\"2409\">A fixing lotion sets the design for long-lasting hold.<\/p><\/li><li data-start=\"2410\" data-end=\"2475\"><p data-start=\"2413\" data-end=\"2475\">Nourishing products condition the hair for shine and softness.<\/p><\/li><\/ol><p data-start=\"2477\" data-end=\"2572\">The result is a noticeable lifting effect that opens the eyes and frames your face beautifully.<\/p>\t\t\t\t\t\t\t\t<\/div>\n\t\t\t\t<\/div>\n\t\t\t\t<\/div>\n\t\t\t\t\t<\/div>\n\t\t\t\t<\/div>\n\t\t<div class=\"elementor-element elementor-element-68ad5e2f e-flex e-con-boxed e-con e-parent\" data-id=\"68ad5e2f\" data-element_type=\"container\" data-e-type=\"container\" data-settings=\"{&quot;background_background&quot;:&quot;classic&quot;}\">\n\t\t\t\t\t<div class=\"e-con-inner\">\n\t\t<div class=\"elementor-element elementor-element-2a7d7199 e-con-full e-flex e-con e-child\" data-id=\"2a7d7199\" data-element_type=\"container\" data-e-type=\"container\" data-settings=\"{&quot;background_background&quot;:&quot;classic&quot;}\">\n\t\t\t\t<div class=\"elementor-element elementor-element-3dd8b4f5 elementor-widget elementor-widget-heading\" data-id=\"3dd8b4f5\" data-element_type=\"widget\" data-e-type=\"widget\" data-widget_type=\"heading.default\">\n\t\t\t\t<div class=\"elementor-widget-container\">\n\t\t\t\t\t<h1 class=\"elementor-heading-title elementor-size-default\">NUESTROS PRECIOS<\/h1>\t\t\t\t<\/div>\n\t\t\t\t<\/div>\n\t\t\t\t<div class=\"elementor-element elementor-element-41b651a1 elementor-widget-tablet__width-inherit elementor-widget-mobile__width-inherit elementor-widget elementor-widget-text-editor\" data-id=\"41b651a1\" data-element_type=\"widget\" data-e-type=\"widget\" data-widget_type=\"text-editor.default\">\n\t\t\t\t<div class=\"elementor-widget-container\">\n\t\t\t\t\t\t\t\t\t<p>Consulta aqu\u00ed todos nuestros tratamientos faciales y corporales, con descripciones completas en espa\u00f1ol.<\/p>\t\t\t\t\t\t\t\t<\/div>\n\t\t\t\t<\/div>\n\t\t\t\t<div class=\"elementor-element elementor-element-9f45e16 elementor-widget elementor-widget-eael-creative-button\" data-id=\"9f45e16\" data-element_type=\"widget\" data-e-type=\"widget\" data-widget_type=\"eael-creative-button.default\">\n\t\t\t\t<div class=\"elementor-widget-container\">\n\t\t\t\t\t        <div class=\"eael-creative-button-wrapper\">\n\n            <a class=\"eael-creative-button eael-creative-button--default\" href=\"https:\/\/drive.google.com\/file\/d\/1qvdYEg1_oRidfXoLaoZMZqZ8m32pdfkw\/view\" data-text=\"Go!\">\n            \t    \n                <div class=\"creative-button-inner\">\n\n                    \n                    <span class=\"cretive-button-text\">CONOCE NUESTROS PRECIOS<\/span>\n\n                                    <\/div>\n\t                        <\/a>\n        <\/div>\n        \t\t\t\t<\/div>\n\t\t\t\t<\/div>\n\t\t\t\t<\/div>\n\t\t<div class=\"elementor-element elementor-element-38c7ba12 e-con-full e-flex e-con e-child\" data-id=\"38c7ba12\" data-element_type=\"container\" data-e-type=\"container\" data-settings=\"{&quot;background_background&quot;:&quot;classic&quot;}\">\n\t\t\t\t<div class=\"elementor-element elementor-element-6ef0b4f9 elementor-widget elementor-widget-heading\" data-id=\"6ef0b4f9\" data-element_type=\"widget\" data-e-type=\"widget\" data-widget_type=\"heading.default\">\n\t\t\t\t<div class=\"elementor-widget-container\">\n\t\t\t\t\t<h1 class=\"elementor-heading-title elementor-size-default\">OUR PRICES<\/h1>\t\t\t\t<\/div>\n\t\t\t\t<\/div>\n\t\t\t\t<div class=\"elementor-element elementor-element-5d0d55cc elementor-widget-tablet__width-inherit elementor-widget-mobile__width-inherit elementor-widget elementor-widget-text-editor\" data-id=\"5d0d55cc\" data-element_type=\"widget\" data-e-type=\"widget\" data-widget_type=\"text-editor.default\">\n\t\t\t\t<div class=\"elementor-widget-container\">\n\t\t\t\t\t\t\t\t\t<p>View all our facial and body treatments with full descriptions in English.<\/p>\t\t\t\t\t\t\t\t<\/div>\n\t\t\t\t<\/div>\n\t\t\t\t<div class=\"elementor-element elementor-element-7ae5b0c3 elementor-widget elementor-widget-eael-creative-button\" data-id=\"7ae5b0c3\" data-element_type=\"widget\" data-e-type=\"widget\" data-widget_type=\"eael-creative-button.default\">\n\t\t\t\t<div class=\"elementor-widget-container\">\n\t\t\t\t\t        <div class=\"eael-creative-button-wrapper\">\n\n            <a class=\"eael-creative-button eael-creative-button--default\" href=\"https:\/\/drive.google.com\/file\/d\/1Ez8UV6GwjIoLLSsFpS1G-8OagfSUippi\/view?usp=sharing\" data-text=\"Go!\">\n            \t    \n                <div class=\"creative-button-inner\">\n\n                    \n                    <span class=\"cretive-button-text\">CHECK OUT OUR PRICES<\/span>\n\n                                    <\/div>\n\t                        <\/a>\n        <\/div>\n        \t\t\t\t<\/div>\n\t\t\t\t<\/div>\n\t\t\t\t<\/div>\n\t\t\t\t\t<\/div>\n\t\t\t\t<\/div>\n\t\t\t\t<\/div>\n\t\t","protected":false},"excerpt":{"rendered":"<p>Eyebrow Lamination in Puerto Ban\u00fas, Marbella \u00b7 Eba Beauty duration between 4 &amp; 8 weeks Perfectly Shaped, Voluminous &amp; Long-Lasting [&hellip;]<\/p>\n","protected":false},"author":3,"featured_media":0,"parent":0,"menu_order":0,"comment_status":"closed","ping_status":"closed","template":"","meta":{"site-sidebar-layout":"default","site-content-layout":"","ast-site-content-layout":"default","site-content-style":"default","site-sidebar-style":"default","ast-global-header-display":"","ast-banner-title-visibility":"","ast-main-header-display":"","ast-hfb-above-header-display":"","ast-hfb-below-header-display":"","ast-hfb-mobile-header-display":"","site-post-title":"disabled","ast-breadcrumbs-content":"","ast-featured-img":"","footer-sml-layout":"","ast-disable-related-posts":"","theme-transparent-header-meta":"","adv-header-id-meta":"","stick-header-meta":"","header-above-stick-meta":"","header-main-stick-meta":"","header-below-stick-meta":"","astra-migrate-meta-layouts":"default","ast-page-background-enabled":"default","ast-page-background-meta":{"desktop":{"background-color":"var(--ast-global-color-5)","background-image":"","background-repeat":"repeat","background-position":"center center","background-size":"auto","background-attachment":"scroll","background-type":"","background-media":"","overlay-type":"","overlay-color":"","overlay-opacity":"","overlay-gradient":""},"tablet":{"background-color":"","background-image":"","background-repeat":"repeat","background-position":"center center","background-size":"auto","background-attachment":"scroll","background-type":"","background-media":"","overlay-type":"","overlay-color":"","overlay-opacity":"","overlay-gradient":""},"mobile":{"background-color":"","background-image":"","background-repeat":"repeat","background-position":"center center","background-size":"auto","background-attachment":"scroll","background-type":"","background-media":"","overlay-type":"","overlay-color":"","overlay-opacity":"","overlay-gradient":""}},"ast-content-background-meta":{"desktop":{"background-color":"var(--ast-global-color-4)","background-image":"","background-repeat":"repeat","background-position":"center center","background-size":"auto","background-attachment":"scroll","background-type":"","background-media":"","overlay-type":"","overlay-color":"","overlay-opacity":"","overlay-gradient":""},"tablet":{"background-color":"var(--ast-global-color-4)","background-image":"","background-repeat":"repeat","background-position":"center center","background-size":"auto","background-attachment":"scroll","background-type":"","background-media":"","overlay-type":"","overlay-color":"","overlay-opacity":"","overlay-gradient":""},"mobile":{"background-color":"var(--ast-global-color-4)","background-image":"","background-repeat":"repeat","background-position":"center center","background-size":"auto","background-attachment":"scroll","background-type":"","background-media":"","overlay-type":"","overlay-color":"","overlay-opacity":"","overlay-gradient":""}},"_joinchat":[],"footnotes":""},"class_list":["post-1151","page","type-page","status-publish","hentry"],"yoast_head":"<!-- This site is optimized with the Yoast SEO plugin v27.3 - https:\/\/yoast.com\/product\/yoast-seo-wordpress\/ -->\n<title>Eyebrow Lamination in Puerto Ban\u00fas, Marbella | Eba-Beauty<\/title>\n<meta name=\"description\" content=\"Eyebrow lamination is a non-invasive procedure designed to align, lift and shape the eyebrows. Contact us or make an appointment\" \/>\n<meta name=\"robots\" content=\"index, follow, max-snippet:-1, max-image-preview:large, max-video-preview:-1\" \/>\n<link rel=\"canonical\" href=\"https:\/\/ebabeauty-marbella.es\/laminado-de-cejas\/\" \/>\n<meta property=\"og:locale\" content=\"en_US\" \/>\n<meta property=\"og:type\" content=\"article\" \/>\n<meta property=\"og:title\" content=\"Eyebrow Lamination in Puerto Ban\u00fas, Marbella | Eba-Beauty\" \/>\n<meta property=\"og:description\" content=\"Eyebrow lamination is a non-invasive procedure designed to align, lift and shape the eyebrows. Contact us or make an appointment\" \/>\n<meta property=\"og:url\" content=\"https:\/\/ebabeauty-marbella.es\/laminado-de-cejas\/\" \/>\n<meta property=\"og:site_name\" content=\"Centro de Est\u00e9tica Eba Beauty\" \/>\n<meta property=\"article:publisher\" content=\"https:\/\/www.facebook.com\/ebabeauty.marbella\" \/>\n<meta property=\"article:modified_time\" content=\"2025-12-06T10:29:28+00:00\" \/>\n<meta property=\"og:image\" content=\"https:\/\/ebabeauty-marbella.es\/wp-content\/uploads\/2025\/03\/laminado_de_cejas_Puerto_Banus.jpg\" \/>\n<meta name=\"twitter:card\" content=\"summary_large_image\" \/>\n<meta name=\"twitter:label1\" content=\"Est. reading time\" \/>\n\t<meta name=\"twitter:data1\" content=\"2 minutes\" \/>\n<script type=\"application\/ld+json\" class=\"yoast-schema-graph\">{\"@context\":\"https:\\\/\\\/schema.org\",\"@graph\":[{\"@type\":\"WebPage\",\"@id\":\"https:\\\/\\\/ebabeauty-marbella.es\\\/laminado-de-cejas\\\/\",\"url\":\"https:\\\/\\\/ebabeauty-marbella.es\\\/laminado-de-cejas\\\/\",\"name\":\"Eyebrow Lamination in Puerto Ban\u00fas, Marbella | Eba-Beauty\",\"isPartOf\":{\"@id\":\"https:\\\/\\\/ebabeauty-marbella.es\\\/#website\"},\"primaryImageOfPage\":{\"@id\":\"https:\\\/\\\/ebabeauty-marbella.es\\\/laminado-de-cejas\\\/#primaryimage\"},\"image\":{\"@id\":\"https:\\\/\\\/ebabeauty-marbella.es\\\/laminado-de-cejas\\\/#primaryimage\"},\"thumbnailUrl\":\"https:\\\/\\\/ebabeauty-marbella.es\\\/wp-content\\\/uploads\\\/2025\\\/03\\\/laminado_de_cejas_Puerto_Banus.jpg\",\"datePublished\":\"2024-10-20T21:47:58+00:00\",\"dateModified\":\"2025-12-06T10:29:28+00:00\",\"description\":\"Eyebrow lamination is a non-invasive procedure designed to align, lift and shape the eyebrows. Contact us or make an appointment\",\"breadcrumb\":{\"@id\":\"https:\\\/\\\/ebabeauty-marbella.es\\\/laminado-de-cejas\\\/#breadcrumb\"},\"inLanguage\":\"en-US\",\"potentialAction\":[{\"@type\":\"ReadAction\",\"target\":[\"https:\\\/\\\/ebabeauty-marbella.es\\\/laminado-de-cejas\\\/\"]}]},{\"@type\":\"ImageObject\",\"inLanguage\":\"en-US\",\"@id\":\"https:\\\/\\\/ebabeauty-marbella.es\\\/laminado-de-cejas\\\/#primaryimage\",\"url\":\"https:\\\/\\\/ebabeauty-marbella.es\\\/wp-content\\\/uploads\\\/2025\\\/03\\\/laminado_de_cejas_Puerto_Banus.jpg\",\"contentUrl\":\"https:\\\/\\\/ebabeauty-marbella.es\\\/wp-content\\\/uploads\\\/2025\\\/03\\\/laminado_de_cejas_Puerto_Banus.jpg\"},{\"@type\":\"BreadcrumbList\",\"@id\":\"https:\\\/\\\/ebabeauty-marbella.es\\\/laminado-de-cejas\\\/#breadcrumb\",\"itemListElement\":[{\"@type\":\"ListItem\",\"position\":1,\"name\":\"Portada\",\"item\":\"https:\\\/\\\/ebabeauty-marbella.es\\\/\"},{\"@type\":\"ListItem\",\"position\":2,\"name\":\"Eyebrow Lamination\"}]},{\"@type\":\"WebSite\",\"@id\":\"https:\\\/\\\/ebabeauty-marbella.es\\\/#website\",\"url\":\"https:\\\/\\\/ebabeauty-marbella.es\\\/\",\"name\":\"Centro de Est\u00e9tica Eba Beauty en Puerto Ban\u00fas\",\"description\":\"Centro de Est\u00e9tica en Puerto Ban\u00fas, Marbella\",\"publisher\":{\"@id\":\"https:\\\/\\\/ebabeauty-marbella.es\\\/#\\\/schema\\\/person\\\/785ea009c95ea9dd674d2352df8cde55\"},\"alternateName\":\"Centro de Est\u00e9tica EBA BEAUTY de Elena Badini\",\"potentialAction\":[{\"@type\":\"SearchAction\",\"target\":{\"@type\":\"EntryPoint\",\"urlTemplate\":\"https:\\\/\\\/ebabeauty-marbella.es\\\/?s={search_term_string}\"},\"query-input\":{\"@type\":\"PropertyValueSpecification\",\"valueRequired\":true,\"valueName\":\"search_term_string\"}}],\"inLanguage\":\"en-US\"},{\"@type\":[\"Person\",\"Organization\"],\"@id\":\"https:\\\/\\\/ebabeauty-marbella.es\\\/#\\\/schema\\\/person\\\/785ea009c95ea9dd674d2352df8cde55\",\"name\":\"Elena Badini\",\"image\":{\"@type\":\"ImageObject\",\"inLanguage\":\"en-US\",\"@id\":\"https:\\\/\\\/ebabeauty-marbella.es\\\/wp-content\\\/uploads\\\/2024\\\/06\\\/logo-ebabeauty.webp\",\"url\":\"https:\\\/\\\/ebabeauty-marbella.es\\\/wp-content\\\/uploads\\\/2024\\\/06\\\/logo-ebabeauty.webp\",\"contentUrl\":\"https:\\\/\\\/ebabeauty-marbella.es\\\/wp-content\\\/uploads\\\/2024\\\/06\\\/logo-ebabeauty.webp\",\"width\":600,\"height\":329,\"caption\":\"Elena Badini\"},\"logo\":{\"@id\":\"https:\\\/\\\/ebabeauty-marbella.es\\\/wp-content\\\/uploads\\\/2024\\\/06\\\/logo-ebabeauty.webp\"},\"sameAs\":[\"https:\\\/\\\/pruebas2.mironeros.es\",\"https:\\\/\\\/www.facebook.com\\\/ebabeauty.marbella\",\"https:\\\/\\\/www.instagram.com\\\/eba_beauty_marbella\\\/\"]}]}<\/script>\n<!-- \/ Yoast SEO plugin. -->","yoast_head_json":{"title":"Eyebrow Lamination in Puerto Ban\u00fas, Marbella | Eba-Beauty","description":"Eyebrow lamination is a non-invasive procedure designed to align, lift and shape the eyebrows. Contact us or make an appointment","robots":{"index":"index","follow":"follow","max-snippet":"max-snippet:-1","max-image-preview":"max-image-preview:large","max-video-preview":"max-video-preview:-1"},"canonical":"https:\/\/ebabeauty-marbella.es\/laminado-de-cejas\/","og_locale":"en_US","og_type":"article","og_title":"Eyebrow Lamination in Puerto Ban\u00fas, Marbella | Eba-Beauty","og_description":"Eyebrow lamination is a non-invasive procedure designed to align, lift and shape the eyebrows. Contact us or make an appointment","og_url":"https:\/\/ebabeauty-marbella.es\/laminado-de-cejas\/","og_site_name":"Centro de Est\u00e9tica Eba Beauty","article_publisher":"https:\/\/www.facebook.com\/ebabeauty.marbella","article_modified_time":"2025-12-06T10:29:28+00:00","og_image":[{"url":"https:\/\/ebabeauty-marbella.es\/wp-content\/uploads\/2025\/03\/laminado_de_cejas_Puerto_Banus.jpg","type":"","width":"","height":""}],"twitter_card":"summary_large_image","twitter_misc":{"Est. reading time":"2 minutes"},"schema":{"@context":"https:\/\/schema.org","@graph":[{"@type":"WebPage","@id":"https:\/\/ebabeauty-marbella.es\/laminado-de-cejas\/","url":"https:\/\/ebabeauty-marbella.es\/laminado-de-cejas\/","name":"Eyebrow Lamination in Puerto Ban\u00fas, Marbella | Eba-Beauty","isPartOf":{"@id":"https:\/\/ebabeauty-marbella.es\/#website"},"primaryImageOfPage":{"@id":"https:\/\/ebabeauty-marbella.es\/laminado-de-cejas\/#primaryimage"},"image":{"@id":"https:\/\/ebabeauty-marbella.es\/laminado-de-cejas\/#primaryimage"},"thumbnailUrl":"https:\/\/ebabeauty-marbella.es\/wp-content\/uploads\/2025\/03\/laminado_de_cejas_Puerto_Banus.jpg","datePublished":"2024-10-20T21:47:58+00:00","dateModified":"2025-12-06T10:29:28+00:00","description":"Eyebrow lamination is a non-invasive procedure designed to align, lift and shape the eyebrows. Contact us or make an appointment","breadcrumb":{"@id":"https:\/\/ebabeauty-marbella.es\/laminado-de-cejas\/#breadcrumb"},"inLanguage":"en-US","potentialAction":[{"@type":"ReadAction","target":["https:\/\/ebabeauty-marbella.es\/laminado-de-cejas\/"]}]},{"@type":"ImageObject","inLanguage":"en-US","@id":"https:\/\/ebabeauty-marbella.es\/laminado-de-cejas\/#primaryimage","url":"https:\/\/ebabeauty-marbella.es\/wp-content\/uploads\/2025\/03\/laminado_de_cejas_Puerto_Banus.jpg","contentUrl":"https:\/\/ebabeauty-marbella.es\/wp-content\/uploads\/2025\/03\/laminado_de_cejas_Puerto_Banus.jpg"},{"@type":"BreadcrumbList","@id":"https:\/\/ebabeauty-marbella.es\/laminado-de-cejas\/#breadcrumb","itemListElement":[{"@type":"ListItem","position":1,"name":"Portada","item":"https:\/\/ebabeauty-marbella.es\/"},{"@type":"ListItem","position":2,"name":"Eyebrow Lamination"}]},{"@type":"WebSite","@id":"https:\/\/ebabeauty-marbella.es\/#website","url":"https:\/\/ebabeauty-marbella.es\/","name":"Centro de Est\u00e9tica Eba Beauty en Puerto Ban\u00fas","description":"Centro de Est\u00e9tica en Puerto Ban\u00fas, Marbella","publisher":{"@id":"https:\/\/ebabeauty-marbella.es\/#\/schema\/person\/785ea009c95ea9dd674d2352df8cde55"},"alternateName":"Centro de Est\u00e9tica EBA BEAUTY de Elena Badini","potentialAction":[{"@type":"SearchAction","target":{"@type":"EntryPoint","urlTemplate":"https:\/\/ebabeauty-marbella.es\/?s={search_term_string}"},"query-input":{"@type":"PropertyValueSpecification","valueRequired":true,"valueName":"search_term_string"}}],"inLanguage":"en-US"},{"@type":["Person","Organization"],"@id":"https:\/\/ebabeauty-marbella.es\/#\/schema\/person\/785ea009c95ea9dd674d2352df8cde55","name":"Elena Badini","image":{"@type":"ImageObject","inLanguage":"en-US","@id":"https:\/\/ebabeauty-marbella.es\/wp-content\/uploads\/2024\/06\/logo-ebabeauty.webp","url":"https:\/\/ebabeauty-marbella.es\/wp-content\/uploads\/2024\/06\/logo-ebabeauty.webp","contentUrl":"https:\/\/ebabeauty-marbella.es\/wp-content\/uploads\/2024\/06\/logo-ebabeauty.webp","width":600,"height":329,"caption":"Elena Badini"},"logo":{"@id":"https:\/\/ebabeauty-marbella.es\/wp-content\/uploads\/2024\/06\/logo-ebabeauty.webp"},"sameAs":["https:\/\/pruebas2.mironeros.es","https:\/\/www.facebook.com\/ebabeauty.marbella","https:\/\/www.instagram.com\/eba_beauty_marbella\/"]}]}},"_links":{"self":[{"href":"https:\/\/ebabeauty-marbella.es\/en\/wp-json\/wp\/v2\/pages\/1151","targetHints":{"allow":["GET"]}}],"collection":[{"href":"https:\/\/ebabeauty-marbella.es\/en\/wp-json\/wp\/v2\/pages"}],"about":[{"href":"https:\/\/ebabeauty-marbella.es\/en\/wp-json\/wp\/v2\/types\/page"}],"author":[{"embeddable":true,"href":"https:\/\/ebabeauty-marbella.es\/en\/wp-json\/wp\/v2\/users\/3"}],"replies":[{"embeddable":true,"href":"https:\/\/ebabeauty-marbella.es\/en\/wp-json\/wp\/v2\/comments?post=1151"}],"version-history":[{"count":10,"href":"https:\/\/ebabeauty-marbella.es\/en\/wp-json\/wp\/v2\/pages\/1151\/revisions"}],"predecessor-version":[{"id":4178,"href":"https:\/\/ebabeauty-marbella.es\/en\/wp-json\/wp\/v2\/pages\/1151\/revisions\/4178"}],"wp:attachment":[{"href":"https:\/\/ebabeauty-marbella.es\/en\/wp-json\/wp\/v2\/media?parent=1151"}],"curies":[{"name":"wp","href":"https:\/\/api.w.org\/{rel}","templated":true}]}}