{"id":1145,"date":"2024-10-20T23:46:52","date_gmt":"2024-10-20T21:46:52","guid":{"rendered":"https:\/\/ebabeauty-marbella.es\/remodelacion-de-cejas-con-tinte\/"},"modified":"2025-12-06T11:30:35","modified_gmt":"2025-12-06T10:30:35","slug":"eyebrow-tint-remodeling","status":"publish","type":"page","link":"https:\/\/ebabeauty-marbella.es\/en\/eyebrow-tint-remodeling\/","title":{"rendered":"Eyebrow Tint Remodeling"},"content":{"rendered":"\t\t<div data-elementor-type=\"wp-page\" data-elementor-id=\"1145\" class=\"elementor elementor-1145 elementor-939\" data-elementor-post-type=\"page\">\n\t\t\t\t<div class=\"elementor-element elementor-element-7da2841f e-flex e-con-boxed e-con e-parent\" data-id=\"7da2841f\" data-element_type=\"container\" data-e-type=\"container\" data-settings=\"{&quot;background_background&quot;:&quot;classic&quot;}\">\n\t\t\t\t\t<div class=\"e-con-inner\">\n\t\t<div class=\"elementor-element elementor-element-52f4914a e-con-full e-flex e-con e-child\" data-id=\"52f4914a\" data-element_type=\"container\" data-e-type=\"container\">\n\t\t\t\t<div class=\"elementor-element elementor-element-a6de05a elementor-widget elementor-widget-heading\" data-id=\"a6de05a\" data-element_type=\"widget\" data-e-type=\"widget\" data-widget_type=\"heading.default\">\n\t\t\t\t<div class=\"elementor-widget-container\">\n\t\t\t\t\t<h1 class=\"elementor-heading-title elementor-size-default\">Eyebrow Tint Remodeling \u00b7 Puerto Ban\u00fas, Marbella<\/h1>\t\t\t\t<\/div>\n\t\t\t\t<\/div>\n\t\t\t\t<\/div>\n\t\t\t\t\t<\/div>\n\t\t\t\t<\/div>\n\t\t<div class=\"elementor-element elementor-element-50f41399 e-flex e-con-boxed e-con e-parent\" data-id=\"50f41399\" data-element_type=\"container\" data-e-type=\"container\" data-settings=\"{&quot;background_background&quot;:&quot;classic&quot;}\">\n\t\t\t\t\t<div class=\"e-con-inner\">\n\t\t<div class=\"elementor-element elementor-element-17589e7f e-con-full e-flex e-con e-child\" data-id=\"17589e7f\" data-element_type=\"container\" data-e-type=\"container\">\n\t\t\t\t<div class=\"elementor-element elementor-element-49ec788c elementor-widget elementor-widget-image\" data-id=\"49ec788c\" data-element_type=\"widget\" data-e-type=\"widget\" data-widget_type=\"image.default\">\n\t\t\t\t<div class=\"elementor-widget-container\">\n\t\t\t\t\t\t\t\t\t\t\t\t\t\t\t<img decoding=\"async\" src=\"https:\/\/ebabeauty-marbella.es\/wp-content\/uploads\/2025\/03\/remodelacion_cejas_con_tinte.jpg\" title=\"\" alt=\"\" loading=\"lazy\" \/>\t\t\t\t\t\t\t\t\t\t\t\t\t\t\t<\/div>\n\t\t\t\t<\/div>\n\t\t\t\t<\/div>\n\t\t<div class=\"elementor-element elementor-element-29cdbbb5 e-con-full e-flex e-con e-child\" data-id=\"29cdbbb5\" data-element_type=\"container\" data-e-type=\"container\">\n\t\t\t\t<div class=\"elementor-element elementor-element-26f8fd50 elementor-headline--style-highlight elementor-widget elementor-widget-animated-headline\" data-id=\"26f8fd50\" data-element_type=\"widget\" data-e-type=\"widget\" data-settings=\"{&quot;highlighted_text&quot;:&quot;20-40min&quot;,&quot;headline_style&quot;:&quot;highlight&quot;,&quot;marker&quot;:&quot;circle&quot;,&quot;loop&quot;:&quot;yes&quot;,&quot;highlight_animation_duration&quot;:1200,&quot;highlight_iteration_delay&quot;:8000}\" data-widget_type=\"animated-headline.default\">\n\t\t\t\t<div class=\"elementor-widget-container\">\n\t\t\t\t\t\t\t<p class=\"elementor-headline\">\n\t\t\t\t\t<span class=\"elementor-headline-plain-text elementor-headline-text-wrapper\">Duration between<\/span>\n\t\t\t\t<span class=\"elementor-headline-dynamic-wrapper elementor-headline-text-wrapper\">\n\t\t\t\t\t<span class=\"elementor-headline-dynamic-text elementor-headline-text-active\">20-40min<\/span>\n\t\t\t\t<\/span>\n\t\t\t\t<\/p>\n\t\t\t\t\t\t<\/div>\n\t\t\t\t<\/div>\n\t\t\t\t<div class=\"elementor-element elementor-element-6de3d15a elementor-widget elementor-widget-heading\" data-id=\"6de3d15a\" data-element_type=\"widget\" data-e-type=\"widget\" data-widget_type=\"heading.default\">\n\t\t\t\t<div class=\"elementor-widget-container\">\n\t\t\t\t\t<h2 class=\"elementor-heading-title elementor-size-default\">Eyebrow Tint Remodeling<\/h2>\t\t\t\t<\/div>\n\t\t\t\t<\/div>\n\t\t\t\t<div class=\"elementor-element elementor-element-1b9e3ffe elementor-widget elementor-widget-text-editor\" data-id=\"1b9e3ffe\" data-element_type=\"widget\" data-e-type=\"widget\" data-widget_type=\"text-editor.default\">\n\t\t\t\t<div class=\"elementor-widget-container\">\n\t\t\t\t\t\t\t\t\t<p data-start=\"486\" data-end=\"817\">Eyebrow tint remodeling is a refined beauty treatment that enhances the natural color and definition of your brows without altering the skin underneath. At <strong data-start=\"642\" data-end=\"681\">Eba Beauty Marbella by Elena Badini<\/strong>, we use high-quality professional tints to create a soft, elegant, and naturally enhanced look that elevates your expression instantly.<\/p>\t\t\t\t\t\t\t\t<\/div>\n\t\t\t\t<\/div>\n\t\t\t\t<div class=\"elementor-element elementor-element-56870038 elementor-widget elementor-widget-heading\" data-id=\"56870038\" data-element_type=\"widget\" data-e-type=\"widget\" data-widget_type=\"heading.default\">\n\t\t\t\t<div class=\"elementor-widget-container\">\n\t\t\t\t\t<h2 class=\"elementor-heading-title elementor-size-default\">Benefits of Eyebrow Tint Remodeling<\/h2>\t\t\t\t<\/div>\n\t\t\t\t<\/div>\n\t\t\t\t<div class=\"elementor-element elementor-element-699818f3 elementor-widget elementor-widget-text-editor\" data-id=\"699818f3\" data-element_type=\"widget\" data-e-type=\"widget\" data-widget_type=\"text-editor.default\">\n\t\t\t\t<div class=\"elementor-widget-container\">\n\t\t\t\t\t\t\t\t\t<ul data-start=\"1360\" data-end=\"1773\"><li data-start=\"1360\" data-end=\"1474\"><p data-start=\"1362\" data-end=\"1474\"><strong data-start=\"1362\" data-end=\"1387\">Soft, Natural Finish:<\/strong> Perfect for clients who want definition without a bold or overly intense appearance.<\/p><\/li><li data-start=\"1475\" data-end=\"1574\"><p data-start=\"1477\" data-end=\"1574\"><strong data-start=\"1477\" data-end=\"1503\">Enhances Natural Hair:<\/strong> Tints each hair for a fuller-looking brow without staining the skin.<\/p><\/li><li data-start=\"1575\" data-end=\"1682\"><p data-start=\"1577\" data-end=\"1682\"><strong data-start=\"1577\" data-end=\"1597\">Lasts 3\u20134 Weeks:<\/strong> The color fades gradually and evenly, allowing easy maintenance and customization.<\/p><\/li><li data-start=\"1683\" data-end=\"1773\"><p data-start=\"1685\" data-end=\"1773\"><strong data-start=\"1685\" data-end=\"1719\">Quick, Non-Invasive Treatment:<\/strong> Immediate improvement in shape, depth, and balance.<\/p><\/li><\/ul>\t\t\t\t\t\t\t\t<\/div>\n\t\t\t\t<\/div>\n\t\t\t\t<div class=\"elementor-element elementor-element-2b8e248f elementor-widget elementor-widget-heading\" data-id=\"2b8e248f\" data-element_type=\"widget\" data-e-type=\"widget\" data-widget_type=\"heading.default\">\n\t\t\t\t<div class=\"elementor-widget-container\">\n\t\t\t\t\t<h2 class=\"elementor-heading-title elementor-size-default\">Who Is Eyebrow Tint Remodeling Ideal For?<\/h2>\t\t\t\t<\/div>\n\t\t\t\t<\/div>\n\t\t\t\t<div class=\"elementor-element elementor-element-36bdda23 elementor-widget elementor-widget-text-editor\" data-id=\"36bdda23\" data-element_type=\"widget\" data-e-type=\"widget\" data-widget_type=\"text-editor.default\">\n\t\t\t\t<div class=\"elementor-widget-container\">\n\t\t\t\t\t\t\t\t\t<p data-start=\"1831\" data-end=\"1876\">This treatment is ideal for clients who want:<\/p><ul data-start=\"1878\" data-end=\"2059\"><li data-start=\"1878\" data-end=\"1906\"><p data-start=\"1880\" data-end=\"1906\">Natural brow enhancement<\/p><\/li><li data-start=\"1907\" data-end=\"1952\"><p data-start=\"1909\" data-end=\"1952\">More definition without a dramatic effect<\/p><\/li><li data-start=\"1953\" data-end=\"2007\"><p data-start=\"1955\" data-end=\"2007\">Subtle shaping to complement their facial features<\/p><\/li><li data-start=\"2008\" data-end=\"2059\"><p data-start=\"2010\" data-end=\"2059\">A softer option compared to henna or lamination<\/p><\/li><\/ul><p data-start=\"2061\" data-end=\"2109\">Perfect for light, sparse, or fine eyebrow hair.<\/p>\t\t\t\t\t\t\t\t<\/div>\n\t\t\t\t<\/div>\n\t\t\t\t<\/div>\n\t\t\t\t\t<\/div>\n\t\t\t\t<\/div>\n\t\t<div class=\"elementor-element elementor-element-65efed64 e-flex e-con-boxed e-con e-parent\" data-id=\"65efed64\" data-element_type=\"container\" data-e-type=\"container\" data-settings=\"{&quot;background_background&quot;:&quot;classic&quot;}\">\n\t\t\t\t\t<div class=\"e-con-inner\">\n\t\t<div class=\"elementor-element elementor-element-413223a1 e-con-full e-flex e-con e-child\" data-id=\"413223a1\" data-element_type=\"container\" data-e-type=\"container\" data-settings=\"{&quot;background_background&quot;:&quot;classic&quot;}\">\n\t\t\t\t<div class=\"elementor-element elementor-element-50b421be elementor-widget elementor-widget-heading\" data-id=\"50b421be\" data-element_type=\"widget\" data-e-type=\"widget\" data-widget_type=\"heading.default\">\n\t\t\t\t<div class=\"elementor-widget-container\">\n\t\t\t\t\t<h1 class=\"elementor-heading-title elementor-size-default\">NUESTROS PRECIOS<\/h1>\t\t\t\t<\/div>\n\t\t\t\t<\/div>\n\t\t\t\t<div class=\"elementor-element elementor-element-36f50198 elementor-widget-tablet__width-inherit elementor-widget-mobile__width-inherit elementor-widget elementor-widget-text-editor\" data-id=\"36f50198\" data-element_type=\"widget\" data-e-type=\"widget\" data-widget_type=\"text-editor.default\">\n\t\t\t\t<div class=\"elementor-widget-container\">\n\t\t\t\t\t\t\t\t\t<p>Consulta aqu\u00ed todos nuestros tratamientos faciales y corporales, con descripciones completas en espa\u00f1ol.<\/p>\t\t\t\t\t\t\t\t<\/div>\n\t\t\t\t<\/div>\n\t\t\t\t<div class=\"elementor-element elementor-element-68b3735a elementor-widget elementor-widget-eael-creative-button\" data-id=\"68b3735a\" data-element_type=\"widget\" data-e-type=\"widget\" data-widget_type=\"eael-creative-button.default\">\n\t\t\t\t<div class=\"elementor-widget-container\">\n\t\t\t\t\t        <div class=\"eael-creative-button-wrapper\">\n\n            <a class=\"eael-creative-button eael-creative-button--default\" href=\"https:\/\/drive.google.com\/file\/d\/1qvdYEg1_oRidfXoLaoZMZqZ8m32pdfkw\/view\" data-text=\"Go!\">\n            \t    \n                <div class=\"creative-button-inner\">\n\n                    \n                    <span class=\"cretive-button-text\">CONOCE NUESTROS PRECIOS<\/span>\n\n                                    <\/div>\n\t                        <\/a>\n        <\/div>\n        \t\t\t\t<\/div>\n\t\t\t\t<\/div>\n\t\t\t\t<\/div>\n\t\t<div class=\"elementor-element elementor-element-f6abe0b e-con-full e-flex e-con e-child\" data-id=\"f6abe0b\" data-element_type=\"container\" data-e-type=\"container\" data-settings=\"{&quot;background_background&quot;:&quot;classic&quot;}\">\n\t\t\t\t<div class=\"elementor-element elementor-element-1f85b3f5 elementor-widget elementor-widget-heading\" data-id=\"1f85b3f5\" data-element_type=\"widget\" data-e-type=\"widget\" data-widget_type=\"heading.default\">\n\t\t\t\t<div class=\"elementor-widget-container\">\n\t\t\t\t\t<h1 class=\"elementor-heading-title elementor-size-default\">OUR PRICES<\/h1>\t\t\t\t<\/div>\n\t\t\t\t<\/div>\n\t\t\t\t<div class=\"elementor-element elementor-element-8bbb516 elementor-widget-tablet__width-inherit elementor-widget-mobile__width-inherit elementor-widget elementor-widget-text-editor\" data-id=\"8bbb516\" data-element_type=\"widget\" data-e-type=\"widget\" data-widget_type=\"text-editor.default\">\n\t\t\t\t<div class=\"elementor-widget-container\">\n\t\t\t\t\t\t\t\t\t<p>View all our facial and body treatments with full descriptions in English.<\/p>\t\t\t\t\t\t\t\t<\/div>\n\t\t\t\t<\/div>\n\t\t\t\t<div class=\"elementor-element elementor-element-a434bfd elementor-widget elementor-widget-eael-creative-button\" data-id=\"a434bfd\" data-element_type=\"widget\" data-e-type=\"widget\" data-widget_type=\"eael-creative-button.default\">\n\t\t\t\t<div class=\"elementor-widget-container\">\n\t\t\t\t\t        <div class=\"eael-creative-button-wrapper\">\n\n            <a class=\"eael-creative-button eael-creative-button--default\" href=\"https:\/\/drive.google.com\/file\/d\/1Ez8UV6GwjIoLLSsFpS1G-8OagfSUippi\/view?usp=sharing\" data-text=\"Go!\">\n            \t    \n                <div class=\"creative-button-inner\">\n\n                    \n                    <span class=\"cretive-button-text\">CHECK OUT OUR PRICES<\/span>\n\n                                    <\/div>\n\t                        <\/a>\n        <\/div>\n        \t\t\t\t<\/div>\n\t\t\t\t<\/div>\n\t\t\t\t<\/div>\n\t\t\t\t\t<\/div>\n\t\t\t\t<\/div>\n\t\t\t\t<\/div>\n\t\t","protected":false},"excerpt":{"rendered":"<p>Eyebrow Tint Remodeling \u00b7 Puerto Ban\u00fas, Marbella Duration between 20-40min Eyebrow Tint Remodeling Eyebrow tint remodeling is a refined beauty [&hellip;]<\/p>\n","protected":false},"author":3,"featured_media":0,"parent":0,"menu_order":0,"comment_status":"closed","ping_status":"closed","template":"","meta":{"site-sidebar-layout":"default","site-content-layout":"","ast-site-content-layout":"default","site-content-style":"default","site-sidebar-style":"default","ast-global-header-display":"","ast-banner-title-visibility":"","ast-main-header-display":"","ast-hfb-above-header-display":"","ast-hfb-below-header-display":"","ast-hfb-mobile-header-display":"","site-post-title":"disabled","ast-breadcrumbs-content":"","ast-featured-img":"","footer-sml-layout":"","ast-disable-related-posts":"","theme-transparent-header-meta":"","adv-header-id-meta":"","stick-header-meta":"","header-above-stick-meta":"","header-main-stick-meta":"","header-below-stick-meta":"","astra-migrate-meta-layouts":"default","ast-page-background-enabled":"default","ast-page-background-meta":{"desktop":{"background-color":"var(--ast-global-color-5)","background-image":"","background-repeat":"repeat","background-position":"center center","background-size":"auto","background-attachment":"scroll","background-type":"","background-media":"","overlay-type":"","overlay-color":"","overlay-opacity":"","overlay-gradient":""},"tablet":{"background-color":"","background-image":"","background-repeat":"repeat","background-position":"center center","background-size":"auto","background-attachment":"scroll","background-type":"","background-media":"","overlay-type":"","overlay-color":"","overlay-opacity":"","overlay-gradient":""},"mobile":{"background-color":"","background-image":"","background-repeat":"repeat","background-position":"center center","background-size":"auto","background-attachment":"scroll","background-type":"","background-media":"","overlay-type":"","overlay-color":"","overlay-opacity":"","overlay-gradient":""}},"ast-content-background-meta":{"desktop":{"background-color":"var(--ast-global-color-4)","background-image":"","background-repeat":"repeat","background-position":"center center","background-size":"auto","background-attachment":"scroll","background-type":"","background-media":"","overlay-type":"","overlay-color":"","overlay-opacity":"","overlay-gradient":""},"tablet":{"background-color":"var(--ast-global-color-4)","background-image":"","background-repeat":"repeat","background-position":"center center","background-size":"auto","background-attachment":"scroll","background-type":"","background-media":"","overlay-type":"","overlay-color":"","overlay-opacity":"","overlay-gradient":""},"mobile":{"background-color":"var(--ast-global-color-4)","background-image":"","background-repeat":"repeat","background-position":"center center","background-size":"auto","background-attachment":"scroll","background-type":"","background-media":"","overlay-type":"","overlay-color":"","overlay-opacity":"","overlay-gradient":""}},"_joinchat":[],"footnotes":""},"class_list":["post-1145","page","type-page","status-publish","hentry"],"yoast_head":"<!-- This site is optimized with the Yoast SEO plugin v27.3 - https:\/\/yoast.com\/product\/yoast-seo-wordpress\/ -->\n<title>Eyebrow Tint Remodeling in Puerto Ban\u00fas, Marbella | Eba-Beauty<\/title>\n<meta name=\"description\" content=\"Eyebrow reshaping with tint is an aesthetic treatment designed to define and color your eyebrows in a subtle and natural way.\" \/>\n<meta name=\"robots\" content=\"index, follow, max-snippet:-1, max-image-preview:large, max-video-preview:-1\" \/>\n<link rel=\"canonical\" href=\"https:\/\/ebabeauty-marbella.es\/remodelacion-de-cejas-con-tinte\/\" \/>\n<meta property=\"og:locale\" content=\"en_US\" \/>\n<meta property=\"og:type\" content=\"article\" \/>\n<meta property=\"og:title\" content=\"Eyebrow Tint Remodeling in Puerto Ban\u00fas, Marbella | Eba-Beauty\" \/>\n<meta property=\"og:description\" content=\"Eyebrow reshaping with tint is an aesthetic treatment designed to define and color your eyebrows in a subtle and natural way.\" \/>\n<meta property=\"og:url\" content=\"https:\/\/ebabeauty-marbella.es\/remodelacion-de-cejas-con-tinte\/\" \/>\n<meta property=\"og:site_name\" content=\"Centro de Est\u00e9tica Eba Beauty\" \/>\n<meta property=\"article:publisher\" content=\"https:\/\/www.facebook.com\/ebabeauty.marbella\" \/>\n<meta property=\"article:modified_time\" content=\"2025-12-06T10:30:35+00:00\" \/>\n<meta property=\"og:image\" content=\"https:\/\/ebabeauty-marbella.es\/wp-content\/uploads\/2025\/03\/remodelacion_cejas_con_tinte.jpg\" \/>\n<meta name=\"twitter:card\" content=\"summary_large_image\" \/>\n<meta name=\"twitter:label1\" content=\"Est. reading time\" \/>\n\t<meta name=\"twitter:data1\" content=\"2 minutes\" \/>\n<script type=\"application\/ld+json\" class=\"yoast-schema-graph\">{\"@context\":\"https:\\\/\\\/schema.org\",\"@graph\":[{\"@type\":\"WebPage\",\"@id\":\"https:\\\/\\\/ebabeauty-marbella.es\\\/remodelacion-de-cejas-con-tinte\\\/\",\"url\":\"https:\\\/\\\/ebabeauty-marbella.es\\\/remodelacion-de-cejas-con-tinte\\\/\",\"name\":\"Eyebrow Tint Remodeling in Puerto Ban\u00fas, Marbella | Eba-Beauty\",\"isPartOf\":{\"@id\":\"https:\\\/\\\/ebabeauty-marbella.es\\\/#website\"},\"primaryImageOfPage\":{\"@id\":\"https:\\\/\\\/ebabeauty-marbella.es\\\/remodelacion-de-cejas-con-tinte\\\/#primaryimage\"},\"image\":{\"@id\":\"https:\\\/\\\/ebabeauty-marbella.es\\\/remodelacion-de-cejas-con-tinte\\\/#primaryimage\"},\"thumbnailUrl\":\"https:\\\/\\\/ebabeauty-marbella.es\\\/wp-content\\\/uploads\\\/2025\\\/03\\\/remodelacion_cejas_con_tinte.jpg\",\"datePublished\":\"2024-10-20T21:46:52+00:00\",\"dateModified\":\"2025-12-06T10:30:35+00:00\",\"description\":\"Eyebrow reshaping with tint is an aesthetic treatment designed to define and color your eyebrows in a subtle and natural way.\",\"breadcrumb\":{\"@id\":\"https:\\\/\\\/ebabeauty-marbella.es\\\/remodelacion-de-cejas-con-tinte\\\/#breadcrumb\"},\"inLanguage\":\"en-US\",\"potentialAction\":[{\"@type\":\"ReadAction\",\"target\":[\"https:\\\/\\\/ebabeauty-marbella.es\\\/remodelacion-de-cejas-con-tinte\\\/\"]}]},{\"@type\":\"ImageObject\",\"inLanguage\":\"en-US\",\"@id\":\"https:\\\/\\\/ebabeauty-marbella.es\\\/remodelacion-de-cejas-con-tinte\\\/#primaryimage\",\"url\":\"https:\\\/\\\/ebabeauty-marbella.es\\\/wp-content\\\/uploads\\\/2025\\\/03\\\/remodelacion_cejas_con_tinte.jpg\",\"contentUrl\":\"https:\\\/\\\/ebabeauty-marbella.es\\\/wp-content\\\/uploads\\\/2025\\\/03\\\/remodelacion_cejas_con_tinte.jpg\"},{\"@type\":\"BreadcrumbList\",\"@id\":\"https:\\\/\\\/ebabeauty-marbella.es\\\/remodelacion-de-cejas-con-tinte\\\/#breadcrumb\",\"itemListElement\":[{\"@type\":\"ListItem\",\"position\":1,\"name\":\"Portada\",\"item\":\"https:\\\/\\\/ebabeauty-marbella.es\\\/\"},{\"@type\":\"ListItem\",\"position\":2,\"name\":\"Eyebrow Tint Remodeling\"}]},{\"@type\":\"WebSite\",\"@id\":\"https:\\\/\\\/ebabeauty-marbella.es\\\/#website\",\"url\":\"https:\\\/\\\/ebabeauty-marbella.es\\\/\",\"name\":\"Centro de Est\u00e9tica Eba Beauty en Puerto Ban\u00fas\",\"description\":\"Centro de Est\u00e9tica en Puerto Ban\u00fas, Marbella\",\"publisher\":{\"@id\":\"https:\\\/\\\/ebabeauty-marbella.es\\\/#\\\/schema\\\/person\\\/785ea009c95ea9dd674d2352df8cde55\"},\"alternateName\":\"Centro de Est\u00e9tica EBA BEAUTY de Elena Badini\",\"potentialAction\":[{\"@type\":\"SearchAction\",\"target\":{\"@type\":\"EntryPoint\",\"urlTemplate\":\"https:\\\/\\\/ebabeauty-marbella.es\\\/?s={search_term_string}\"},\"query-input\":{\"@type\":\"PropertyValueSpecification\",\"valueRequired\":true,\"valueName\":\"search_term_string\"}}],\"inLanguage\":\"en-US\"},{\"@type\":[\"Person\",\"Organization\"],\"@id\":\"https:\\\/\\\/ebabeauty-marbella.es\\\/#\\\/schema\\\/person\\\/785ea009c95ea9dd674d2352df8cde55\",\"name\":\"Elena Badini\",\"image\":{\"@type\":\"ImageObject\",\"inLanguage\":\"en-US\",\"@id\":\"https:\\\/\\\/ebabeauty-marbella.es\\\/wp-content\\\/uploads\\\/2024\\\/06\\\/logo-ebabeauty.webp\",\"url\":\"https:\\\/\\\/ebabeauty-marbella.es\\\/wp-content\\\/uploads\\\/2024\\\/06\\\/logo-ebabeauty.webp\",\"contentUrl\":\"https:\\\/\\\/ebabeauty-marbella.es\\\/wp-content\\\/uploads\\\/2024\\\/06\\\/logo-ebabeauty.webp\",\"width\":600,\"height\":329,\"caption\":\"Elena Badini\"},\"logo\":{\"@id\":\"https:\\\/\\\/ebabeauty-marbella.es\\\/wp-content\\\/uploads\\\/2024\\\/06\\\/logo-ebabeauty.webp\"},\"sameAs\":[\"https:\\\/\\\/pruebas2.mironeros.es\",\"https:\\\/\\\/www.facebook.com\\\/ebabeauty.marbella\",\"https:\\\/\\\/www.instagram.com\\\/eba_beauty_marbella\\\/\"]}]}<\/script>\n<!-- \/ Yoast SEO plugin. -->","yoast_head_json":{"title":"Eyebrow Tint Remodeling in Puerto Ban\u00fas, Marbella | Eba-Beauty","description":"Eyebrow reshaping with tint is an aesthetic treatment designed to define and color your eyebrows in a subtle and natural way.","robots":{"index":"index","follow":"follow","max-snippet":"max-snippet:-1","max-image-preview":"max-image-preview:large","max-video-preview":"max-video-preview:-1"},"canonical":"https:\/\/ebabeauty-marbella.es\/remodelacion-de-cejas-con-tinte\/","og_locale":"en_US","og_type":"article","og_title":"Eyebrow Tint Remodeling in Puerto Ban\u00fas, Marbella | Eba-Beauty","og_description":"Eyebrow reshaping with tint is an aesthetic treatment designed to define and color your eyebrows in a subtle and natural way.","og_url":"https:\/\/ebabeauty-marbella.es\/remodelacion-de-cejas-con-tinte\/","og_site_name":"Centro de Est\u00e9tica Eba Beauty","article_publisher":"https:\/\/www.facebook.com\/ebabeauty.marbella","article_modified_time":"2025-12-06T10:30:35+00:00","og_image":[{"url":"https:\/\/ebabeauty-marbella.es\/wp-content\/uploads\/2025\/03\/remodelacion_cejas_con_tinte.jpg","type":"","width":"","height":""}],"twitter_card":"summary_large_image","twitter_misc":{"Est. reading time":"2 minutes"},"schema":{"@context":"https:\/\/schema.org","@graph":[{"@type":"WebPage","@id":"https:\/\/ebabeauty-marbella.es\/remodelacion-de-cejas-con-tinte\/","url":"https:\/\/ebabeauty-marbella.es\/remodelacion-de-cejas-con-tinte\/","name":"Eyebrow Tint Remodeling in Puerto Ban\u00fas, Marbella | Eba-Beauty","isPartOf":{"@id":"https:\/\/ebabeauty-marbella.es\/#website"},"primaryImageOfPage":{"@id":"https:\/\/ebabeauty-marbella.es\/remodelacion-de-cejas-con-tinte\/#primaryimage"},"image":{"@id":"https:\/\/ebabeauty-marbella.es\/remodelacion-de-cejas-con-tinte\/#primaryimage"},"thumbnailUrl":"https:\/\/ebabeauty-marbella.es\/wp-content\/uploads\/2025\/03\/remodelacion_cejas_con_tinte.jpg","datePublished":"2024-10-20T21:46:52+00:00","dateModified":"2025-12-06T10:30:35+00:00","description":"Eyebrow reshaping with tint is an aesthetic treatment designed to define and color your eyebrows in a subtle and natural way.","breadcrumb":{"@id":"https:\/\/ebabeauty-marbella.es\/remodelacion-de-cejas-con-tinte\/#breadcrumb"},"inLanguage":"en-US","potentialAction":[{"@type":"ReadAction","target":["https:\/\/ebabeauty-marbella.es\/remodelacion-de-cejas-con-tinte\/"]}]},{"@type":"ImageObject","inLanguage":"en-US","@id":"https:\/\/ebabeauty-marbella.es\/remodelacion-de-cejas-con-tinte\/#primaryimage","url":"https:\/\/ebabeauty-marbella.es\/wp-content\/uploads\/2025\/03\/remodelacion_cejas_con_tinte.jpg","contentUrl":"https:\/\/ebabeauty-marbella.es\/wp-content\/uploads\/2025\/03\/remodelacion_cejas_con_tinte.jpg"},{"@type":"BreadcrumbList","@id":"https:\/\/ebabeauty-marbella.es\/remodelacion-de-cejas-con-tinte\/#breadcrumb","itemListElement":[{"@type":"ListItem","position":1,"name":"Portada","item":"https:\/\/ebabeauty-marbella.es\/"},{"@type":"ListItem","position":2,"name":"Eyebrow Tint Remodeling"}]},{"@type":"WebSite","@id":"https:\/\/ebabeauty-marbella.es\/#website","url":"https:\/\/ebabeauty-marbella.es\/","name":"Centro de Est\u00e9tica Eba Beauty en Puerto Ban\u00fas","description":"Centro de Est\u00e9tica en Puerto Ban\u00fas, Marbella","publisher":{"@id":"https:\/\/ebabeauty-marbella.es\/#\/schema\/person\/785ea009c95ea9dd674d2352df8cde55"},"alternateName":"Centro de Est\u00e9tica EBA BEAUTY de Elena Badini","potentialAction":[{"@type":"SearchAction","target":{"@type":"EntryPoint","urlTemplate":"https:\/\/ebabeauty-marbella.es\/?s={search_term_string}"},"query-input":{"@type":"PropertyValueSpecification","valueRequired":true,"valueName":"search_term_string"}}],"inLanguage":"en-US"},{"@type":["Person","Organization"],"@id":"https:\/\/ebabeauty-marbella.es\/#\/schema\/person\/785ea009c95ea9dd674d2352df8cde55","name":"Elena Badini","image":{"@type":"ImageObject","inLanguage":"en-US","@id":"https:\/\/ebabeauty-marbella.es\/wp-content\/uploads\/2024\/06\/logo-ebabeauty.webp","url":"https:\/\/ebabeauty-marbella.es\/wp-content\/uploads\/2024\/06\/logo-ebabeauty.webp","contentUrl":"https:\/\/ebabeauty-marbella.es\/wp-content\/uploads\/2024\/06\/logo-ebabeauty.webp","width":600,"height":329,"caption":"Elena Badini"},"logo":{"@id":"https:\/\/ebabeauty-marbella.es\/wp-content\/uploads\/2024\/06\/logo-ebabeauty.webp"},"sameAs":["https:\/\/pruebas2.mironeros.es","https:\/\/www.facebook.com\/ebabeauty.marbella","https:\/\/www.instagram.com\/eba_beauty_marbella\/"]}]}},"_links":{"self":[{"href":"https:\/\/ebabeauty-marbella.es\/en\/wp-json\/wp\/v2\/pages\/1145","targetHints":{"allow":["GET"]}}],"collection":[{"href":"https:\/\/ebabeauty-marbella.es\/en\/wp-json\/wp\/v2\/pages"}],"about":[{"href":"https:\/\/ebabeauty-marbella.es\/en\/wp-json\/wp\/v2\/types\/page"}],"author":[{"embeddable":true,"href":"https:\/\/ebabeauty-marbella.es\/en\/wp-json\/wp\/v2\/users\/3"}],"replies":[{"embeddable":true,"href":"https:\/\/ebabeauty-marbella.es\/en\/wp-json\/wp\/v2\/comments?post=1145"}],"version-history":[{"count":12,"href":"https:\/\/ebabeauty-marbella.es\/en\/wp-json\/wp\/v2\/pages\/1145\/revisions"}],"predecessor-version":[{"id":4190,"href":"https:\/\/ebabeauty-marbella.es\/en\/wp-json\/wp\/v2\/pages\/1145\/revisions\/4190"}],"wp:attachment":[{"href":"https:\/\/ebabeauty-marbella.es\/en\/wp-json\/wp\/v2\/media?parent=1145"}],"curies":[{"name":"wp","href":"https:\/\/api.w.org\/{rel}","templated":true}]}}