{"id":1017,"date":"2024-09-27T12:44:57","date_gmt":"2024-09-27T10:44:57","guid":{"rendered":"https:\/\/ebabeauty-marbella.es\/dermaplaning-facial\/"},"modified":"2025-11-25T16:07:49","modified_gmt":"2025-11-25T15:07:49","slug":"facial-dermaplaning","status":"publish","type":"page","link":"https:\/\/ebabeauty-marbella.es\/en\/facial-dermaplaning\/","title":{"rendered":"Facial Dermaplaning"},"content":{"rendered":"\t\t<div data-elementor-type=\"wp-page\" data-elementor-id=\"1017\" class=\"elementor elementor-1017 elementor-702\" data-elementor-post-type=\"page\">\n\t\t\t\t<div class=\"elementor-element elementor-element-1d3e4ca8 e-flex e-con-boxed e-con e-parent\" data-id=\"1d3e4ca8\" data-element_type=\"container\" data-e-type=\"container\" data-settings=\"{&quot;background_background&quot;:&quot;classic&quot;}\">\n\t\t\t\t\t<div class=\"e-con-inner\">\n\t\t<div class=\"elementor-element elementor-element-4d87b15c e-con-full e-flex e-con e-child\" data-id=\"4d87b15c\" data-element_type=\"container\" data-e-type=\"container\">\n\t\t\t\t<div class=\"elementor-element elementor-element-2214207f elementor-widget elementor-widget-heading\" data-id=\"2214207f\" data-element_type=\"widget\" data-e-type=\"widget\" data-widget_type=\"heading.default\">\n\t\t\t\t<div class=\"elementor-widget-container\">\n\t\t\t\t\t<h1 class=\"elementor-heading-title elementor-size-default\">Facial Dermaplaning Treatment in Puerto Ban\u00fas, Marbella\n<\/h1>\t\t\t\t<\/div>\n\t\t\t\t<\/div>\n\t\t\t\t<\/div>\n\t\t\t\t\t<\/div>\n\t\t\t\t<\/div>\n\t\t<div class=\"elementor-element elementor-element-767d1ba7 e-flex e-con-boxed e-con e-parent\" data-id=\"767d1ba7\" data-element_type=\"container\" data-e-type=\"container\" data-settings=\"{&quot;background_background&quot;:&quot;classic&quot;}\">\n\t\t\t\t\t<div class=\"e-con-inner\">\n\t\t<div class=\"elementor-element elementor-element-3231b26c e-con-full e-flex e-con e-child\" data-id=\"3231b26c\" data-element_type=\"container\" data-e-type=\"container\">\n\t\t\t\t<div class=\"elementor-element elementor-element-caad348 elementor-widget elementor-widget-image\" data-id=\"caad348\" data-element_type=\"widget\" data-e-type=\"widget\" data-widget_type=\"image.default\">\n\t\t\t\t<div class=\"elementor-widget-container\">\n\t\t\t\t\t\t\t\t\t\t\t\t\t\t\t<img fetchpriority=\"high\" decoding=\"async\" width=\"1200\" height=\"800\" src=\"https:\/\/ebabeauty-marbella.es\/wp-content\/uploads\/2025\/11\/DERMAPLANING.jpg\" class=\"attachment-full size-full wp-image-3569\" alt=\"\" srcset=\"https:\/\/ebabeauty-marbella.es\/wp-content\/uploads\/2025\/11\/DERMAPLANING.jpg 1200w, https:\/\/ebabeauty-marbella.es\/wp-content\/uploads\/2025\/11\/DERMAPLANING-300x200.jpg 300w, https:\/\/ebabeauty-marbella.es\/wp-content\/uploads\/2025\/11\/DERMAPLANING-1024x683.jpg 1024w, https:\/\/ebabeauty-marbella.es\/wp-content\/uploads\/2025\/11\/DERMAPLANING-768x512.jpg 768w\" sizes=\"(max-width: 1200px) 100vw, 1200px\" \/>\t\t\t\t\t\t\t\t\t\t\t\t\t\t\t<\/div>\n\t\t\t\t<\/div>\n\t\t\t\t<\/div>\n\t\t<div class=\"elementor-element elementor-element-798a3ae9 e-con-full e-flex e-con e-child\" data-id=\"798a3ae9\" data-element_type=\"container\" data-e-type=\"container\">\n\t\t\t\t<div class=\"elementor-element elementor-element-16a8cad3 elementor-headline--style-highlight elementor-widget elementor-widget-animated-headline\" data-id=\"16a8cad3\" data-element_type=\"widget\" data-e-type=\"widget\" data-settings=\"{&quot;highlighted_text&quot;:&quot;40-60 min&quot;,&quot;headline_style&quot;:&quot;highlight&quot;,&quot;marker&quot;:&quot;circle&quot;,&quot;loop&quot;:&quot;yes&quot;,&quot;highlight_animation_duration&quot;:1200,&quot;highlight_iteration_delay&quot;:8000}\" data-widget_type=\"animated-headline.default\">\n\t\t\t\t<div class=\"elementor-widget-container\">\n\t\t\t\t\t\t\t<p class=\"elementor-headline\">\n\t\t\t\t\t<span class=\"elementor-headline-plain-text elementor-headline-text-wrapper\">Duration<\/span>\n\t\t\t\t<span class=\"elementor-headline-dynamic-wrapper elementor-headline-text-wrapper\">\n\t\t\t\t\t<span class=\"elementor-headline-dynamic-text elementor-headline-text-active\">40-60 min<\/span>\n\t\t\t\t<\/span>\n\t\t\t\t<\/p>\n\t\t\t\t\t\t<\/div>\n\t\t\t\t<\/div>\n\t\t\t\t<div class=\"elementor-element elementor-element-506730f8 elementor-widget elementor-widget-heading\" data-id=\"506730f8\" data-element_type=\"widget\" data-e-type=\"widget\" data-widget_type=\"heading.default\">\n\t\t\t\t<div class=\"elementor-widget-container\">\n\t\t\t\t\t<h2 class=\"elementor-heading-title elementor-size-default\">Facial Dermaplaning <\/h2>\t\t\t\t<\/div>\n\t\t\t\t<\/div>\n\t\t\t\t<div class=\"elementor-element elementor-element-75bf3318 elementor-widget elementor-widget-text-editor\" data-id=\"75bf3318\" data-element_type=\"widget\" data-e-type=\"widget\" data-widget_type=\"text-editor.default\">\n\t\t\t\t<div class=\"elementor-widget-container\">\n\t\t\t\t\t\t\t\t\t<p><strong>Facial Dermaplaning<\/strong>\u00a0is the most requested cell renewal procedure in New York and is performed in the sterile environment of an esthetician\u2019s office. Go over the dermis with a special, fine, sterile, surgical dermaplaning blade that will remove fine lint and facial hair, as well as layers of dead cells.<\/p><p>The buildup of dead skin can clog pores and hair follicles, causing breakouts and preventing skin care products from penetrating the skin, so exfoliation is essential to maintaining a glowing, blemish-free complexion.<\/p>\t\t\t\t\t\t\t\t<\/div>\n\t\t\t\t<\/div>\n\t\t\t\t<div class=\"elementor-element elementor-element-17035cdd elementor-widget elementor-widget-heading\" data-id=\"17035cdd\" data-element_type=\"widget\" data-e-type=\"widget\" data-widget_type=\"heading.default\">\n\t\t\t\t<div class=\"elementor-widget-container\">\n\t\t\t\t\t<h2 class=\"elementor-heading-title elementor-size-default\">Cuidado posterior\n<\/h2>\t\t\t\t<\/div>\n\t\t\t\t<\/div>\n\t\t\t\t<div class=\"elementor-element elementor-element-442d267b elementor-widget elementor-widget-text-editor\" data-id=\"442d267b\" data-element_type=\"widget\" data-e-type=\"widget\" data-widget_type=\"text-editor.default\">\n\t\t\t\t<div class=\"elementor-widget-container\">\n\t\t\t\t\t\t\t\t\t<ul><li data-start=\"819\" data-end=\"895\"><p data-start=\"0\" data-end=\"74\">Apply a rich cream and serums with hyaluronic acid, vitamin C, or retinol.<\/p><p data-start=\"76\" data-end=\"137\" data-is-last-node=\"\" data-is-only-node=\"\">Use SPF 50 sunscreen on the face, reapplying every 2\u20133 hours.<\/p><\/li><\/ul>\t\t\t\t\t\t\t\t<\/div>\n\t\t\t\t<\/div>\n\t\t\t\t<div class=\"elementor-element elementor-element-2c4249fa elementor-widget elementor-widget-heading\" data-id=\"2c4249fa\" data-element_type=\"widget\" data-e-type=\"widget\" data-widget_type=\"heading.default\">\n\t\t\t\t<div class=\"elementor-widget-container\">\n\t\t\t\t\t<h2 class=\"elementor-heading-title elementor-size-default\">Recommended frequency <\/h2>\t\t\t\t<\/div>\n\t\t\t\t<\/div>\n\t\t\t\t<div class=\"elementor-element elementor-element-4cafc365 elementor-widget elementor-widget-text-editor\" data-id=\"4cafc365\" data-element_type=\"widget\" data-e-type=\"widget\" data-widget_type=\"text-editor.default\">\n\t\t\t\t<div class=\"elementor-widget-container\">\n\t\t\t\t\t\t\t\t\t<ul><li data-start=\"1004\" data-end=\"1026\"><article class=\"text-token-text-primary w-full focus:outline-none [--shadow-height:45px] has-data-writing-block:pointer-events-none has-data-writing-block:-mt-(--shadow-height) has-data-writing-block:pt-(--shadow-height) [&amp;:has([data-writing-block])&gt;*]:pointer-events-auto [content-visibility:auto] supports-[content-visibility:auto]:[contain-intrinsic-size:auto_100lvh] scroll-mt-[calc(var(--header-height)+min(200px,max(70px,20svh)))]\" dir=\"auto\" tabindex=\"-1\" data-turn-id=\"request-WEB:e408c850-c3f5-4962-853e-30d04608c6cf-1\" data-testid=\"conversation-turn-4\" data-scroll-anchor=\"true\" data-turn=\"assistant\"><div class=\"text-base my-auto mx-auto pb-10 [--thread-content-margin:--spacing(4)] thread-sm:[--thread-content-margin:--spacing(6)] thread-lg:[--thread-content-margin:--spacing(16)] px-(--thread-content-margin)\"><div class=\"[--thread-content-max-width:40rem] thread-lg:[--thread-content-max-width:48rem] mx-auto max-w-(--thread-content-max-width) flex-1 group\/turn-messages focus-visible:outline-hidden relative flex w-full min-w-0 flex-col agent-turn\" tabindex=\"-1\"><div class=\"flex max-w-full flex-col grow\"><div class=\"min-h-8 text-message relative flex w-full flex-col items-end gap-2 text-start break-words whitespace-normal [.text-message+&amp;]:mt-1\" dir=\"auto\" data-message-author-role=\"assistant\" data-message-id=\"fdfe3edb-1d2d-4a50-8ca8-470ce175a60a\" data-message-model-slug=\"gpt-5-1\"><div class=\"flex w-full flex-col gap-1 empty:hidden first:pt-[1px]\"><div class=\"markdown prose dark:prose-invert w-full break-words light markdown-new-styling\"><p data-start=\"0\" data-end=\"54\" data-is-last-node=\"\" data-is-only-node=\"\">Mature skin: monthly<br data-start=\"20\" data-end=\"23\" \/>Sensitive skin: every 6\u20138 weeks<\/p><\/div><\/div><\/div><\/div><\/div><\/div><\/article><\/li><\/ul>\t\t\t\t\t\t\t\t<\/div>\n\t\t\t\t<\/div>\n\t\t\t\t<\/div>\n\t\t\t\t\t<\/div>\n\t\t\t\t<\/div>\n\t\t<div class=\"elementor-element elementor-element-2bfc4d98 e-flex e-con-boxed e-con e-parent\" data-id=\"2bfc4d98\" data-element_type=\"container\" data-e-type=\"container\" data-settings=\"{&quot;background_background&quot;:&quot;classic&quot;}\">\n\t\t\t\t\t<div class=\"e-con-inner\">\n\t\t<div class=\"elementor-element elementor-element-5acfcb12 e-con-full e-flex e-con e-child\" data-id=\"5acfcb12\" data-element_type=\"container\" data-e-type=\"container\" data-settings=\"{&quot;background_background&quot;:&quot;classic&quot;}\">\n\t\t\t\t<div class=\"elementor-element elementor-element-19ca4021 elementor-widget elementor-widget-heading\" data-id=\"19ca4021\" data-element_type=\"widget\" data-e-type=\"widget\" data-widget_type=\"heading.default\">\n\t\t\t\t<div class=\"elementor-widget-container\">\n\t\t\t\t\t<h1 class=\"elementor-heading-title elementor-size-default\">NUESTROS PRECIOS<\/h1>\t\t\t\t<\/div>\n\t\t\t\t<\/div>\n\t\t\t\t<div class=\"elementor-element elementor-element-539423f7 elementor-widget-tablet__width-inherit elementor-widget-mobile__width-inherit elementor-widget elementor-widget-text-editor\" data-id=\"539423f7\" data-element_type=\"widget\" data-e-type=\"widget\" data-widget_type=\"text-editor.default\">\n\t\t\t\t<div class=\"elementor-widget-container\">\n\t\t\t\t\t\t\t\t\t<p>Consulta aqu\u00ed todos nuestros tratamientos faciales y corporales, con descripciones completas en espa\u00f1ol.<\/p>\t\t\t\t\t\t\t\t<\/div>\n\t\t\t\t<\/div>\n\t\t\t\t<div class=\"elementor-element elementor-element-3da3797b elementor-widget elementor-widget-eael-creative-button\" data-id=\"3da3797b\" data-element_type=\"widget\" data-e-type=\"widget\" data-widget_type=\"eael-creative-button.default\">\n\t\t\t\t<div class=\"elementor-widget-container\">\n\t\t\t\t\t        <div class=\"eael-creative-button-wrapper\">\n\n            <a class=\"eael-creative-button eael-creative-button--default eael-cb-icon-position-\" href=\"https:\/\/drive.google.com\/file\/d\/1qvdYEg1_oRidfXoLaoZMZqZ8m32pdfkw\/view\" data-text=\"Go!\">\n            \t    \n                <div class=\"creative-button-inner\">\n\n                    \n                    <span class=\"cretive-button-text\">CONOCE NUESTROS PRECIOS<\/span>\n\n                                    <\/div>\n\t                        <\/a>\n        <\/div>\n        \t\t\t\t<\/div>\n\t\t\t\t<\/div>\n\t\t\t\t<\/div>\n\t\t<div class=\"elementor-element elementor-element-3129fb06 e-con-full e-flex e-con e-child\" data-id=\"3129fb06\" data-element_type=\"container\" data-e-type=\"container\" data-settings=\"{&quot;background_background&quot;:&quot;classic&quot;}\">\n\t\t\t\t<div class=\"elementor-element elementor-element-7118bdfc elementor-widget elementor-widget-heading\" data-id=\"7118bdfc\" data-element_type=\"widget\" data-e-type=\"widget\" data-widget_type=\"heading.default\">\n\t\t\t\t<div class=\"elementor-widget-container\">\n\t\t\t\t\t<h1 class=\"elementor-heading-title elementor-size-default\">OUR PRICES<\/h1>\t\t\t\t<\/div>\n\t\t\t\t<\/div>\n\t\t\t\t<div class=\"elementor-element elementor-element-411e3f36 elementor-widget-tablet__width-inherit elementor-widget-mobile__width-inherit elementor-widget elementor-widget-text-editor\" data-id=\"411e3f36\" data-element_type=\"widget\" data-e-type=\"widget\" data-widget_type=\"text-editor.default\">\n\t\t\t\t<div class=\"elementor-widget-container\">\n\t\t\t\t\t\t\t\t\t<p>View all our facial and body treatments with full descriptions in English.<\/p>\t\t\t\t\t\t\t\t<\/div>\n\t\t\t\t<\/div>\n\t\t\t\t<div class=\"elementor-element elementor-element-5c251097 elementor-widget elementor-widget-eael-creative-button\" data-id=\"5c251097\" data-element_type=\"widget\" data-e-type=\"widget\" data-widget_type=\"eael-creative-button.default\">\n\t\t\t\t<div class=\"elementor-widget-container\">\n\t\t\t\t\t        <div class=\"eael-creative-button-wrapper\">\n\n            <a class=\"eael-creative-button eael-creative-button--default eael-cb-icon-position-\" href=\"https:\/\/drive.google.com\/file\/d\/1Ez8UV6GwjIoLLSsFpS1G-8OagfSUippi\/view?usp=sharing\" data-text=\"Go!\">\n            \t    \n                <div class=\"creative-button-inner\">\n\n                    \n                    <span class=\"cretive-button-text\">CHECK OUT OUR PRICES<\/span>\n\n                                    <\/div>\n\t                        <\/a>\n        <\/div>\n        \t\t\t\t<\/div>\n\t\t\t\t<\/div>\n\t\t\t\t<\/div>\n\t\t\t\t\t<\/div>\n\t\t\t\t<\/div>\n\t\t\t\t<\/div>\n\t\t","protected":false},"excerpt":{"rendered":"<p>Facial Dermaplaning Treatment in Puerto Ban\u00fas, Marbella Duration 40-60 min Facial Dermaplaning Facial Dermaplaning\u00a0is the most requested cell renewal procedure [&hellip;]<\/p>\n","protected":false},"author":3,"featured_media":0,"parent":0,"menu_order":0,"comment_status":"closed","ping_status":"closed","template":"","meta":{"site-sidebar-layout":"default","site-content-layout":"","ast-site-content-layout":"default","site-content-style":"default","site-sidebar-style":"default","ast-global-header-display":"","ast-banner-title-visibility":"","ast-main-header-display":"","ast-hfb-above-header-display":"","ast-hfb-below-header-display":"","ast-hfb-mobile-header-display":"","site-post-title":"disabled","ast-breadcrumbs-content":"","ast-featured-img":"","footer-sml-layout":"","ast-disable-related-posts":"","theme-transparent-header-meta":"","adv-header-id-meta":"","stick-header-meta":"","header-above-stick-meta":"","header-main-stick-meta":"","header-below-stick-meta":"","astra-migrate-meta-layouts":"default","ast-page-background-enabled":"default","ast-page-background-meta":{"desktop":{"background-color":"var(--ast-global-color-5)","background-image":"","background-repeat":"repeat","background-position":"center center","background-size":"auto","background-attachment":"scroll","background-type":"","background-media":"","overlay-type":"","overlay-color":"","overlay-opacity":"","overlay-gradient":""},"tablet":{"background-color":"","background-image":"","background-repeat":"repeat","background-position":"center center","background-size":"auto","background-attachment":"scroll","background-type":"","background-media":"","overlay-type":"","overlay-color":"","overlay-opacity":"","overlay-gradient":""},"mobile":{"background-color":"","background-image":"","background-repeat":"repeat","background-position":"center center","background-size":"auto","background-attachment":"scroll","background-type":"","background-media":"","overlay-type":"","overlay-color":"","overlay-opacity":"","overlay-gradient":""}},"ast-content-background-meta":{"desktop":{"background-color":"var(--ast-global-color-4)","background-image":"","background-repeat":"repeat","background-position":"center center","background-size":"auto","background-attachment":"scroll","background-type":"","background-media":"","overlay-type":"","overlay-color":"","overlay-opacity":"","overlay-gradient":""},"tablet":{"background-color":"var(--ast-global-color-4)","background-image":"","background-repeat":"repeat","background-position":"center center","background-size":"auto","background-attachment":"scroll","background-type":"","background-media":"","overlay-type":"","overlay-color":"","overlay-opacity":"","overlay-gradient":""},"mobile":{"background-color":"var(--ast-global-color-4)","background-image":"","background-repeat":"repeat","background-position":"center center","background-size":"auto","background-attachment":"scroll","background-type":"","background-media":"","overlay-type":"","overlay-color":"","overlay-opacity":"","overlay-gradient":""}},"_joinchat":[],"footnotes":""},"class_list":["post-1017","page","type-page","status-publish","hentry"],"yoast_head":"<!-- This site is optimized with the Yoast SEO plugin v27.5 - https:\/\/yoast.com\/product\/yoast-seo-wordpress\/ -->\n<title>Facial Dermaplaning in Puerto Ban\u00fas, Marbella | Eba Beauty<\/title>\n<meta name=\"description\" content=\"Facial dermaplaning is non-invasive, 100% safe, has no side effects and is loved by celebrities. Make your appointment or contact us.\" \/>\n<meta name=\"robots\" content=\"index, follow, max-snippet:-1, max-image-preview:large, max-video-preview:-1\" \/>\n<link rel=\"canonical\" href=\"https:\/\/ebabeauty-marbella.es\/dermaplaning-facial\/\" \/>\n<meta property=\"og:locale\" content=\"en_US\" \/>\n<meta property=\"og:type\" content=\"article\" \/>\n<meta property=\"og:title\" content=\"Facial Dermaplaning in Puerto Ban\u00fas, Marbella | Eba Beauty\" \/>\n<meta property=\"og:description\" content=\"Facial dermaplaning is non-invasive, 100% safe, has no side effects and is loved by celebrities. Make your appointment or contact us.\" \/>\n<meta property=\"og:url\" content=\"https:\/\/ebabeauty-marbella.es\/dermaplaning-facial\/\" \/>\n<meta property=\"og:site_name\" content=\"Centro de Est\u00e9tica Eba Beauty\" \/>\n<meta property=\"article:publisher\" content=\"https:\/\/www.facebook.com\/ebabeauty.marbella\" \/>\n<meta property=\"article:modified_time\" content=\"2025-11-25T15:07:49+00:00\" \/>\n<meta property=\"og:image\" content=\"https:\/\/ebabeauty-marbella.es\/wp-content\/uploads\/2025\/11\/DERMAPLANING.jpg\" \/>\n\t<meta property=\"og:image:width\" content=\"1200\" \/>\n\t<meta property=\"og:image:height\" content=\"800\" \/>\n\t<meta property=\"og:image:type\" content=\"image\/jpeg\" \/>\n<meta name=\"twitter:card\" content=\"summary_large_image\" \/>\n<meta name=\"twitter:label1\" content=\"Est. reading time\" \/>\n\t<meta name=\"twitter:data1\" content=\"1 minute\" \/>\n<script type=\"application\/ld+json\" class=\"yoast-schema-graph\">{\"@context\":\"https:\\\/\\\/schema.org\",\"@graph\":[{\"@type\":\"WebPage\",\"@id\":\"https:\\\/\\\/ebabeauty-marbella.es\\\/dermaplaning-facial\\\/\",\"url\":\"https:\\\/\\\/ebabeauty-marbella.es\\\/dermaplaning-facial\\\/\",\"name\":\"Facial Dermaplaning in Puerto Ban\u00fas, Marbella | Eba Beauty\",\"isPartOf\":{\"@id\":\"https:\\\/\\\/ebabeauty-marbella.es\\\/#website\"},\"primaryImageOfPage\":{\"@id\":\"https:\\\/\\\/ebabeauty-marbella.es\\\/dermaplaning-facial\\\/#primaryimage\"},\"image\":{\"@id\":\"https:\\\/\\\/ebabeauty-marbella.es\\\/dermaplaning-facial\\\/#primaryimage\"},\"thumbnailUrl\":\"https:\\\/\\\/ebabeauty-marbella.es\\\/wp-content\\\/uploads\\\/2025\\\/11\\\/DERMAPLANING.jpg\",\"datePublished\":\"2024-09-27T10:44:57+00:00\",\"dateModified\":\"2025-11-25T15:07:49+00:00\",\"description\":\"Facial dermaplaning is non-invasive, 100% safe, has no side effects and is loved by celebrities. Make your appointment or contact us.\",\"breadcrumb\":{\"@id\":\"https:\\\/\\\/ebabeauty-marbella.es\\\/dermaplaning-facial\\\/#breadcrumb\"},\"inLanguage\":\"en-US\",\"potentialAction\":[{\"@type\":\"ReadAction\",\"target\":[\"https:\\\/\\\/ebabeauty-marbella.es\\\/dermaplaning-facial\\\/\"]}]},{\"@type\":\"ImageObject\",\"inLanguage\":\"en-US\",\"@id\":\"https:\\\/\\\/ebabeauty-marbella.es\\\/dermaplaning-facial\\\/#primaryimage\",\"url\":\"https:\\\/\\\/ebabeauty-marbella.es\\\/wp-content\\\/uploads\\\/2025\\\/11\\\/DERMAPLANING.jpg\",\"contentUrl\":\"https:\\\/\\\/ebabeauty-marbella.es\\\/wp-content\\\/uploads\\\/2025\\\/11\\\/DERMAPLANING.jpg\"},{\"@type\":\"BreadcrumbList\",\"@id\":\"https:\\\/\\\/ebabeauty-marbella.es\\\/dermaplaning-facial\\\/#breadcrumb\",\"itemListElement\":[{\"@type\":\"ListItem\",\"position\":1,\"name\":\"Portada\",\"item\":\"https:\\\/\\\/ebabeauty-marbella.es\\\/\"},{\"@type\":\"ListItem\",\"position\":2,\"name\":\"Facial Dermaplaning\"}]},{\"@type\":\"WebSite\",\"@id\":\"https:\\\/\\\/ebabeauty-marbella.es\\\/#website\",\"url\":\"https:\\\/\\\/ebabeauty-marbella.es\\\/\",\"name\":\"Centro de Est\u00e9tica Eba Beauty en Puerto Ban\u00fas\",\"description\":\"Centro de Est\u00e9tica en Puerto Ban\u00fas, Marbella\",\"publisher\":{\"@id\":\"https:\\\/\\\/ebabeauty-marbella.es\\\/#\\\/schema\\\/person\\\/785ea009c95ea9dd674d2352df8cde55\"},\"alternateName\":\"Centro de Est\u00e9tica EBA BEAUTY de Elena Badini\",\"potentialAction\":[{\"@type\":\"SearchAction\",\"target\":{\"@type\":\"EntryPoint\",\"urlTemplate\":\"https:\\\/\\\/ebabeauty-marbella.es\\\/?s={search_term_string}\"},\"query-input\":{\"@type\":\"PropertyValueSpecification\",\"valueRequired\":true,\"valueName\":\"search_term_string\"}}],\"inLanguage\":\"en-US\"},{\"@type\":[\"Person\",\"Organization\"],\"@id\":\"https:\\\/\\\/ebabeauty-marbella.es\\\/#\\\/schema\\\/person\\\/785ea009c95ea9dd674d2352df8cde55\",\"name\":\"Elena Badini\",\"image\":{\"@type\":\"ImageObject\",\"inLanguage\":\"en-US\",\"@id\":\"https:\\\/\\\/ebabeauty-marbella.es\\\/wp-content\\\/uploads\\\/2024\\\/06\\\/logo-ebabeauty.webp\",\"url\":\"https:\\\/\\\/ebabeauty-marbella.es\\\/wp-content\\\/uploads\\\/2024\\\/06\\\/logo-ebabeauty.webp\",\"contentUrl\":\"https:\\\/\\\/ebabeauty-marbella.es\\\/wp-content\\\/uploads\\\/2024\\\/06\\\/logo-ebabeauty.webp\",\"width\":600,\"height\":329,\"caption\":\"Elena Badini\"},\"logo\":{\"@id\":\"https:\\\/\\\/ebabeauty-marbella.es\\\/wp-content\\\/uploads\\\/2024\\\/06\\\/logo-ebabeauty.webp\"},\"sameAs\":[\"https:\\\/\\\/pruebas2.mironeros.es\",\"https:\\\/\\\/www.facebook.com\\\/ebabeauty.marbella\",\"https:\\\/\\\/www.instagram.com\\\/eba_beauty_marbella\\\/\"]}]}<\/script>\n<!-- \/ Yoast SEO plugin. -->","yoast_head_json":{"title":"Facial Dermaplaning in Puerto Ban\u00fas, Marbella | Eba Beauty","description":"Facial dermaplaning is non-invasive, 100% safe, has no side effects and is loved by celebrities. Make your appointment or contact us.","robots":{"index":"index","follow":"follow","max-snippet":"max-snippet:-1","max-image-preview":"max-image-preview:large","max-video-preview":"max-video-preview:-1"},"canonical":"https:\/\/ebabeauty-marbella.es\/dermaplaning-facial\/","og_locale":"en_US","og_type":"article","og_title":"Facial Dermaplaning in Puerto Ban\u00fas, Marbella | Eba Beauty","og_description":"Facial dermaplaning is non-invasive, 100% safe, has no side effects and is loved by celebrities. Make your appointment or contact us.","og_url":"https:\/\/ebabeauty-marbella.es\/dermaplaning-facial\/","og_site_name":"Centro de Est\u00e9tica Eba Beauty","article_publisher":"https:\/\/www.facebook.com\/ebabeauty.marbella","article_modified_time":"2025-11-25T15:07:49+00:00","og_image":[{"width":1200,"height":800,"url":"https:\/\/ebabeauty-marbella.es\/wp-content\/uploads\/2025\/11\/DERMAPLANING.jpg","type":"image\/jpeg"}],"twitter_card":"summary_large_image","twitter_misc":{"Est. reading time":"1 minute"},"schema":{"@context":"https:\/\/schema.org","@graph":[{"@type":"WebPage","@id":"https:\/\/ebabeauty-marbella.es\/dermaplaning-facial\/","url":"https:\/\/ebabeauty-marbella.es\/dermaplaning-facial\/","name":"Facial Dermaplaning in Puerto Ban\u00fas, Marbella | Eba Beauty","isPartOf":{"@id":"https:\/\/ebabeauty-marbella.es\/#website"},"primaryImageOfPage":{"@id":"https:\/\/ebabeauty-marbella.es\/dermaplaning-facial\/#primaryimage"},"image":{"@id":"https:\/\/ebabeauty-marbella.es\/dermaplaning-facial\/#primaryimage"},"thumbnailUrl":"https:\/\/ebabeauty-marbella.es\/wp-content\/uploads\/2025\/11\/DERMAPLANING.jpg","datePublished":"2024-09-27T10:44:57+00:00","dateModified":"2025-11-25T15:07:49+00:00","description":"Facial dermaplaning is non-invasive, 100% safe, has no side effects and is loved by celebrities. Make your appointment or contact us.","breadcrumb":{"@id":"https:\/\/ebabeauty-marbella.es\/dermaplaning-facial\/#breadcrumb"},"inLanguage":"en-US","potentialAction":[{"@type":"ReadAction","target":["https:\/\/ebabeauty-marbella.es\/dermaplaning-facial\/"]}]},{"@type":"ImageObject","inLanguage":"en-US","@id":"https:\/\/ebabeauty-marbella.es\/dermaplaning-facial\/#primaryimage","url":"https:\/\/ebabeauty-marbella.es\/wp-content\/uploads\/2025\/11\/DERMAPLANING.jpg","contentUrl":"https:\/\/ebabeauty-marbella.es\/wp-content\/uploads\/2025\/11\/DERMAPLANING.jpg"},{"@type":"BreadcrumbList","@id":"https:\/\/ebabeauty-marbella.es\/dermaplaning-facial\/#breadcrumb","itemListElement":[{"@type":"ListItem","position":1,"name":"Portada","item":"https:\/\/ebabeauty-marbella.es\/"},{"@type":"ListItem","position":2,"name":"Facial Dermaplaning"}]},{"@type":"WebSite","@id":"https:\/\/ebabeauty-marbella.es\/#website","url":"https:\/\/ebabeauty-marbella.es\/","name":"Centro de Est\u00e9tica Eba Beauty en Puerto Ban\u00fas","description":"Centro de Est\u00e9tica en Puerto Ban\u00fas, Marbella","publisher":{"@id":"https:\/\/ebabeauty-marbella.es\/#\/schema\/person\/785ea009c95ea9dd674d2352df8cde55"},"alternateName":"Centro de Est\u00e9tica EBA BEAUTY de Elena Badini","potentialAction":[{"@type":"SearchAction","target":{"@type":"EntryPoint","urlTemplate":"https:\/\/ebabeauty-marbella.es\/?s={search_term_string}"},"query-input":{"@type":"PropertyValueSpecification","valueRequired":true,"valueName":"search_term_string"}}],"inLanguage":"en-US"},{"@type":["Person","Organization"],"@id":"https:\/\/ebabeauty-marbella.es\/#\/schema\/person\/785ea009c95ea9dd674d2352df8cde55","name":"Elena Badini","image":{"@type":"ImageObject","inLanguage":"en-US","@id":"https:\/\/ebabeauty-marbella.es\/wp-content\/uploads\/2024\/06\/logo-ebabeauty.webp","url":"https:\/\/ebabeauty-marbella.es\/wp-content\/uploads\/2024\/06\/logo-ebabeauty.webp","contentUrl":"https:\/\/ebabeauty-marbella.es\/wp-content\/uploads\/2024\/06\/logo-ebabeauty.webp","width":600,"height":329,"caption":"Elena Badini"},"logo":{"@id":"https:\/\/ebabeauty-marbella.es\/wp-content\/uploads\/2024\/06\/logo-ebabeauty.webp"},"sameAs":["https:\/\/pruebas2.mironeros.es","https:\/\/www.facebook.com\/ebabeauty.marbella","https:\/\/www.instagram.com\/eba_beauty_marbella\/"]}]}},"_links":{"self":[{"href":"https:\/\/ebabeauty-marbella.es\/en\/wp-json\/wp\/v2\/pages\/1017","targetHints":{"allow":["GET"]}}],"collection":[{"href":"https:\/\/ebabeauty-marbella.es\/en\/wp-json\/wp\/v2\/pages"}],"about":[{"href":"https:\/\/ebabeauty-marbella.es\/en\/wp-json\/wp\/v2\/types\/page"}],"author":[{"embeddable":true,"href":"https:\/\/ebabeauty-marbella.es\/en\/wp-json\/wp\/v2\/users\/3"}],"replies":[{"embeddable":true,"href":"https:\/\/ebabeauty-marbella.es\/en\/wp-json\/wp\/v2\/comments?post=1017"}],"version-history":[{"count":12,"href":"https:\/\/ebabeauty-marbella.es\/en\/wp-json\/wp\/v2\/pages\/1017\/revisions"}],"predecessor-version":[{"id":4157,"href":"https:\/\/ebabeauty-marbella.es\/en\/wp-json\/wp\/v2\/pages\/1017\/revisions\/4157"}],"wp:attachment":[{"href":"https:\/\/ebabeauty-marbella.es\/en\/wp-json\/wp\/v2\/media?parent=1017"}],"curies":[{"name":"wp","href":"https:\/\/api.w.org\/{rel}","templated":true}]}}